{"id":33308,"date":"2026-04-02T13:08:38","date_gmt":"2026-04-02T13:08:38","guid":{"rendered":"https:\/\/narizvermelho.pt\/?post_type=product&#038;p=33308"},"modified":"2026-04-13T11:52:27","modified_gmt":"2026-04-13T11:52:27","slug":"t-shirt-solidaria-operacao-nariz-vermelho","status":"publish","type":"product","link":"https:\/\/narizvermelho.pt\/en\/produto\/t-shirt-solidaria-operacao-nariz-vermelho\/","title":{"rendered":"T-shirt solid\u00e1ria Opera\u00e7\u00e3o Nariz Vermelho"},"content":{"rendered":"<p style=\"text-align: center\">\ud83d\udce6\ud83d\ude9b<strong>Portes de envio gratuitos em encomendas no valor igual ou superior a 4,00\u20ac\u00a0 gra\u00e7as ao apoio do nosso parceiro:<\/strong><\/p>\n<p><a href=\"https:\/\/torrestir.com\/\"><img loading=\"lazy\" decoding=\"async\" class=\"size-full wp-image-11177 aligncenter\" src=\"https:\/\/narizvermelho.pt\/wp-content\/uploads\/2023\/11\/Logotipo-pequeno-Torrestir.png\" alt=\"\" width=\"140\" height=\"47\" \/><\/a><\/p>\n<p style=\"text-align: center\">Prazo de entrega : De 2 a 10 dias \u00fateis.<\/p>\n<p style=\"text-align: center\"><strong>\ud83d\udea8N\u00c3O FAZEMOS ENTREGAS EM APARTADOS\ud83d\udea8<\/strong><\/p>\n<p style=\"text-align: center\"><em><strong>100% da receita reverte a favor da nossa miss\u00e3o!<\/strong><\/em><\/p>\n<h3 style=\"text-align: center\"><strong>\ud83d\udd34 Compra m\u00ednima de 4\u20ac <\/strong><strong>\ud83d\udd34<\/strong><\/h3>\n<p>Antes de finalizar a sua encomenda, h\u00e1 um pequeno (mas importante) detalhe: o valor total tem de ser <strong>igual ou superior a 4\u20ac<\/strong>.<\/p>\n<p>\u2753 <strong>Porqu\u00ea?<\/strong><\/p>\n<p>\ud83d\udc49 Porque apesar do nosso parceiro de distribui\u00e7\u00e3o, a empresa TORRESTIR, oferecer os portes de envio (sim, s\u00e3o I-N-C-R-I-V-E-I-S! \ud83d\ude9b\ud83d\udca8), cada encomenda tem custos fixos e, ao atingir este valor m\u00ednimo, ajuda-nos a manter este projeto de p\u00e9 (e de nariz no ar!).<\/p>\n<p>Se o seu carrinho ainda n\u00e3o chegou aos 4\u20ac, espreite os nossos produtos solid\u00e1rios e aproveite para meter mais um na cesta. Vai ver que vale a pena!<\/p>\n<p>Se ainda assim , quiser mesmo fazer uma encomenda inferior a 4,00\u20ac, pode faz\u00ea-lo, \u00a0enviado um email para <a href=\"mailto:lojinha@narizvermelho.pt\">lojinha@narizvermelho.pt<\/a> e ap\u00f3s nosso contacto e agendamento pr\u00e9vio, poder\u00e1 levantar a encomenda pessoalmente na nossa sede em:<\/p>\n<p>Rua Jos\u00e9 Galhardo , n.7 Cave Dta 1750-131Lisbo<\/p>\n","protected":false},"excerpt":{"rendered":"<p>&nbsp;<\/p>\n<h3 style=\"text-align: center\">\ud83d\udea8ATEN\u00c7\u00c3O \ud83d\udea8<\/h3>\n<h3 style=\"text-align: center\"><span style=\"color: #ff0000\">T-SHIRT&#8217;S APENAS DISPON\u00cdVEIS A PARTIR DE DIA 2 DE MAIO<\/span><\/h3>\n<p>Depois de muitos anos de espera \u2014 e de muitas sugest\u00f5es e insist\u00eancias \u2014 a nova t-shirt oficial da Opera\u00e7\u00e3o Nariz Vermelho chegou finalmente. E valeu a pena esperar.<\/p>\n<p>Demorou algum tempo, mas foi clinicamente testada e aprovada por especialistas\u2014 e o diagn\u00f3stico \u00e9: 100% algod\u00e3o, 100% alegria, 0% efeitos secund\u00e1rios &#8211;<em>mentimos nesta parte-<\/em>\u00a0pois\u00a0 na verdade, ajudam a levar alegria \u00e0s crian\u00e7as hospitalizadas.<\/p>\n<p>Vista-a no dia a dia e ofere\u00e7a-a a quem mais gosta!<\/p>\n<p><strong>Tamanhos dispon\u00edveis<\/strong> (<em>ver fotos na galeria com respetivas medid<\/em><em>as<\/em>)<strong>:<\/strong><br \/>\n<strong>Crian\u00e7a:<\/strong> dos 4 aos 14 anos<br \/>\n<strong>Adulto:<\/strong> XS, S, M, L, XL<\/p>\n<p><strong>Nota:<\/strong> Pode consultar as quantidades dispon\u00edveis em stock diretamente aqui , ao escolher o tamanho que deseja.\u00a0 Quando escolher o tamanho desejado aparecer\u00e1 a quantidade dispon\u00edvel em stock . Se n\u00e3o n\u00e3o existir , a informa\u00e7\u00e3o aparecer\u00e1 como \u201cEsgotado\u201d.<\/p>\n<p><strong><em>E lembre-se: ao comprar esta t-shirt solid\u00e1ria est\u00e1 a ajudar a Opera\u00e7\u00e3o Nariz Vermelho a levar alegria \u00e0s crian\u00e7as hospitalizadas, \u00e0s suas fam\u00edlias e aos profissionais do hospital. 100% da receita reverte a favor da nossa miss\u00e3o.<\/em><\/strong><\/p>\n<p>&nbsp;<\/p>\n<p>&nbsp;<\/p>\n","protected":false},"featured_media":33310,"comment_status":"open","ping_status":"closed","template":"","meta":{"inline_featured_image":false,"_uag_custom_page_level_css":""},"product_brand":[],"product_cat":[33],"product_tag":[],"class_list":{"0":"post-33308","1":"product","2":"type-product","3":"status-publish","4":"has-post-thumbnail","6":"product_cat-t-shirts","8":"first","9":"outofstock","10":"taxable","11":"shipping-taxable","12":"purchasable","13":"product-type-variable"},"yoast_head":"<!-- This site is optimized with the Yoast SEO plugin v27.3 - https:\/\/yoast.com\/product\/yoast-seo-wordpress\/ -->\n<title>T-shirt solid\u00e1ria Opera\u00e7\u00e3o Nariz Vermelho - Opera\u00e7\u00e3o Nariz Vermelho<\/title>\n<meta name=\"description\" content=\"&nbsp; \ud83d\udea8ATEN\u00c7\u00c3O \ud83d\udea8 T-SHIRT&#039;S APENAS DISPON\u00cdVEIS A PARTIR DE DIA 2 DE MAIO Depois de muitos anos de espera \u2014 e de muitas sugest\u00f5es e insist\u00eancias \u2014 a nova t-shirt oficial da Opera\u00e7\u00e3o Nariz Vermelho chegou finalmente. E valeu a pena esperar.  Demorou algum tempo, mas foi clinicamente testada e aprovada por especialistas\u2014 e o diagn\u00f3stico \u00e9: 100% algod\u00e3o, 100% alegria, 0% efeitos secund\u00e1rios -mentimos nesta parte-\u00a0pois\u00a0 na verdade, ajudam a levar alegria \u00e0s crian\u00e7as hospitalizadas.  Vista-a no dia a dia e ofere\u00e7a-a a quem mais gosta!  Tamanhos dispon\u00edveis (ver fotos na galeria com respetivas medidas): Crian\u00e7a: dos 4 aos 14 anos Adulto: XS, S, M, L, XL  Nota: Pode consultar as quantidades dispon\u00edveis em stock diretamente aqui , ao escolher o tamanho que deseja.\u00a0 Quando escolher o tamanho desejado aparecer\u00e1 a quantidade dispon\u00edvel em stock . Se n\u00e3o n\u00e3o existir , a informa\u00e7\u00e3o aparecer\u00e1 como \u201cEsgotado\u201d.  E lembre-se: ao comprar esta t-shirt solid\u00e1ria est\u00e1 a ajudar a Opera\u00e7\u00e3o Nariz Vermelho a levar alegria \u00e0s crian\u00e7as hospitalizadas, \u00e0s suas fam\u00edlias e aos profissionais do hospital. 100% da receita reverte a favor da nossa miss\u00e3o.  &nbsp;  &nbsp; T-shirt solid\u00e1ria 100% algod\u00e3o. Encomende j\u00e1 online e apoie esta miss\u00e3o.\" \/>\n<meta name=\"robots\" content=\"index, follow, max-snippet:-1, max-image-preview:large, max-video-preview:-1\" \/>\n<link rel=\"canonical\" href=\"https:\/\/narizvermelho.pt\/en\/produto\/t-shirt-solidaria-operacao-nariz-vermelho\/\" \/>\n<meta property=\"og:locale\" content=\"en_US\" \/>\n<meta property=\"og:type\" content=\"article\" \/>\n<meta property=\"og:title\" content=\"T-shirt solid\u00e1ria Opera\u00e7\u00e3o Nariz Vermelho\" \/>\n<meta property=\"og:description\" content=\"T-shirt solid\u00e1ria Opera\u00e7\u00e3o Nariz Vermelho em 100% algod\u00e3o. Tamanhos crian\u00e7a e adulto. . 100% do valor apoia os Doutores Palha\u00e7os. Encomende j\u00e1.\" \/>\n<meta property=\"og:url\" content=\"https:\/\/narizvermelho.pt\/en\/produto\/t-shirt-solidaria-operacao-nariz-vermelho\/\" \/>\n<meta property=\"og:site_name\" content=\"Opera\u00e7\u00e3o Nariz Vermelho\" \/>\n<meta property=\"article:publisher\" content=\"https:\/\/www.facebook.com\/NarizVermelho\/\" \/>\n<meta property=\"article:modified_time\" content=\"2026-04-13T11:52:27+00:00\" \/>\n<meta property=\"og:image\" content=\"https:\/\/narizvermelho.pt\/wp-content\/uploads\/2026\/04\/Lojinha_EstaCamisolaEstaCheiaAlegria-1.png\" \/>\n\t<meta property=\"og:image:width\" content=\"1080\" \/>\n\t<meta property=\"og:image:height\" content=\"1080\" \/>\n\t<meta property=\"og:image:type\" content=\"image\/png\" \/>\n<meta name=\"twitter:card\" content=\"summary_large_image\" \/>\n<meta name=\"twitter:label1\" content=\"Est. reading time\" \/>\n\t<meta name=\"twitter:data1\" content=\"2 minutes\" \/>\n<script type=\"application\/ld+json\" class=\"yoast-schema-graph\">{\"@context\":\"https:\\\/\\\/schema.org\",\"@graph\":[{\"@type\":\"WebPage\",\"@id\":\"https:\\\/\\\/narizvermelho.pt\\\/en\\\/produto\\\/t-shirt-solidaria-operacao-nariz-vermelho\\\/\",\"url\":\"https:\\\/\\\/narizvermelho.pt\\\/en\\\/produto\\\/t-shirt-solidaria-operacao-nariz-vermelho\\\/\",\"name\":\"T-shirt solid\u00e1ria Opera\u00e7\u00e3o Nariz Vermelho - Opera\u00e7\u00e3o Nariz Vermelho\",\"isPartOf\":{\"@id\":\"https:\\\/\\\/narizvermelho.pt\\\/en\\\/#website\"},\"primaryImageOfPage\":{\"@id\":\"https:\\\/\\\/narizvermelho.pt\\\/en\\\/produto\\\/t-shirt-solidaria-operacao-nariz-vermelho\\\/#primaryimage\"},\"image\":{\"@id\":\"https:\\\/\\\/narizvermelho.pt\\\/en\\\/produto\\\/t-shirt-solidaria-operacao-nariz-vermelho\\\/#primaryimage\"},\"thumbnailUrl\":\"https:\\\/\\\/narizvermelho.pt\\\/wp-content\\\/uploads\\\/2026\\\/04\\\/Lojinha_EstaCamisolaEstaCheiaAlegria-1.png\",\"datePublished\":\"2026-04-02T13:08:38+00:00\",\"dateModified\":\"2026-04-13T11:52:27+00:00\",\"description\":\"&nbsp; \ud83d\udea8ATEN\u00c7\u00c3O \ud83d\udea8 T-SHIRT'S APENAS DISPON\u00cdVEIS A PARTIR DE DIA 2 DE MAIO Depois de muitos anos de espera \u2014 e de muitas sugest\u00f5es e insist\u00eancias \u2014 a nova t-shirt oficial da Opera\u00e7\u00e3o Nariz Vermelho chegou finalmente. E valeu a pena esperar. Demorou algum tempo, mas foi clinicamente testada e aprovada por especialistas\u2014 e o diagn\u00f3stico \u00e9: 100% algod\u00e3o, 100% alegria, 0% efeitos secund\u00e1rios -mentimos nesta parte-\u00a0pois\u00a0 na verdade, ajudam a levar alegria \u00e0s crian\u00e7as hospitalizadas. Vista-a no dia a dia e ofere\u00e7a-a a quem mais gosta! Tamanhos dispon\u00edveis (ver fotos na galeria com respetivas medidas): Crian\u00e7a: dos 4 aos 14 anos Adulto: XS, S, M, L, XL Nota: Pode consultar as quantidades dispon\u00edveis em stock diretamente aqui , ao escolher o tamanho que deseja.\u00a0 Quando escolher o tamanho desejado aparecer\u00e1 a quantidade dispon\u00edvel em stock . Se n\u00e3o n\u00e3o existir , a informa\u00e7\u00e3o aparecer\u00e1 como \u201cEsgotado\u201d. E lembre-se: ao comprar esta t-shirt solid\u00e1ria est\u00e1 a ajudar a Opera\u00e7\u00e3o Nariz Vermelho a levar alegria \u00e0s crian\u00e7as hospitalizadas, \u00e0s suas fam\u00edlias e aos profissionais do hospital. 100% da receita reverte a favor da nossa miss\u00e3o. &nbsp; &nbsp; T-shirt solid\u00e1ria 100% algod\u00e3o. Encomende j\u00e1 online e apoie esta miss\u00e3o.\",\"breadcrumb\":{\"@id\":\"https:\\\/\\\/narizvermelho.pt\\\/en\\\/produto\\\/t-shirt-solidaria-operacao-nariz-vermelho\\\/#breadcrumb\"},\"inLanguage\":\"en-US\",\"potentialAction\":[{\"@type\":\"ReadAction\",\"target\":[\"https:\\\/\\\/narizvermelho.pt\\\/en\\\/produto\\\/t-shirt-solidaria-operacao-nariz-vermelho\\\/\"]}]},{\"@type\":\"ImageObject\",\"inLanguage\":\"en-US\",\"@id\":\"https:\\\/\\\/narizvermelho.pt\\\/en\\\/produto\\\/t-shirt-solidaria-operacao-nariz-vermelho\\\/#primaryimage\",\"url\":\"https:\\\/\\\/narizvermelho.pt\\\/wp-content\\\/uploads\\\/2026\\\/04\\\/Lojinha_EstaCamisolaEstaCheiaAlegria-1.png\",\"contentUrl\":\"https:\\\/\\\/narizvermelho.pt\\\/wp-content\\\/uploads\\\/2026\\\/04\\\/Lojinha_EstaCamisolaEstaCheiaAlegria-1.png\",\"width\":1080,\"height\":1080},{\"@type\":\"BreadcrumbList\",\"@id\":\"https:\\\/\\\/narizvermelho.pt\\\/en\\\/produto\\\/t-shirt-solidaria-operacao-nariz-vermelho\\\/#breadcrumb\",\"itemListElement\":[{\"@type\":\"ListItem\",\"position\":1,\"name\":\"In\u00edcio\",\"item\":\"https:\\\/\\\/narizvermelho.pt\\\/en\\\/\"},{\"@type\":\"ListItem\",\"position\":2,\"name\":\"Shop\",\"item\":\"https:\\\/\\\/narizvermelho.pt\\\/en\\\/shop\\\/\"},{\"@type\":\"ListItem\",\"position\":3,\"name\":\"T-shirt solid\u00e1ria Opera\u00e7\u00e3o Nariz Vermelho\"}]},{\"@type\":\"WebSite\",\"@id\":\"https:\\\/\\\/narizvermelho.pt\\\/en\\\/#website\",\"url\":\"https:\\\/\\\/narizvermelho.pt\\\/en\\\/\",\"name\":\"Opera\u00e7\u00e3o Nariz Vermelho\",\"description\":\"Receitamos alegria \u00e0s crian\u00e7as hospitalizadas\",\"publisher\":{\"@id\":\"https:\\\/\\\/narizvermelho.pt\\\/en\\\/#organization\"},\"potentialAction\":[{\"@type\":\"SearchAction\",\"target\":{\"@type\":\"EntryPoint\",\"urlTemplate\":\"https:\\\/\\\/narizvermelho.pt\\\/en\\\/?s={search_term_string}\"},\"query-input\":{\"@type\":\"PropertyValueSpecification\",\"valueRequired\":true,\"valueName\":\"search_term_string\"}}],\"inLanguage\":\"en-US\"},{\"@type\":\"Organization\",\"@id\":\"https:\\\/\\\/narizvermelho.pt\\\/en\\\/#organization\",\"name\":\"Opera\u00e7\u00e3o Nariz Vermelho\",\"url\":\"https:\\\/\\\/narizvermelho.pt\\\/en\\\/\",\"logo\":{\"@type\":\"ImageObject\",\"inLanguage\":\"en-US\",\"@id\":\"https:\\\/\\\/narizvermelho.pt\\\/en\\\/#\\\/schema\\\/logo\\\/image\\\/\",\"url\":\"https:\\\/\\\/narizvermelho.pt\\\/wp-content\\\/uploads\\\/2022\\\/05\\\/logo.svg\",\"contentUrl\":\"https:\\\/\\\/narizvermelho.pt\\\/wp-content\\\/uploads\\\/2022\\\/05\\\/logo.svg\",\"width\":258,\"height\":93,\"caption\":\"Opera\u00e7\u00e3o Nariz Vermelho\"},\"image\":{\"@id\":\"https:\\\/\\\/narizvermelho.pt\\\/en\\\/#\\\/schema\\\/logo\\\/image\\\/\"},\"sameAs\":[\"https:\\\/\\\/www.facebook.com\\\/NarizVermelho\\\/\"]}]}<\/script>\n<!-- \/ Yoast SEO plugin. -->","yoast_head_json":{"title":"T-shirt solid\u00e1ria Opera\u00e7\u00e3o Nariz Vermelho - Opera\u00e7\u00e3o Nariz Vermelho","description":"&nbsp; \ud83d\udea8ATEN\u00c7\u00c3O \ud83d\udea8 T-SHIRT'S APENAS DISPON\u00cdVEIS A PARTIR DE DIA 2 DE MAIO Depois de muitos anos de espera \u2014 e de muitas sugest\u00f5es e insist\u00eancias \u2014 a nova t-shirt oficial da Opera\u00e7\u00e3o Nariz Vermelho chegou finalmente. E valeu a pena esperar.  Demorou algum tempo, mas foi clinicamente testada e aprovada por especialistas\u2014 e o diagn\u00f3stico \u00e9: 100% algod\u00e3o, 100% alegria, 0% efeitos secund\u00e1rios -mentimos nesta parte-\u00a0pois\u00a0 na verdade, ajudam a levar alegria \u00e0s crian\u00e7as hospitalizadas.  Vista-a no dia a dia e ofere\u00e7a-a a quem mais gosta!  Tamanhos dispon\u00edveis (ver fotos na galeria com respetivas medidas): Crian\u00e7a: dos 4 aos 14 anos Adulto: XS, S, M, L, XL  Nota: Pode consultar as quantidades dispon\u00edveis em stock diretamente aqui , ao escolher o tamanho que deseja.\u00a0 Quando escolher o tamanho desejado aparecer\u00e1 a quantidade dispon\u00edvel em stock . Se n\u00e3o n\u00e3o existir , a informa\u00e7\u00e3o aparecer\u00e1 como \u201cEsgotado\u201d.  E lembre-se: ao comprar esta t-shirt solid\u00e1ria est\u00e1 a ajudar a Opera\u00e7\u00e3o Nariz Vermelho a levar alegria \u00e0s crian\u00e7as hospitalizadas, \u00e0s suas fam\u00edlias e aos profissionais do hospital. 100% da receita reverte a favor da nossa miss\u00e3o.  &nbsp;  &nbsp; T-shirt solid\u00e1ria 100% algod\u00e3o. Encomende j\u00e1 online e apoie esta miss\u00e3o.","robots":{"index":"index","follow":"follow","max-snippet":"max-snippet:-1","max-image-preview":"max-image-preview:large","max-video-preview":"max-video-preview:-1"},"canonical":"https:\/\/narizvermelho.pt\/en\/produto\/t-shirt-solidaria-operacao-nariz-vermelho\/","og_locale":"en_US","og_type":"article","og_title":"T-shirt solid\u00e1ria Opera\u00e7\u00e3o Nariz Vermelho","og_description":"T-shirt solid\u00e1ria Opera\u00e7\u00e3o Nariz Vermelho em 100% algod\u00e3o. Tamanhos crian\u00e7a e adulto. . 100% do valor apoia os Doutores Palha\u00e7os. Encomende j\u00e1.","og_url":"https:\/\/narizvermelho.pt\/en\/produto\/t-shirt-solidaria-operacao-nariz-vermelho\/","og_site_name":"Opera\u00e7\u00e3o Nariz Vermelho","article_publisher":"https:\/\/www.facebook.com\/NarizVermelho\/","article_modified_time":"2026-04-13T11:52:27+00:00","og_image":[{"width":1080,"height":1080,"url":"https:\/\/narizvermelho.pt\/wp-content\/uploads\/2026\/04\/Lojinha_EstaCamisolaEstaCheiaAlegria-1.png","type":"image\/png"}],"twitter_card":"summary_large_image","twitter_misc":{"Est. reading time":"2 minutes"},"schema":{"@context":"https:\/\/schema.org","@graph":[{"@type":"WebPage","@id":"https:\/\/narizvermelho.pt\/en\/produto\/t-shirt-solidaria-operacao-nariz-vermelho\/","url":"https:\/\/narizvermelho.pt\/en\/produto\/t-shirt-solidaria-operacao-nariz-vermelho\/","name":"T-shirt solid\u00e1ria Opera\u00e7\u00e3o Nariz Vermelho - Opera\u00e7\u00e3o Nariz Vermelho","isPartOf":{"@id":"https:\/\/narizvermelho.pt\/en\/#website"},"primaryImageOfPage":{"@id":"https:\/\/narizvermelho.pt\/en\/produto\/t-shirt-solidaria-operacao-nariz-vermelho\/#primaryimage"},"image":{"@id":"https:\/\/narizvermelho.pt\/en\/produto\/t-shirt-solidaria-operacao-nariz-vermelho\/#primaryimage"},"thumbnailUrl":"https:\/\/narizvermelho.pt\/wp-content\/uploads\/2026\/04\/Lojinha_EstaCamisolaEstaCheiaAlegria-1.png","datePublished":"2026-04-02T13:08:38+00:00","dateModified":"2026-04-13T11:52:27+00:00","description":"&nbsp; \ud83d\udea8ATEN\u00c7\u00c3O \ud83d\udea8 T-SHIRT'S APENAS DISPON\u00cdVEIS A PARTIR DE DIA 2 DE MAIO Depois de muitos anos de espera \u2014 e de muitas sugest\u00f5es e insist\u00eancias \u2014 a nova t-shirt oficial da Opera\u00e7\u00e3o Nariz Vermelho chegou finalmente. E valeu a pena esperar. Demorou algum tempo, mas foi clinicamente testada e aprovada por especialistas\u2014 e o diagn\u00f3stico \u00e9: 100% algod\u00e3o, 100% alegria, 0% efeitos secund\u00e1rios -mentimos nesta parte-\u00a0pois\u00a0 na verdade, ajudam a levar alegria \u00e0s crian\u00e7as hospitalizadas. Vista-a no dia a dia e ofere\u00e7a-a a quem mais gosta! Tamanhos dispon\u00edveis (ver fotos na galeria com respetivas medidas): Crian\u00e7a: dos 4 aos 14 anos Adulto: XS, S, M, L, XL Nota: Pode consultar as quantidades dispon\u00edveis em stock diretamente aqui , ao escolher o tamanho que deseja.\u00a0 Quando escolher o tamanho desejado aparecer\u00e1 a quantidade dispon\u00edvel em stock . Se n\u00e3o n\u00e3o existir , a informa\u00e7\u00e3o aparecer\u00e1 como \u201cEsgotado\u201d. E lembre-se: ao comprar esta t-shirt solid\u00e1ria est\u00e1 a ajudar a Opera\u00e7\u00e3o Nariz Vermelho a levar alegria \u00e0s crian\u00e7as hospitalizadas, \u00e0s suas fam\u00edlias e aos profissionais do hospital. 100% da receita reverte a favor da nossa miss\u00e3o. &nbsp; &nbsp; T-shirt solid\u00e1ria 100% algod\u00e3o. Encomende j\u00e1 online e apoie esta miss\u00e3o.","breadcrumb":{"@id":"https:\/\/narizvermelho.pt\/en\/produto\/t-shirt-solidaria-operacao-nariz-vermelho\/#breadcrumb"},"inLanguage":"en-US","potentialAction":[{"@type":"ReadAction","target":["https:\/\/narizvermelho.pt\/en\/produto\/t-shirt-solidaria-operacao-nariz-vermelho\/"]}]},{"@type":"ImageObject","inLanguage":"en-US","@id":"https:\/\/narizvermelho.pt\/en\/produto\/t-shirt-solidaria-operacao-nariz-vermelho\/#primaryimage","url":"https:\/\/narizvermelho.pt\/wp-content\/uploads\/2026\/04\/Lojinha_EstaCamisolaEstaCheiaAlegria-1.png","contentUrl":"https:\/\/narizvermelho.pt\/wp-content\/uploads\/2026\/04\/Lojinha_EstaCamisolaEstaCheiaAlegria-1.png","width":1080,"height":1080},{"@type":"BreadcrumbList","@id":"https:\/\/narizvermelho.pt\/en\/produto\/t-shirt-solidaria-operacao-nariz-vermelho\/#breadcrumb","itemListElement":[{"@type":"ListItem","position":1,"name":"In\u00edcio","item":"https:\/\/narizvermelho.pt\/en\/"},{"@type":"ListItem","position":2,"name":"Shop","item":"https:\/\/narizvermelho.pt\/en\/shop\/"},{"@type":"ListItem","position":3,"name":"T-shirt solid\u00e1ria Opera\u00e7\u00e3o Nariz Vermelho"}]},{"@type":"WebSite","@id":"https:\/\/narizvermelho.pt\/en\/#website","url":"https:\/\/narizvermelho.pt\/en\/","name":"Opera\u00e7\u00e3o Nariz Vermelho","description":"Receitamos alegria \u00e0s crian\u00e7as hospitalizadas","publisher":{"@id":"https:\/\/narizvermelho.pt\/en\/#organization"},"potentialAction":[{"@type":"SearchAction","target":{"@type":"EntryPoint","urlTemplate":"https:\/\/narizvermelho.pt\/en\/?s={search_term_string}"},"query-input":{"@type":"PropertyValueSpecification","valueRequired":true,"valueName":"search_term_string"}}],"inLanguage":"en-US"},{"@type":"Organization","@id":"https:\/\/narizvermelho.pt\/en\/#organization","name":"Opera\u00e7\u00e3o Nariz Vermelho","url":"https:\/\/narizvermelho.pt\/en\/","logo":{"@type":"ImageObject","inLanguage":"en-US","@id":"https:\/\/narizvermelho.pt\/en\/#\/schema\/logo\/image\/","url":"https:\/\/narizvermelho.pt\/wp-content\/uploads\/2022\/05\/logo.svg","contentUrl":"https:\/\/narizvermelho.pt\/wp-content\/uploads\/2022\/05\/logo.svg","width":258,"height":93,"caption":"Opera\u00e7\u00e3o Nariz Vermelho"},"image":{"@id":"https:\/\/narizvermelho.pt\/en\/#\/schema\/logo\/image\/"},"sameAs":["https:\/\/www.facebook.com\/NarizVermelho\/"]}]}},"uagb_featured_image_src":{"full":["https:\/\/narizvermelho.pt\/wp-content\/uploads\/2026\/04\/Lojinha_EstaCamisolaEstaCheiaAlegria-1.png",1080,1080,false],"thumbnail":["https:\/\/narizvermelho.pt\/wp-content\/uploads\/2026\/04\/Lojinha_EstaCamisolaEstaCheiaAlegria-1-150x150.png",150,150,true],"medium":["https:\/\/narizvermelho.pt\/wp-content\/uploads\/2026\/04\/Lojinha_EstaCamisolaEstaCheiaAlegria-1-300x300.png",300,300,true],"medium_large":["https:\/\/narizvermelho.pt\/wp-content\/uploads\/2026\/04\/Lojinha_EstaCamisolaEstaCheiaAlegria-1-768x768.png",768,768,true],"large":["https:\/\/narizvermelho.pt\/wp-content\/uploads\/2026\/04\/Lojinha_EstaCamisolaEstaCheiaAlegria-1-1024x1024.png",1024,1024,true],"1536x1536":["https:\/\/narizvermelho.pt\/wp-content\/uploads\/2026\/04\/Lojinha_EstaCamisolaEstaCheiaAlegria-1.png",1080,1080,false],"2048x2048":["https:\/\/narizvermelho.pt\/wp-content\/uploads\/2026\/04\/Lojinha_EstaCamisolaEstaCheiaAlegria-1.png",1080,1080,false],"portfolio-thumb":["https:\/\/narizvermelho.pt\/wp-content\/uploads\/2026\/04\/Lojinha_EstaCamisolaEstaCheiaAlegria-1-600x403.png",600,403,true],"nectar_small_square":["https:\/\/narizvermelho.pt\/wp-content\/uploads\/2026\/04\/Lojinha_EstaCamisolaEstaCheiaAlegria-1-140x140.png",140,140,true],"portfolio-thumb_large":["https:\/\/narizvermelho.pt\/wp-content\/uploads\/2026\/04\/Lojinha_EstaCamisolaEstaCheiaAlegria-1-900x604.png",900,604,true],"portfolio-thumb_small":["https:\/\/narizvermelho.pt\/wp-content\/uploads\/2026\/04\/Lojinha_EstaCamisolaEstaCheiaAlegria-1-400x269.png",400,269,true],"portfolio-widget":["https:\/\/narizvermelho.pt\/wp-content\/uploads\/2026\/04\/Lojinha_EstaCamisolaEstaCheiaAlegria-1-100x100.png",100,100,true],"regular":["https:\/\/narizvermelho.pt\/wp-content\/uploads\/2026\/04\/Lojinha_EstaCamisolaEstaCheiaAlegria-1-500x500.png",500,500,true],"regular_photography":["https:\/\/narizvermelho.pt\/wp-content\/uploads\/2026\/04\/Lojinha_EstaCamisolaEstaCheiaAlegria-1-450x600.png",450,600,true],"regular_small":["https:\/\/narizvermelho.pt\/wp-content\/uploads\/2026\/04\/Lojinha_EstaCamisolaEstaCheiaAlegria-1-350x350.png",350,350,true],"regular_photography_small":["https:\/\/narizvermelho.pt\/wp-content\/uploads\/2026\/04\/Lojinha_EstaCamisolaEstaCheiaAlegria-1-350x467.png",350,467,true],"wide_tall":["https:\/\/narizvermelho.pt\/wp-content\/uploads\/2026\/04\/Lojinha_EstaCamisolaEstaCheiaAlegria-1-1000x1000.png",1000,1000,true],"wide_tall_photography":["https:\/\/narizvermelho.pt\/wp-content\/uploads\/2026\/04\/Lojinha_EstaCamisolaEstaCheiaAlegria-1-900x1080.png",900,1080,true],"wide_photography":["https:\/\/narizvermelho.pt\/wp-content\/uploads\/2026\/04\/Lojinha_EstaCamisolaEstaCheiaAlegria-1-900x600.png",900,600,true],"wide_photography_small":["https:\/\/narizvermelho.pt\/wp-content\/uploads\/2026\/04\/Lojinha_EstaCamisolaEstaCheiaAlegria-1-675x450.png",675,450,true],"large_featured":["https:\/\/narizvermelho.pt\/wp-content\/uploads\/2026\/04\/Lojinha_EstaCamisolaEstaCheiaAlegria-1-1080x770.png",1080,770,true],"medium_featured":["https:\/\/narizvermelho.pt\/wp-content\/uploads\/2026\/04\/Lojinha_EstaCamisolaEstaCheiaAlegria-1-800x800.png",800,800,true],"woocommerce_thumbnail":["https:\/\/narizvermelho.pt\/wp-content\/uploads\/2026\/04\/Lojinha_EstaCamisolaEstaCheiaAlegria-1-300x300.png",300,300,true],"woocommerce_single":["https:\/\/narizvermelho.pt\/wp-content\/uploads\/2026\/04\/Lojinha_EstaCamisolaEstaCheiaAlegria-1-600x600.png",600,600,true],"woocommerce_gallery_thumbnail":["https:\/\/narizvermelho.pt\/wp-content\/uploads\/2026\/04\/Lojinha_EstaCamisolaEstaCheiaAlegria-1-150x150.png",150,150,true]},"uagb_author_info":{"display_name":"Sara Ferr\u00e3o","author_link":"https:\/\/narizvermelho.pt\/en\/author\/"},"uagb_comment_info":0,"uagb_excerpt":"&nbsp; \ud83d\udea8ATEN\u00c7\u00c3O \ud83d\udea8 T-SHIRT'S APENAS DISPON\u00cdVEIS A PARTIR DE DIA 2 DE MAIO Depois de muitos anos de espera \u2014 e de muitas sugest\u00f5es e insist\u00eancias \u2014 a nova t-shirt oficial da Opera\u00e7\u00e3o Nariz Vermelho chegou finalmente. E valeu a pena esperar. Demorou algum tempo, mas foi clinicamente testada e aprovada por especialistas\u2014 e o&hellip;","jetpack_sharing_enabled":true,"_links":{"self":[{"href":"https:\/\/narizvermelho.pt\/en\/wp-json\/wp\/v2\/product\/33308","targetHints":{"allow":["GET"]}}],"collection":[{"href":"https:\/\/narizvermelho.pt\/en\/wp-json\/wp\/v2\/product"}],"about":[{"href":"https:\/\/narizvermelho.pt\/en\/wp-json\/wp\/v2\/types\/product"}],"replies":[{"embeddable":true,"href":"https:\/\/narizvermelho.pt\/en\/wp-json\/wp\/v2\/comments?post=33308"}],"wp:featuredmedia":[{"embeddable":true,"href":"https:\/\/narizvermelho.pt\/en\/wp-json\/wp\/v2\/media\/33310"}],"wp:attachment":[{"href":"https:\/\/narizvermelho.pt\/en\/wp-json\/wp\/v2\/media?parent=33308"}],"wp:term":[{"taxonomy":"product_brand","embeddable":true,"href":"https:\/\/narizvermelho.pt\/en\/wp-json\/wp\/v2\/product_brand?post=33308"},{"taxonomy":"product_cat","embeddable":true,"href":"https:\/\/narizvermelho.pt\/en\/wp-json\/wp\/v2\/product_cat?post=33308"},{"taxonomy":"product_tag","embeddable":true,"href":"https:\/\/narizvermelho.pt\/en\/wp-json\/wp\/v2\/product_tag?post=33308"}],"curies":[{"name":"wp","href":"https:\/\/api.w.org\/{rel}","templated":true}]}}