{"id":29865,"date":"2026-01-29T06:00:07","date_gmt":"2026-01-29T06:00:07","guid":{"rendered":"https:\/\/narizvermelho.pt\/?post_type=product&#038;p=29865"},"modified":"2026-01-08T17:58:01","modified_gmt":"2026-01-08T17:58:01","slug":"cloth-bag-operation-red-nose-1st-edition-copia-copia-2","status":"publish","type":"product","link":"https:\/\/narizvermelho.pt\/en\/produto\/cloth-bag-operation-red-nose-1st-edition-copia-copia-2\/","title":{"rendered":"Cloth Bag &#8211; Operation Red Nose &#8211; 1st Edition (C\u00f3pia) (C\u00f3pia)"},"content":{"rendered":"<p style=\"text-align: center\">Free shipping thanks to the support of our partner:<\/p>\n<p><a href=\"https:\/\/torrestir.com\/\"><img loading=\"lazy\" decoding=\"async\" class=\"size-full wp-image-11177 aligncenter\" src=\"https:\/\/narizvermelho.pt\/wp-content\/uploads\/2023\/11\/Logotipo-pequeno-Torrestir.png\" alt=\"\" width=\"140\" height=\"47\" \/><\/a><\/p>\n<p style=\"text-align: center\">Delivery time: 2 to 5 working days.<\/p>\n<p style=\"text-align: center\"><em><strong>100% of the proceeds go to our mission!<\/strong><\/em><\/p>\n","protected":false},"excerpt":{"rendered":"<p>This bag is special: &#8220;it&#8217;s full of JOY!&#8221; :\ud83d\udd34)<\/p>\n<p>We recommend using it whenever necessary. When you don&#8217;t need it, use it anyway, because you never know if you won&#8217;t need it. We do warn you, however, that there may be side effects to using it. These are: a generalised improvement in quality of life, a drastic increase in popularity with your peers and growing optimism, with a tendency to run rampant. When used on the street, it can provoke a lot of smiles and curiosity.<\/p>\n<p>And remember: by buying our bag you&#8217;re helping Operation Red Nose bring joy to hospitalised children, their families and hospital staff!<\/p>\n<p>&nbsp;<\/p>\n<p style=\"text-align: center\"><em>Raw-coloured cloth bag, 38 cm x 42 cm, 100% cotton (140 g\/m2), 70 cm handles and can hold up to 9 kg.<\/em><\/p>\n","protected":false},"featured_media":14346,"comment_status":"open","ping_status":"closed","template":"","meta":{"inline_featured_image":false,"_uag_custom_page_level_css":""},"product_brand":[],"product_cat":[],"product_tag":[],"class_list":{"0":"post-29865","1":"product","2":"type-product","3":"status-publish","4":"has-post-thumbnail","6":"first","7":"instock","8":"taxable","9":"shipping-taxable","10":"purchasable","11":"product-type-simple"},"yoast_head":"<!-- This site is optimized with the Yoast SEO plugin v27.3 - https:\/\/yoast.com\/product\/yoast-seo-wordpress\/ -->\n<title>Cloth Bag - Operation Red Nose - 1st Edition (C\u00f3pia) (C\u00f3pia) - Opera\u00e7\u00e3o Nariz Vermelho<\/title>\n<meta name=\"description\" content=\"Saco de Pano &quot;Tote Bag&quot; Solid\u00e1rio - Opera\u00e7\u00e3o Nariz Vermelho\" \/>\n<meta name=\"robots\" content=\"index, follow, max-snippet:-1, max-image-preview:large, max-video-preview:-1\" \/>\n<link rel=\"canonical\" href=\"https:\/\/narizvermelho.pt\/en\/produto\/cloth-bag-operation-red-nose-1st-edition-copia-copia-2\/\" \/>\n<meta property=\"og:locale\" content=\"en_US\" \/>\n<meta property=\"og:type\" content=\"article\" \/>\n<meta property=\"og:title\" content=\"Cloth Bag - Operation Red Nose - 1st Edition (C\u00f3pia) (C\u00f3pia) - Opera\u00e7\u00e3o Nariz Vermelho\" \/>\n<meta property=\"og:description\" content=\"Saco de Pano &quot;Tote Bag&quot; Solid\u00e1rio - Opera\u00e7\u00e3o Nariz Vermelho\" \/>\n<meta property=\"og:url\" content=\"https:\/\/narizvermelho.pt\/en\/produto\/cloth-bag-operation-red-nose-1st-edition-copia-copia-2\/\" \/>\n<meta property=\"og:site_name\" content=\"Opera\u00e7\u00e3o Nariz Vermelho\" \/>\n<meta property=\"article:publisher\" content=\"https:\/\/www.facebook.com\/NarizVermelho\/\" \/>\n<meta property=\"og:image\" content=\"https:\/\/narizvermelho.pt\/wp-content\/uploads\/2024\/10\/Saco-de-pano-2a-Edicao-300x300.png\" \/>\n<meta name=\"twitter:card\" content=\"summary_large_image\" \/>\n<meta name=\"twitter:label1\" content=\"Est. reading time\" \/>\n\t<meta name=\"twitter:data1\" content=\"1 minute\" \/>\n<script type=\"application\/ld+json\" class=\"yoast-schema-graph\">{\"@context\":\"https:\\\/\\\/schema.org\",\"@graph\":[{\"@type\":\"WebPage\",\"@id\":\"https:\\\/\\\/narizvermelho.pt\\\/en\\\/produto\\\/cloth-bag-operation-red-nose-1st-edition-copia-copia-2\\\/\",\"url\":\"https:\\\/\\\/narizvermelho.pt\\\/en\\\/produto\\\/cloth-bag-operation-red-nose-1st-edition-copia-copia-2\\\/\",\"name\":\"Cloth Bag - Operation Red Nose - 1st Edition (C\u00f3pia) (C\u00f3pia) - Opera\u00e7\u00e3o Nariz Vermelho\",\"isPartOf\":{\"@id\":\"https:\\\/\\\/narizvermelho.pt\\\/en\\\/#website\"},\"primaryImageOfPage\":{\"@id\":\"https:\\\/\\\/narizvermelho.pt\\\/en\\\/produto\\\/cloth-bag-operation-red-nose-1st-edition-copia-copia-2\\\/#primaryimage\"},\"image\":{\"@id\":\"https:\\\/\\\/narizvermelho.pt\\\/en\\\/produto\\\/cloth-bag-operation-red-nose-1st-edition-copia-copia-2\\\/#primaryimage\"},\"thumbnailUrl\":\"https:\\\/\\\/narizvermelho.pt\\\/wp-content\\\/uploads\\\/2024\\\/05\\\/ONV_shop_-_-ClothBag.png\",\"datePublished\":\"2026-01-29T06:00:07+00:00\",\"description\":\"Saco de Pano \\\"Tote Bag\\\" Solid\u00e1rio - Opera\u00e7\u00e3o Nariz Vermelho\",\"breadcrumb\":{\"@id\":\"https:\\\/\\\/narizvermelho.pt\\\/en\\\/produto\\\/cloth-bag-operation-red-nose-1st-edition-copia-copia-2\\\/#breadcrumb\"},\"inLanguage\":\"en-US\",\"potentialAction\":[{\"@type\":\"ReadAction\",\"target\":[\"https:\\\/\\\/narizvermelho.pt\\\/en\\\/produto\\\/cloth-bag-operation-red-nose-1st-edition-copia-copia-2\\\/\"]}]},{\"@type\":\"ImageObject\",\"inLanguage\":\"en-US\",\"@id\":\"https:\\\/\\\/narizvermelho.pt\\\/en\\\/produto\\\/cloth-bag-operation-red-nose-1st-edition-copia-copia-2\\\/#primaryimage\",\"url\":\"https:\\\/\\\/narizvermelho.pt\\\/wp-content\\\/uploads\\\/2024\\\/05\\\/ONV_shop_-_-ClothBag.png\",\"contentUrl\":\"https:\\\/\\\/narizvermelho.pt\\\/wp-content\\\/uploads\\\/2024\\\/05\\\/ONV_shop_-_-ClothBag.png\",\"width\":1080,\"height\":1080,\"caption\":\"cloth bag\"},{\"@type\":\"BreadcrumbList\",\"@id\":\"https:\\\/\\\/narizvermelho.pt\\\/en\\\/produto\\\/cloth-bag-operation-red-nose-1st-edition-copia-copia-2\\\/#breadcrumb\",\"itemListElement\":[{\"@type\":\"ListItem\",\"position\":1,\"name\":\"In\u00edcio\",\"item\":\"https:\\\/\\\/narizvermelho.pt\\\/en\\\/\"},{\"@type\":\"ListItem\",\"position\":2,\"name\":\"Shop\",\"item\":\"https:\\\/\\\/narizvermelho.pt\\\/en\\\/shop\\\/\"},{\"@type\":\"ListItem\",\"position\":3,\"name\":\"Cloth Bag &#8211; Operation Red Nose &#8211; 1st Edition (C\u00f3pia) (C\u00f3pia)\"}]},{\"@type\":\"WebSite\",\"@id\":\"https:\\\/\\\/narizvermelho.pt\\\/en\\\/#website\",\"url\":\"https:\\\/\\\/narizvermelho.pt\\\/en\\\/\",\"name\":\"Opera\u00e7\u00e3o Nariz Vermelho\",\"description\":\"Receitamos alegria \u00e0s crian\u00e7as hospitalizadas\",\"publisher\":{\"@id\":\"https:\\\/\\\/narizvermelho.pt\\\/en\\\/#organization\"},\"potentialAction\":[{\"@type\":\"SearchAction\",\"target\":{\"@type\":\"EntryPoint\",\"urlTemplate\":\"https:\\\/\\\/narizvermelho.pt\\\/en\\\/?s={search_term_string}\"},\"query-input\":{\"@type\":\"PropertyValueSpecification\",\"valueRequired\":true,\"valueName\":\"search_term_string\"}}],\"inLanguage\":\"en-US\"},{\"@type\":\"Organization\",\"@id\":\"https:\\\/\\\/narizvermelho.pt\\\/en\\\/#organization\",\"name\":\"Opera\u00e7\u00e3o Nariz Vermelho\",\"url\":\"https:\\\/\\\/narizvermelho.pt\\\/en\\\/\",\"logo\":{\"@type\":\"ImageObject\",\"inLanguage\":\"en-US\",\"@id\":\"https:\\\/\\\/narizvermelho.pt\\\/en\\\/#\\\/schema\\\/logo\\\/image\\\/\",\"url\":\"https:\\\/\\\/narizvermelho.pt\\\/wp-content\\\/uploads\\\/2022\\\/05\\\/logo.svg\",\"contentUrl\":\"https:\\\/\\\/narizvermelho.pt\\\/wp-content\\\/uploads\\\/2022\\\/05\\\/logo.svg\",\"width\":258,\"height\":93,\"caption\":\"Opera\u00e7\u00e3o Nariz Vermelho\"},\"image\":{\"@id\":\"https:\\\/\\\/narizvermelho.pt\\\/en\\\/#\\\/schema\\\/logo\\\/image\\\/\"},\"sameAs\":[\"https:\\\/\\\/www.facebook.com\\\/NarizVermelho\\\/\"]}]}<\/script>\n<!-- \/ Yoast SEO plugin. -->","yoast_head_json":{"title":"Cloth Bag - Operation Red Nose - 1st Edition (C\u00f3pia) (C\u00f3pia) - Opera\u00e7\u00e3o Nariz Vermelho","description":"Saco de Pano \"Tote Bag\" Solid\u00e1rio - Opera\u00e7\u00e3o Nariz Vermelho","robots":{"index":"index","follow":"follow","max-snippet":"max-snippet:-1","max-image-preview":"max-image-preview:large","max-video-preview":"max-video-preview:-1"},"canonical":"https:\/\/narizvermelho.pt\/en\/produto\/cloth-bag-operation-red-nose-1st-edition-copia-copia-2\/","og_locale":"en_US","og_type":"article","og_title":"Cloth Bag - Operation Red Nose - 1st Edition (C\u00f3pia) (C\u00f3pia) - Opera\u00e7\u00e3o Nariz Vermelho","og_description":"Saco de Pano \"Tote Bag\" Solid\u00e1rio - Opera\u00e7\u00e3o Nariz Vermelho","og_url":"https:\/\/narizvermelho.pt\/en\/produto\/cloth-bag-operation-red-nose-1st-edition-copia-copia-2\/","og_site_name":"Opera\u00e7\u00e3o Nariz Vermelho","article_publisher":"https:\/\/www.facebook.com\/NarizVermelho\/","og_image":[{"url":"https:\/\/narizvermelho.pt\/wp-content\/uploads\/2024\/10\/Saco-de-pano-2a-Edicao-300x300.png","type":"","width":"","height":""}],"twitter_card":"summary_large_image","twitter_misc":{"Est. reading time":"1 minute"},"schema":{"@context":"https:\/\/schema.org","@graph":[{"@type":"WebPage","@id":"https:\/\/narizvermelho.pt\/en\/produto\/cloth-bag-operation-red-nose-1st-edition-copia-copia-2\/","url":"https:\/\/narizvermelho.pt\/en\/produto\/cloth-bag-operation-red-nose-1st-edition-copia-copia-2\/","name":"Cloth Bag - Operation Red Nose - 1st Edition (C\u00f3pia) (C\u00f3pia) - Opera\u00e7\u00e3o Nariz Vermelho","isPartOf":{"@id":"https:\/\/narizvermelho.pt\/en\/#website"},"primaryImageOfPage":{"@id":"https:\/\/narizvermelho.pt\/en\/produto\/cloth-bag-operation-red-nose-1st-edition-copia-copia-2\/#primaryimage"},"image":{"@id":"https:\/\/narizvermelho.pt\/en\/produto\/cloth-bag-operation-red-nose-1st-edition-copia-copia-2\/#primaryimage"},"thumbnailUrl":"https:\/\/narizvermelho.pt\/wp-content\/uploads\/2024\/05\/ONV_shop_-_-ClothBag.png","datePublished":"2026-01-29T06:00:07+00:00","description":"Saco de Pano \"Tote Bag\" Solid\u00e1rio - Opera\u00e7\u00e3o Nariz Vermelho","breadcrumb":{"@id":"https:\/\/narizvermelho.pt\/en\/produto\/cloth-bag-operation-red-nose-1st-edition-copia-copia-2\/#breadcrumb"},"inLanguage":"en-US","potentialAction":[{"@type":"ReadAction","target":["https:\/\/narizvermelho.pt\/en\/produto\/cloth-bag-operation-red-nose-1st-edition-copia-copia-2\/"]}]},{"@type":"ImageObject","inLanguage":"en-US","@id":"https:\/\/narizvermelho.pt\/en\/produto\/cloth-bag-operation-red-nose-1st-edition-copia-copia-2\/#primaryimage","url":"https:\/\/narizvermelho.pt\/wp-content\/uploads\/2024\/05\/ONV_shop_-_-ClothBag.png","contentUrl":"https:\/\/narizvermelho.pt\/wp-content\/uploads\/2024\/05\/ONV_shop_-_-ClothBag.png","width":1080,"height":1080,"caption":"cloth bag"},{"@type":"BreadcrumbList","@id":"https:\/\/narizvermelho.pt\/en\/produto\/cloth-bag-operation-red-nose-1st-edition-copia-copia-2\/#breadcrumb","itemListElement":[{"@type":"ListItem","position":1,"name":"In\u00edcio","item":"https:\/\/narizvermelho.pt\/en\/"},{"@type":"ListItem","position":2,"name":"Shop","item":"https:\/\/narizvermelho.pt\/en\/shop\/"},{"@type":"ListItem","position":3,"name":"Cloth Bag &#8211; Operation Red Nose &#8211; 1st Edition (C\u00f3pia) (C\u00f3pia)"}]},{"@type":"WebSite","@id":"https:\/\/narizvermelho.pt\/en\/#website","url":"https:\/\/narizvermelho.pt\/en\/","name":"Opera\u00e7\u00e3o Nariz Vermelho","description":"Receitamos alegria \u00e0s crian\u00e7as hospitalizadas","publisher":{"@id":"https:\/\/narizvermelho.pt\/en\/#organization"},"potentialAction":[{"@type":"SearchAction","target":{"@type":"EntryPoint","urlTemplate":"https:\/\/narizvermelho.pt\/en\/?s={search_term_string}"},"query-input":{"@type":"PropertyValueSpecification","valueRequired":true,"valueName":"search_term_string"}}],"inLanguage":"en-US"},{"@type":"Organization","@id":"https:\/\/narizvermelho.pt\/en\/#organization","name":"Opera\u00e7\u00e3o Nariz Vermelho","url":"https:\/\/narizvermelho.pt\/en\/","logo":{"@type":"ImageObject","inLanguage":"en-US","@id":"https:\/\/narizvermelho.pt\/en\/#\/schema\/logo\/image\/","url":"https:\/\/narizvermelho.pt\/wp-content\/uploads\/2022\/05\/logo.svg","contentUrl":"https:\/\/narizvermelho.pt\/wp-content\/uploads\/2022\/05\/logo.svg","width":258,"height":93,"caption":"Opera\u00e7\u00e3o Nariz Vermelho"},"image":{"@id":"https:\/\/narizvermelho.pt\/en\/#\/schema\/logo\/image\/"},"sameAs":["https:\/\/www.facebook.com\/NarizVermelho\/"]}]}},"uagb_featured_image_src":{"full":["https:\/\/narizvermelho.pt\/wp-content\/uploads\/2024\/05\/ONV_shop_-_-ClothBag.png",1080,1080,false],"thumbnail":["https:\/\/narizvermelho.pt\/wp-content\/uploads\/2024\/05\/ONV_shop_-_-ClothBag-150x150.png",150,150,true],"medium":["https:\/\/narizvermelho.pt\/wp-content\/uploads\/2024\/05\/ONV_shop_-_-ClothBag-300x300.png",300,300,true],"medium_large":["https:\/\/narizvermelho.pt\/wp-content\/uploads\/2024\/05\/ONV_shop_-_-ClothBag-768x768.png",768,768,true],"large":["https:\/\/narizvermelho.pt\/wp-content\/uploads\/2024\/05\/ONV_shop_-_-ClothBag-1024x1024.png",1024,1024,true],"1536x1536":["https:\/\/narizvermelho.pt\/wp-content\/uploads\/2024\/05\/ONV_shop_-_-ClothBag.png",1080,1080,false],"2048x2048":["https:\/\/narizvermelho.pt\/wp-content\/uploads\/2024\/05\/ONV_shop_-_-ClothBag.png",1080,1080,false],"portfolio-thumb":["https:\/\/narizvermelho.pt\/wp-content\/uploads\/2024\/05\/ONV_shop_-_-ClothBag-600x403.png",600,403,true],"nectar_small_square":["https:\/\/narizvermelho.pt\/wp-content\/uploads\/2024\/05\/ONV_shop_-_-ClothBag-140x140.png",140,140,true],"portfolio-thumb_large":["https:\/\/narizvermelho.pt\/wp-content\/uploads\/2024\/05\/ONV_shop_-_-ClothBag-900x604.png",900,604,true],"portfolio-thumb_small":["https:\/\/narizvermelho.pt\/wp-content\/uploads\/2024\/05\/ONV_shop_-_-ClothBag-400x269.png",400,269,true],"portfolio-widget":["https:\/\/narizvermelho.pt\/wp-content\/uploads\/2024\/05\/ONV_shop_-_-ClothBag-100x100.png",100,100,true],"regular":["https:\/\/narizvermelho.pt\/wp-content\/uploads\/2024\/05\/ONV_shop_-_-ClothBag-500x500.png",500,500,true],"regular_photography":["https:\/\/narizvermelho.pt\/wp-content\/uploads\/2024\/05\/ONV_shop_-_-ClothBag-450x600.png",450,600,true],"regular_small":["https:\/\/narizvermelho.pt\/wp-content\/uploads\/2024\/05\/ONV_shop_-_-ClothBag-350x350.png",350,350,true],"regular_photography_small":["https:\/\/narizvermelho.pt\/wp-content\/uploads\/2024\/05\/ONV_shop_-_-ClothBag-350x467.png",350,467,true],"wide_tall":["https:\/\/narizvermelho.pt\/wp-content\/uploads\/2024\/05\/ONV_shop_-_-ClothBag-1000x1000.png",1000,1000,true],"wide_tall_photography":["https:\/\/narizvermelho.pt\/wp-content\/uploads\/2024\/05\/ONV_shop_-_-ClothBag-900x1080.png",900,1080,true],"wide_photography":["https:\/\/narizvermelho.pt\/wp-content\/uploads\/2024\/05\/ONV_shop_-_-ClothBag-900x600.png",900,600,true],"wide_photography_small":["https:\/\/narizvermelho.pt\/wp-content\/uploads\/2024\/05\/ONV_shop_-_-ClothBag-675x450.png",675,450,true],"large_featured":["https:\/\/narizvermelho.pt\/wp-content\/uploads\/2024\/05\/ONV_shop_-_-ClothBag-1080x770.png",1080,770,true],"medium_featured":["https:\/\/narizvermelho.pt\/wp-content\/uploads\/2024\/05\/ONV_shop_-_-ClothBag-800x800.png",800,800,true],"woocommerce_thumbnail":["https:\/\/narizvermelho.pt\/wp-content\/uploads\/2024\/05\/ONV_shop_-_-ClothBag-300x300.png",300,300,true],"woocommerce_single":["https:\/\/narizvermelho.pt\/wp-content\/uploads\/2024\/05\/ONV_shop_-_-ClothBag-600x600.png",600,600,true],"woocommerce_gallery_thumbnail":["https:\/\/narizvermelho.pt\/wp-content\/uploads\/2024\/05\/ONV_shop_-_-ClothBag-150x150.png",150,150,true]},"uagb_author_info":{"display_name":"Sara Ferr\u00e3o","author_link":"https:\/\/narizvermelho.pt\/en\/author\/"},"uagb_comment_info":0,"uagb_excerpt":"This bag is special: \"it's full of JOY!\" :\ud83d\udd34) We recommend using it whenever necessary. When you don't need it, use it anyway, because you never know if you won't need it. We do warn you, however, that there may be side effects to using it. These are: a generalised improvement in quality of life,&hellip;","jetpack_sharing_enabled":true,"_links":{"self":[{"href":"https:\/\/narizvermelho.pt\/en\/wp-json\/wp\/v2\/product\/29865","targetHints":{"allow":["GET"]}}],"collection":[{"href":"https:\/\/narizvermelho.pt\/en\/wp-json\/wp\/v2\/product"}],"about":[{"href":"https:\/\/narizvermelho.pt\/en\/wp-json\/wp\/v2\/types\/product"}],"replies":[{"embeddable":true,"href":"https:\/\/narizvermelho.pt\/en\/wp-json\/wp\/v2\/comments?post=29865"}],"wp:featuredmedia":[{"embeddable":true,"href":"https:\/\/narizvermelho.pt\/en\/wp-json\/wp\/v2\/media\/14346"}],"wp:attachment":[{"href":"https:\/\/narizvermelho.pt\/en\/wp-json\/wp\/v2\/media?parent=29865"}],"wp:term":[{"taxonomy":"product_brand","embeddable":true,"href":"https:\/\/narizvermelho.pt\/en\/wp-json\/wp\/v2\/product_brand?post=29865"},{"taxonomy":"product_cat","embeddable":true,"href":"https:\/\/narizvermelho.pt\/en\/wp-json\/wp\/v2\/product_cat?post=29865"},{"taxonomy":"product_tag","embeddable":true,"href":"https:\/\/narizvermelho.pt\/en\/wp-json\/wp\/v2\/product_tag?post=29865"}],"curies":[{"name":"wp","href":"https:\/\/api.w.org\/{rel}","templated":true}]}}