{"id":26807,"date":"2025-03-06T09:00:35","date_gmt":"2025-03-06T09:00:35","guid":{"rendered":"https:\/\/narizvermelho.pt\/?post_type=product&#038;p=26807"},"modified":"2025-02-12T12:26:13","modified_gmt":"2025-02-12T12:26:13","slug":"doubles-game-copia","status":"publish","type":"product","link":"https:\/\/narizvermelho.pt\/en\/produto\/doubles-game-copia\/","title":{"rendered":"Doubles Game (C\u00f3pia)"},"content":{"rendered":"<h1><strong>Game Rules:<\/strong><\/h1>\n<h3><strong>&#8220;Doctor Greedy Clown&#8221;:<\/strong><\/h3>\n<p>Shuffle the cards, deal one card to each player face down and leave the remaining cards stacked in the centre, also face down.<\/p>\n<p>Each player turns over their card and one of the players turns over the top card of the deck in the centre, revealing the first card in the pile. The players must identify as quickly as possible whether any of the images on their card are also on the card in the centre. The player who is quickest to say out loud which image it is, removes the card from the pile and places it on top of their starting card, making it their playing card. The game continues until all the cards in the centre have been removed.<\/p>\n<p>The player with the most cards at the end of the game wins.<\/p>\n<h3><strong>&#8220;Doctor Clown in a Hurry&#8221;:<\/strong><\/h3>\n<p>Shuffle and deal all the cards to the players, placing the last card in the centre of the table face up.<\/p>\n<p>Players must stack their cards face up and get rid of them &#8211; one by one &#8211; by identifying the common image between their card and the card in the centre as quickly as possible, placing their card on top of the pile. Attention! You need to be quick, because the card in the centre changes every time a player places one of their cards on it.<\/p>\n<p>The winner is the player who runs out of cards first.<\/p>\n<h3>&#8220;Creative Clown Doctors&#8221;:<\/h3>\n<p>As a team, try to create\/invent new rules and different ways of playing this game. Remember, the important thing is to have fun and always find your DUPLA!<\/p>\n<p>* <em>A tip<\/em>: the more decks you have in play, the more players can play and the longer the games can last. It&#8217;s also more fun and challenging!<\/p>\n<p>Game suitable for ages 3 and up.<\/p>\n<p>&nbsp;<\/p>\n<h4 style=\"text-align: center\"><strong>Name identification of game images : <\/strong><\/h4>\n<p><img loading=\"lazy\" decoding=\"async\" class=\"wp-image-12530 aligncenter\" src=\"https:\/\/narizvermelho.pt\/wp-content\/uploads\/2024\/02\/Imagens-Jogo-da-Dupla--300x164.png\" alt=\"Identifica\u00e7\u00e3o de nome de imagens do Jogo\" width=\"618\" height=\"338\" srcset=\"https:\/\/narizvermelho.pt\/wp-content\/uploads\/2024\/02\/Imagens-Jogo-da-Dupla--300x164.png 300w, https:\/\/narizvermelho.pt\/wp-content\/uploads\/2024\/02\/Imagens-Jogo-da-Dupla--1024x559.png 1024w, https:\/\/narizvermelho.pt\/wp-content\/uploads\/2024\/02\/Imagens-Jogo-da-Dupla--768x420.png 768w, https:\/\/narizvermelho.pt\/wp-content\/uploads\/2024\/02\/Imagens-Jogo-da-Dupla--600x328.png 600w, https:\/\/narizvermelho.pt\/wp-content\/uploads\/2024\/02\/Imagens-Jogo-da-Dupla-.png 1100w\" sizes=\"auto, (max-width: 618px) 100vw, 618px\" \/><\/p>\n<p>&nbsp;<\/p>\n<p><iframe loading=\"lazy\" src=\"https:\/\/www.youtube.com\/embed\/Qf0Nuqor6T0?si=hnE_RiURDtejaZaL\" width=\"560\" height=\"315\" frameborder=\"0\" allowfullscreen=\"allowfullscreen\"><\/iframe><\/p>\n","protected":false},"excerpt":{"rendered":"<p>The Clown Doctors of Operation Red Nose always work in DOUBLE.<\/p>\n<p>There is no &#8220;one&#8221; without the &#8220;other&#8221; and no &#8220;other&#8221; without the &#8220;one&#8221; :\ud83d\udd34)<\/p>\n<p>This is also the case with the DUPLA game. All the cards feature six images and the challenge is to find your DOUBLE!<\/p>\n<p>With illustrations by Mafalda Milh\u00f5es and made up of 30 cards, this game joins the Opera\u00e7\u00e3o Nariz Vermelho collection of games in card deck format, so you can take it everywhere.<\/p>\n<p>There are several ways to play. You&#8217;ll find all the instructions inside the game box.<\/p>\n<p>And here&#8217;s a tip: the more decks there are, the more players can play and the longer the games can last. Making it more fun and challenging!<\/p>\n<p>Jogo da Dupla can also be a perfect charity souvenir to give to children and why not adults at weddings, christenings, birthday parties or other special celebrations!<\/p>\n<p>Illustration: Mafalda Milh\u00f5es<\/p>\n<p><iframe loading=\"lazy\" src=\"https:\/\/www.youtube.com\/embed\/vvRCEyFcMRE\" width=\"315\" height=\"560\" frameborder=\"0\" allowfullscreen=\"allowfullscreen\"><\/iframe><\/p>\n<p>&nbsp;<\/p>\n<p style=\"text-align: center\">Free shipping thanks to the support of our partner:<\/p>\n<p style=\"text-align: center\"><a href=\"https:\/\/torrestir.com\/\"><img loading=\"lazy\" decoding=\"async\" class=\"size-full wp-image-11177 aligncenter\" src=\"https:\/\/narizvermelho.pt\/wp-content\/uploads\/2023\/11\/Logotipo-pequeno-Torrestir.png\" alt=\"\" width=\"140\" height=\"47\" \/><\/a><\/p>\n<p style=\"text-align: center\">Delivery time: 2 to 5 working days.<\/p>\n<p style=\"text-align: center\">100% of the proceeds go to our mission!<\/p>\n","protected":false},"featured_media":14351,"comment_status":"open","ping_status":"closed","template":"","meta":{"rs_blank_template":"","rs_page_bg_color":"","slide_template_v7":"","inline_featured_image":false,"_uag_custom_page_level_css":""},"product_brand":[],"product_cat":[139,140],"product_tag":[141,135,138],"class_list":{"0":"post-26807","1":"product","2":"type-product","3":"status-publish","4":"has-post-thumbnail","6":"product_cat-jogos-en","7":"product_cat-lembrancas-solidarias-en","8":"product_tag-jogos-en","9":"product_tag-mafalda-milhoes-en","10":"product_tag-solidarity-souvenirs","12":"first","13":"instock","14":"taxable","15":"shipping-taxable","16":"purchasable","17":"product-type-simple"},"yoast_head":"<!-- This site is optimized with the Yoast SEO plugin v27.3 - https:\/\/yoast.com\/product\/yoast-seo-wordpress\/ -->\n<title>Doubles Game (C\u00f3pia) - Opera\u00e7\u00e3o Nariz Vermelho<\/title>\n<meta name=\"description\" content=\"Thinking of a game that will bring the whole family and friends together, we&#039;ve created the classic, fun and timeless Opera\u00e7\u00e3o Nariz Vermelho memory game. With illustrations by Mafalda Milh\u00f5es and made up of 30 cards, this game, in the format of a pack of cards, is great company whether you&#039;re at home, on the beach, at the local caf\u00e9 or even on a car journey. Because Doctor Clowns are better as a duo! Exercise your memory and concentration with the ONV Memory Game and help us bring joy to hospitalised children.\" \/>\n<meta name=\"robots\" content=\"index, follow, max-snippet:-1, max-image-preview:large, max-video-preview:-1\" \/>\n<link rel=\"canonical\" href=\"https:\/\/narizvermelho.pt\/en\/produto\/doubles-game-copia\/\" \/>\n<meta property=\"og:locale\" content=\"en_US\" \/>\n<meta property=\"og:type\" content=\"article\" \/>\n<meta property=\"og:title\" content=\"Jogo da Dupla\" \/>\n<meta property=\"og:description\" content=\"Os Doutores Palha\u00e7os da Opera\u00e7\u00e3o Nariz Vermelho trabalham sempre em DUPLA.N\u00e3o existe o \u201cum\u201d sem o \u201coutro\u201d nem o \u201coutro\u201d sem o \u201cum\u201d :\ud83d\udd34)No Jogo da DUPLA tamb\u00e9m \u00e9 assim. Todas as cartas apresentam seis imagens e o desafio \u00e9: encontrar a sua DUPLA!Com ilustra\u00e7\u00f5es de Mafalda Milh\u00f5es e composto por 30 cartas, este jogo\u00a0 vem juntar-se \u00e0 cole\u00e7\u00e3o de jogos da Opera\u00e7\u00e3o Nariz Vermelho , em formato de baralho de cartas, para o poderes levares para todo o lado.H\u00e1 v\u00e1rias formas de jogar. Encontrar\u00e1s todas as instru\u00e7\u00f5es dentro da caixa do jogo.E damos-te uma dica: quantos mais baralhos tiverem em jogo, mais jogadores podem jogar e mais tempo os jogos podem durar. Tornando-se assim mais divertido e desafiante!O Jogo da Dupla pode ser tamb\u00e9m uma lembran\u00e7a solid\u00e1ria perfeita para oferecer \u00e0s crian\u00e7as e porque n\u00e3o aos adultos, em casamentos, batizados, festas de anivers\u00e1rio ou outras celebra\u00e7\u00f5es especiais!\" \/>\n<meta property=\"og:url\" content=\"https:\/\/narizvermelho.pt\/en\/produto\/doubles-game-copia\/\" \/>\n<meta property=\"og:site_name\" content=\"Opera\u00e7\u00e3o Nariz Vermelho\" \/>\n<meta property=\"article:publisher\" content=\"https:\/\/www.facebook.com\/NarizVermelho\/\" \/>\n<meta property=\"og:image\" content=\"https:\/\/narizvermelho.pt\/wp-content\/uploads\/2024\/02\/ONV_Jogo_da_Dupla.png\" \/>\n\t<meta property=\"og:image:width\" content=\"1080\" \/>\n\t<meta property=\"og:image:height\" content=\"1080\" \/>\n\t<meta property=\"og:image:type\" content=\"image\/png\" \/>\n<meta name=\"twitter:card\" content=\"summary_large_image\" \/>\n<meta name=\"twitter:label1\" content=\"Est. reading time\" \/>\n\t<meta name=\"twitter:data1\" content=\"3 minutes\" \/>\n<script type=\"application\/ld+json\" class=\"yoast-schema-graph\">{\"@context\":\"https:\\\/\\\/schema.org\",\"@graph\":[{\"@type\":\"WebPage\",\"@id\":\"https:\\\/\\\/narizvermelho.pt\\\/en\\\/produto\\\/doubles-game-copia\\\/\",\"url\":\"https:\\\/\\\/narizvermelho.pt\\\/en\\\/produto\\\/doubles-game-copia\\\/\",\"name\":\"Doubles Game (C\u00f3pia) - Opera\u00e7\u00e3o Nariz Vermelho\",\"isPartOf\":{\"@id\":\"https:\\\/\\\/narizvermelho.pt\\\/en\\\/#website\"},\"primaryImageOfPage\":{\"@id\":\"https:\\\/\\\/narizvermelho.pt\\\/en\\\/produto\\\/doubles-game-copia\\\/#primaryimage\"},\"image\":{\"@id\":\"https:\\\/\\\/narizvermelho.pt\\\/en\\\/produto\\\/doubles-game-copia\\\/#primaryimage\"},\"thumbnailUrl\":\"https:\\\/\\\/narizvermelho.pt\\\/wp-content\\\/uploads\\\/2024\\\/05\\\/ONV_shop_-_-DoublesGame.png\",\"datePublished\":\"2025-03-06T09:00:35+00:00\",\"description\":\"Thinking of a game that will bring the whole family and friends together, we've created the classic, fun and timeless Opera\u00e7\u00e3o Nariz Vermelho memory game. With illustrations by Mafalda Milh\u00f5es and made up of 30 cards, this game, in the format of a pack of cards, is great company whether you're at home, on the beach, at the local caf\u00e9 or even on a car journey. Because Doctor Clowns are better as a duo! Exercise your memory and concentration with the ONV Memory Game and help us bring joy to hospitalised children.\",\"breadcrumb\":{\"@id\":\"https:\\\/\\\/narizvermelho.pt\\\/en\\\/produto\\\/doubles-game-copia\\\/#breadcrumb\"},\"inLanguage\":\"en-US\",\"potentialAction\":[{\"@type\":\"ReadAction\",\"target\":[\"https:\\\/\\\/narizvermelho.pt\\\/en\\\/produto\\\/doubles-game-copia\\\/\"]}]},{\"@type\":\"ImageObject\",\"inLanguage\":\"en-US\",\"@id\":\"https:\\\/\\\/narizvermelho.pt\\\/en\\\/produto\\\/doubles-game-copia\\\/#primaryimage\",\"url\":\"https:\\\/\\\/narizvermelho.pt\\\/wp-content\\\/uploads\\\/2024\\\/05\\\/ONV_shop_-_-DoublesGame.png\",\"contentUrl\":\"https:\\\/\\\/narizvermelho.pt\\\/wp-content\\\/uploads\\\/2024\\\/05\\\/ONV_shop_-_-DoublesGame.png\",\"width\":1080,\"height\":1080,\"caption\":\"doubles game\"},{\"@type\":\"BreadcrumbList\",\"@id\":\"https:\\\/\\\/narizvermelho.pt\\\/en\\\/produto\\\/doubles-game-copia\\\/#breadcrumb\",\"itemListElement\":[{\"@type\":\"ListItem\",\"position\":1,\"name\":\"In\u00edcio\",\"item\":\"https:\\\/\\\/narizvermelho.pt\\\/en\\\/\"},{\"@type\":\"ListItem\",\"position\":2,\"name\":\"Shop\",\"item\":\"https:\\\/\\\/narizvermelho.pt\\\/en\\\/shop\\\/\"},{\"@type\":\"ListItem\",\"position\":3,\"name\":\"Doubles Game (C\u00f3pia)\"}]},{\"@type\":\"WebSite\",\"@id\":\"https:\\\/\\\/narizvermelho.pt\\\/en\\\/#website\",\"url\":\"https:\\\/\\\/narizvermelho.pt\\\/en\\\/\",\"name\":\"Opera\u00e7\u00e3o Nariz Vermelho\",\"description\":\"Receitamos alegria \u00e0s crian\u00e7as hospitalizadas\",\"publisher\":{\"@id\":\"https:\\\/\\\/narizvermelho.pt\\\/en\\\/#organization\"},\"potentialAction\":[{\"@type\":\"SearchAction\",\"target\":{\"@type\":\"EntryPoint\",\"urlTemplate\":\"https:\\\/\\\/narizvermelho.pt\\\/en\\\/?s={search_term_string}\"},\"query-input\":{\"@type\":\"PropertyValueSpecification\",\"valueRequired\":true,\"valueName\":\"search_term_string\"}}],\"inLanguage\":\"en-US\"},{\"@type\":\"Organization\",\"@id\":\"https:\\\/\\\/narizvermelho.pt\\\/en\\\/#organization\",\"name\":\"Opera\u00e7\u00e3o Nariz Vermelho\",\"url\":\"https:\\\/\\\/narizvermelho.pt\\\/en\\\/\",\"logo\":{\"@type\":\"ImageObject\",\"inLanguage\":\"en-US\",\"@id\":\"https:\\\/\\\/narizvermelho.pt\\\/en\\\/#\\\/schema\\\/logo\\\/image\\\/\",\"url\":\"https:\\\/\\\/narizvermelho.pt\\\/wp-content\\\/uploads\\\/2022\\\/05\\\/logo.svg\",\"contentUrl\":\"https:\\\/\\\/narizvermelho.pt\\\/wp-content\\\/uploads\\\/2022\\\/05\\\/logo.svg\",\"width\":258,\"height\":93,\"caption\":\"Opera\u00e7\u00e3o Nariz Vermelho\"},\"image\":{\"@id\":\"https:\\\/\\\/narizvermelho.pt\\\/en\\\/#\\\/schema\\\/logo\\\/image\\\/\"},\"sameAs\":[\"https:\\\/\\\/www.facebook.com\\\/NarizVermelho\\\/\"]}]}<\/script>\n<!-- \/ Yoast SEO plugin. -->","yoast_head_json":{"title":"Doubles Game (C\u00f3pia) - Opera\u00e7\u00e3o Nariz Vermelho","description":"Thinking of a game that will bring the whole family and friends together, we've created the classic, fun and timeless Opera\u00e7\u00e3o Nariz Vermelho memory game. With illustrations by Mafalda Milh\u00f5es and made up of 30 cards, this game, in the format of a pack of cards, is great company whether you're at home, on the beach, at the local caf\u00e9 or even on a car journey. Because Doctor Clowns are better as a duo! Exercise your memory and concentration with the ONV Memory Game and help us bring joy to hospitalised children.","robots":{"index":"index","follow":"follow","max-snippet":"max-snippet:-1","max-image-preview":"max-image-preview:large","max-video-preview":"max-video-preview:-1"},"canonical":"https:\/\/narizvermelho.pt\/en\/produto\/doubles-game-copia\/","og_locale":"en_US","og_type":"article","og_title":"Jogo da Dupla","og_description":"Os Doutores Palha\u00e7os da Opera\u00e7\u00e3o Nariz Vermelho trabalham sempre em DUPLA.N\u00e3o existe o \u201cum\u201d sem o \u201coutro\u201d nem o \u201coutro\u201d sem o \u201cum\u201d :\ud83d\udd34)No Jogo da DUPLA tamb\u00e9m \u00e9 assim. Todas as cartas apresentam seis imagens e o desafio \u00e9: encontrar a sua DUPLA!Com ilustra\u00e7\u00f5es de Mafalda Milh\u00f5es e composto por 30 cartas, este jogo\u00a0 vem juntar-se \u00e0 cole\u00e7\u00e3o de jogos da Opera\u00e7\u00e3o Nariz Vermelho , em formato de baralho de cartas, para o poderes levares para todo o lado.H\u00e1 v\u00e1rias formas de jogar. Encontrar\u00e1s todas as instru\u00e7\u00f5es dentro da caixa do jogo.E damos-te uma dica: quantos mais baralhos tiverem em jogo, mais jogadores podem jogar e mais tempo os jogos podem durar. Tornando-se assim mais divertido e desafiante!O Jogo da Dupla pode ser tamb\u00e9m uma lembran\u00e7a solid\u00e1ria perfeita para oferecer \u00e0s crian\u00e7as e porque n\u00e3o aos adultos, em casamentos, batizados, festas de anivers\u00e1rio ou outras celebra\u00e7\u00f5es especiais!","og_url":"https:\/\/narizvermelho.pt\/en\/produto\/doubles-game-copia\/","og_site_name":"Opera\u00e7\u00e3o Nariz Vermelho","article_publisher":"https:\/\/www.facebook.com\/NarizVermelho\/","og_image":[{"width":1080,"height":1080,"url":"https:\/\/narizvermelho.pt\/wp-content\/uploads\/2024\/02\/ONV_Jogo_da_Dupla.png","type":"image\/png"}],"twitter_card":"summary_large_image","twitter_misc":{"Est. reading time":"3 minutes"},"schema":{"@context":"https:\/\/schema.org","@graph":[{"@type":"WebPage","@id":"https:\/\/narizvermelho.pt\/en\/produto\/doubles-game-copia\/","url":"https:\/\/narizvermelho.pt\/en\/produto\/doubles-game-copia\/","name":"Doubles Game (C\u00f3pia) - Opera\u00e7\u00e3o Nariz Vermelho","isPartOf":{"@id":"https:\/\/narizvermelho.pt\/en\/#website"},"primaryImageOfPage":{"@id":"https:\/\/narizvermelho.pt\/en\/produto\/doubles-game-copia\/#primaryimage"},"image":{"@id":"https:\/\/narizvermelho.pt\/en\/produto\/doubles-game-copia\/#primaryimage"},"thumbnailUrl":"https:\/\/narizvermelho.pt\/wp-content\/uploads\/2024\/05\/ONV_shop_-_-DoublesGame.png","datePublished":"2025-03-06T09:00:35+00:00","description":"Thinking of a game that will bring the whole family and friends together, we've created the classic, fun and timeless Opera\u00e7\u00e3o Nariz Vermelho memory game. With illustrations by Mafalda Milh\u00f5es and made up of 30 cards, this game, in the format of a pack of cards, is great company whether you're at home, on the beach, at the local caf\u00e9 or even on a car journey. Because Doctor Clowns are better as a duo! Exercise your memory and concentration with the ONV Memory Game and help us bring joy to hospitalised children.","breadcrumb":{"@id":"https:\/\/narizvermelho.pt\/en\/produto\/doubles-game-copia\/#breadcrumb"},"inLanguage":"en-US","potentialAction":[{"@type":"ReadAction","target":["https:\/\/narizvermelho.pt\/en\/produto\/doubles-game-copia\/"]}]},{"@type":"ImageObject","inLanguage":"en-US","@id":"https:\/\/narizvermelho.pt\/en\/produto\/doubles-game-copia\/#primaryimage","url":"https:\/\/narizvermelho.pt\/wp-content\/uploads\/2024\/05\/ONV_shop_-_-DoublesGame.png","contentUrl":"https:\/\/narizvermelho.pt\/wp-content\/uploads\/2024\/05\/ONV_shop_-_-DoublesGame.png","width":1080,"height":1080,"caption":"doubles game"},{"@type":"BreadcrumbList","@id":"https:\/\/narizvermelho.pt\/en\/produto\/doubles-game-copia\/#breadcrumb","itemListElement":[{"@type":"ListItem","position":1,"name":"In\u00edcio","item":"https:\/\/narizvermelho.pt\/en\/"},{"@type":"ListItem","position":2,"name":"Shop","item":"https:\/\/narizvermelho.pt\/en\/shop\/"},{"@type":"ListItem","position":3,"name":"Doubles Game (C\u00f3pia)"}]},{"@type":"WebSite","@id":"https:\/\/narizvermelho.pt\/en\/#website","url":"https:\/\/narizvermelho.pt\/en\/","name":"Opera\u00e7\u00e3o Nariz Vermelho","description":"Receitamos alegria \u00e0s crian\u00e7as hospitalizadas","publisher":{"@id":"https:\/\/narizvermelho.pt\/en\/#organization"},"potentialAction":[{"@type":"SearchAction","target":{"@type":"EntryPoint","urlTemplate":"https:\/\/narizvermelho.pt\/en\/?s={search_term_string}"},"query-input":{"@type":"PropertyValueSpecification","valueRequired":true,"valueName":"search_term_string"}}],"inLanguage":"en-US"},{"@type":"Organization","@id":"https:\/\/narizvermelho.pt\/en\/#organization","name":"Opera\u00e7\u00e3o Nariz Vermelho","url":"https:\/\/narizvermelho.pt\/en\/","logo":{"@type":"ImageObject","inLanguage":"en-US","@id":"https:\/\/narizvermelho.pt\/en\/#\/schema\/logo\/image\/","url":"https:\/\/narizvermelho.pt\/wp-content\/uploads\/2022\/05\/logo.svg","contentUrl":"https:\/\/narizvermelho.pt\/wp-content\/uploads\/2022\/05\/logo.svg","width":258,"height":93,"caption":"Opera\u00e7\u00e3o Nariz Vermelho"},"image":{"@id":"https:\/\/narizvermelho.pt\/en\/#\/schema\/logo\/image\/"},"sameAs":["https:\/\/www.facebook.com\/NarizVermelho\/"]}]}},"uagb_featured_image_src":{"full":["https:\/\/narizvermelho.pt\/wp-content\/uploads\/2024\/05\/ONV_shop_-_-DoublesGame.png",1080,1080,false],"thumbnail":["https:\/\/narizvermelho.pt\/wp-content\/uploads\/2024\/05\/ONV_shop_-_-DoublesGame-150x150.png",150,150,true],"medium":["https:\/\/narizvermelho.pt\/wp-content\/uploads\/2024\/05\/ONV_shop_-_-DoublesGame-300x300.png",300,300,true],"medium_large":["https:\/\/narizvermelho.pt\/wp-content\/uploads\/2024\/05\/ONV_shop_-_-DoublesGame-768x768.png",768,768,true],"large":["https:\/\/narizvermelho.pt\/wp-content\/uploads\/2024\/05\/ONV_shop_-_-DoublesGame-1024x1024.png",1024,1024,true],"1536x1536":["https:\/\/narizvermelho.pt\/wp-content\/uploads\/2024\/05\/ONV_shop_-_-DoublesGame.png",1080,1080,false],"2048x2048":["https:\/\/narizvermelho.pt\/wp-content\/uploads\/2024\/05\/ONV_shop_-_-DoublesGame.png",1080,1080,false],"portfolio-thumb":["https:\/\/narizvermelho.pt\/wp-content\/uploads\/2024\/05\/ONV_shop_-_-DoublesGame-600x403.png",600,403,true],"nectar_small_square":["https:\/\/narizvermelho.pt\/wp-content\/uploads\/2024\/05\/ONV_shop_-_-DoublesGame-140x140.png",140,140,true],"portfolio-thumb_large":["https:\/\/narizvermelho.pt\/wp-content\/uploads\/2024\/05\/ONV_shop_-_-DoublesGame-900x604.png",900,604,true],"portfolio-thumb_small":["https:\/\/narizvermelho.pt\/wp-content\/uploads\/2024\/05\/ONV_shop_-_-DoublesGame-400x269.png",400,269,true],"portfolio-widget":["https:\/\/narizvermelho.pt\/wp-content\/uploads\/2024\/05\/ONV_shop_-_-DoublesGame-100x100.png",100,100,true],"regular":["https:\/\/narizvermelho.pt\/wp-content\/uploads\/2024\/05\/ONV_shop_-_-DoublesGame-500x500.png",500,500,true],"regular_photography":["https:\/\/narizvermelho.pt\/wp-content\/uploads\/2024\/05\/ONV_shop_-_-DoublesGame-450x600.png",450,600,true],"regular_small":["https:\/\/narizvermelho.pt\/wp-content\/uploads\/2024\/05\/ONV_shop_-_-DoublesGame-350x350.png",350,350,true],"regular_photography_small":["https:\/\/narizvermelho.pt\/wp-content\/uploads\/2024\/05\/ONV_shop_-_-DoublesGame-350x467.png",350,467,true],"wide_tall":["https:\/\/narizvermelho.pt\/wp-content\/uploads\/2024\/05\/ONV_shop_-_-DoublesGame-1000x1000.png",1000,1000,true],"wide_tall_photography":["https:\/\/narizvermelho.pt\/wp-content\/uploads\/2024\/05\/ONV_shop_-_-DoublesGame-900x1080.png",900,1080,true],"wide_photography":["https:\/\/narizvermelho.pt\/wp-content\/uploads\/2024\/05\/ONV_shop_-_-DoublesGame-900x600.png",900,600,true],"wide_photography_small":["https:\/\/narizvermelho.pt\/wp-content\/uploads\/2024\/05\/ONV_shop_-_-DoublesGame-675x450.png",675,450,true],"large_featured":["https:\/\/narizvermelho.pt\/wp-content\/uploads\/2024\/05\/ONV_shop_-_-DoublesGame-1080x770.png",1080,770,true],"medium_featured":["https:\/\/narizvermelho.pt\/wp-content\/uploads\/2024\/05\/ONV_shop_-_-DoublesGame-800x800.png",800,800,true],"woocommerce_thumbnail":["https:\/\/narizvermelho.pt\/wp-content\/uploads\/2024\/05\/ONV_shop_-_-DoublesGame-300x300.png",300,300,true],"woocommerce_single":["https:\/\/narizvermelho.pt\/wp-content\/uploads\/2024\/05\/ONV_shop_-_-DoublesGame-600x600.png",600,600,true],"woocommerce_gallery_thumbnail":["https:\/\/narizvermelho.pt\/wp-content\/uploads\/2024\/05\/ONV_shop_-_-DoublesGame-150x150.png",150,150,true]},"uagb_author_info":{"display_name":"Sara Ferr\u00e3o","author_link":"https:\/\/narizvermelho.pt\/en\/author\/"},"uagb_comment_info":6,"uagb_excerpt":"The Clown Doctors of Operation Red Nose always work in DOUBLE. There is no \"one\" without the \"other\" and no \"other\" without the \"one\" :\ud83d\udd34) This is also the case with the DUPLA game. All the cards feature six images and the challenge is to find your DOUBLE! With illustrations by Mafalda Milh\u00f5es and made&hellip;","jetpack_sharing_enabled":true,"_links":{"self":[{"href":"https:\/\/narizvermelho.pt\/en\/wp-json\/wp\/v2\/product\/26807","targetHints":{"allow":["GET"]}}],"collection":[{"href":"https:\/\/narizvermelho.pt\/en\/wp-json\/wp\/v2\/product"}],"about":[{"href":"https:\/\/narizvermelho.pt\/en\/wp-json\/wp\/v2\/types\/product"}],"replies":[{"embeddable":true,"href":"https:\/\/narizvermelho.pt\/en\/wp-json\/wp\/v2\/comments?post=26807"}],"wp:featuredmedia":[{"embeddable":true,"href":"https:\/\/narizvermelho.pt\/en\/wp-json\/wp\/v2\/media\/14351"}],"wp:attachment":[{"href":"https:\/\/narizvermelho.pt\/en\/wp-json\/wp\/v2\/media?parent=26807"}],"wp:term":[{"taxonomy":"product_brand","embeddable":true,"href":"https:\/\/narizvermelho.pt\/en\/wp-json\/wp\/v2\/product_brand?post=26807"},{"taxonomy":"product_cat","embeddable":true,"href":"https:\/\/narizvermelho.pt\/en\/wp-json\/wp\/v2\/product_cat?post=26807"},{"taxonomy":"product_tag","embeddable":true,"href":"https:\/\/narizvermelho.pt\/en\/wp-json\/wp\/v2\/product_tag?post=26807"}],"curies":[{"name":"wp","href":"https:\/\/api.w.org\/{rel}","templated":true}]}}