{"id":14511,"date":"2022-08-03T16:40:12","date_gmt":"2022-08-03T16:40:12","guid":{"rendered":"https:\/\/narizvermelho.pt\/produto\/coletanea-de-musicas-dos-doutores-palhacos-ai-senhores-doutores_\/"},"modified":"2024-05-15T14:27:51","modified_gmt":"2024-05-15T14:27:51","slug":"coletanea-de-musicas-dos-doutores-palhacos-ai-senhores-doutores_","status":"publish","type":"product","link":"https:\/\/narizvermelho.pt\/en\/produto\/coletanea-de-musicas-dos-doutores-palhacos-ai-senhores-doutores_\/","title":{"rendered":"The Clown Doctors&#8217; Songbook: Oh. Mr. Doctor"},"content":{"rendered":"<p style=\"text-align: center;\">Free shipping thanks to the support of our partner:<br \/>\n<a href=\"https:\/\/torrestir.com\/\"><img loading=\"lazy\" decoding=\"async\" class=\"size-full wp-image-11177 aligncenter\" src=\"https:\/\/narizvermelho.pt\/wp-content\/uploads\/2023\/11\/Logotipo-pequeno-Torrestir.png\" alt=\"\" width=\"140\" height=\"47\" \/><\/a><strong>Delivery time<\/strong>: 2 to 5 working days<\/p>\n<p style=\"text-align: center;\"><em><strong>100% of the proceeds go to our mission!<\/strong><\/em><\/p>\n","protected":false},"excerpt":{"rendered":"<p>The Clown Doctors&#8217; Songbook &#8211; Ai Senhores Doutores &#8211; brings together the songs of our beloved Clown Doctors.<\/p>\n<p>This CD is dedicated to Bia (Doctor da Gra\u00e7a), Z\u00e9 Ramalho (Doctor Cinho do C\u00e9u), Maria Zamora (Doctor Tutti-Frutti) and all children!<\/p>\n<p><strong>It contains the themes:<\/strong><br \/>\nI&#8217;m home, I&#8217;m home;<br \/>\nOh, Doctors;<br \/>\nF\u00e9lix goes on holiday;<br \/>\nMy lanky dad;<br \/>\nIt&#8217;s time for porridge;<br \/>\nFeijoada;<br \/>\nMeow meow;<br \/>\nSick at last;<br \/>\nGrandma;<br \/>\nBye, bye (tummy giving out);<br \/>\nIt&#8217;s time for bed.<\/p>\n<p><strong>Technical data:<\/strong><br \/>\n<strong>Programming &amp; Arrangements<\/strong>: Pacas and Pedro Fontainhas (all songs except no. 6);<br \/>\n<strong>Guitar<\/strong>: Tiago Santos (songs no. 2, 5, 7, 8, 10 and 11)<br \/>\n<strong>Bass<\/strong>: Tiago Santos (songs no. 3, 4, 7, 8, 9, 10)<br \/>\n<strong>Ukelele<\/strong>: Tiago Santos (songs no. 1, 2) Andreas Piper (song no. 3)<br \/>\n<strong>Percussion<\/strong>: Mestre Capit\u00e3o (songs no. 1, 10) Nuno Cintr\u00e3o (song no. 1) Pacas &amp; Jo\u00e3o Paulo Reis (song no. 2)<br \/>\n<strong>Keyboards<\/strong>: Pedro Fontainhas (all songs except no. 1 and 6)<br \/>\n<strong>Accordion<\/strong>: Jean Marc Charmier (song no. 9)<br \/>\n<strong>Illustrations<\/strong>: Mafalda Milh\u00f5es<br \/>\n<strong>Graphics<\/strong>: Pedro Maia<br \/>\n<strong>Production<\/strong>: Pacas and Pedro Fontainhas<br \/>\n<strong>Mixing<\/strong>: Pedro Costa<br \/>\n<strong>Mastering<\/strong>: Paula Soares<br \/>\n<strong>Acknowledgements<\/strong>: Jean Marc Charmier, Jo\u00e3o Sousa and ESMAE Porto staff, Laura Piper, Lucas Luis, Mestre Capit\u00e3o, Nuno Cintr\u00e3o, Ola and Lucas Mekelburg, Oscar Pato, Pedro Costa, Pedro Fontainhas, Pedro Romero, Ram\u00f3n Galarza, Ruben Antunes, Samuel Pinto, Tiago Santos, Vasco and Matilde Rebelo dos Santos, V\u00edtor Sarmiento.<\/p>\n","protected":false},"featured_media":14344,"comment_status":"closed","ping_status":"closed","template":"","meta":{"rs_blank_template":"","rs_page_bg_color":"","slide_template_v7":"","inline_featured_image":false,"_uag_custom_page_level_css":""},"product_brand":[],"product_cat":[136],"product_tag":[157],"class_list":{"0":"post-14511","1":"product","2":"type-product","3":"status-publish","4":"has-post-thumbnail","6":"product_cat-no-category","7":"product_tag-beatriz-quintella-en","9":"first","10":"instock","11":"taxable","12":"shipping-taxable","13":"purchasable","14":"product-type-simple"},"yoast_head":"<!-- This site is optimized with the Yoast SEO plugin v27.5 - https:\/\/yoast.com\/product\/yoast-seo-wordpress\/ -->\n<title>The Clown Doctors&#039; Songbook: Oh. Mr. Doctor - Opera\u00e7\u00e3o Nariz Vermelho<\/title>\n<meta name=\"description\" content=\"The Clown Doctors&#039; Songbook - Ai Senhores Doutores - brings together the songs of our beloved Clown Doctors.  This CD is dedicated to Bia (Doctor da Gra\u00e7a), Z\u00e9 Ramalho (Doctor Cinho do C\u00e9u), Maria Zamora (Doctor Tutti-Frutti) and all children!  It contains the themes: I&#039;m home, I&#039;m home; Oh, Doctors; F\u00e9lix goes on holiday; My lanky dad; It&#039;s time for porridge; Feijoada; Meow meow; Sick at last; Grandma; Bye, bye (tummy giving out); It&#039;s time for bed.  Technical data: Programming &amp; Arrangements: Pacas and Pedro Fontainhas (all songs except no. 6); Guitar: Tiago Santos (songs no. 2, 5, 7, 8, 10 and 11) Bass: Tiago Santos (songs no. 3, 4, 7, 8, 9, 10) Ukelele: Tiago Santos (songs no. 1, 2) Andreas Piper (song no. 3) Percussion: Mestre Capit\u00e3o (songs no. 1, 10) Nuno Cintr\u00e3o (song no. 1) Pacas &amp; Jo\u00e3o Paulo Reis (song no. 2) Keyboards: Pedro Fontainhas (all songs except no. 1 and 6) Accordion: Jean Marc Charmier (song no. 9) Illustrations: Mafalda Milh\u00f5es Graphics: Pedro Maia Production: Pacas and Pedro Fontainhas Mixing: Pedro Costa Mastering: Paula Soares Acknowledgements: Jean Marc Charmier, Jo\u00e3o Sousa and ESMAE Porto staff, Laura Piper, Lucas Luis, Mestre Capit\u00e3o, Nuno Cintr\u00e3o, Ola and Lucas Mekelburg, Oscar Pato, Pedro Costa, Pedro Fontainhas, Pedro Romero, Ram\u00f3n Galarza, Ruben Antunes, Samuel Pinto, Tiago Santos, Vasco and Matilde Rebelo dos Santos, V\u00edtor Sarmiento.\" \/>\n<meta name=\"robots\" content=\"index, follow, max-snippet:-1, max-image-preview:large, max-video-preview:-1\" \/>\n<link rel=\"canonical\" href=\"https:\/\/narizvermelho.pt\/en\/produto\/coletanea-de-musicas-dos-doutores-palhacos-ai-senhores-doutores_\/\" \/>\n<meta property=\"og:locale\" content=\"en_US\" \/>\n<meta property=\"og:type\" content=\"article\" \/>\n<meta property=\"og:title\" content=\"The Clown Doctors&#039; Songbook: Oh. Mr. Doctor - Opera\u00e7\u00e3o Nariz Vermelho\" \/>\n<meta property=\"og:description\" content=\"The Clown Doctors&#039; Songbook - Ai Senhores Doutores - brings together the songs of our beloved Clown Doctors.  This CD is dedicated to Bia (Doctor da Gra\u00e7a), Z\u00e9 Ramalho (Doctor Cinho do C\u00e9u), Maria Zamora (Doctor Tutti-Frutti) and all children!  It contains the themes: I&#039;m home, I&#039;m home; Oh, Doctors; F\u00e9lix goes on holiday; My lanky dad; It&#039;s time for porridge; Feijoada; Meow meow; Sick at last; Grandma; Bye, bye (tummy giving out); It&#039;s time for bed.  Technical data: Programming &amp; Arrangements: Pacas and Pedro Fontainhas (all songs except no. 6); Guitar: Tiago Santos (songs no. 2, 5, 7, 8, 10 and 11) Bass: Tiago Santos (songs no. 3, 4, 7, 8, 9, 10) Ukelele: Tiago Santos (songs no. 1, 2) Andreas Piper (song no. 3) Percussion: Mestre Capit\u00e3o (songs no. 1, 10) Nuno Cintr\u00e3o (song no. 1) Pacas &amp; Jo\u00e3o Paulo Reis (song no. 2) Keyboards: Pedro Fontainhas (all songs except no. 1 and 6) Accordion: Jean Marc Charmier (song no. 9) Illustrations: Mafalda Milh\u00f5es Graphics: Pedro Maia Production: Pacas and Pedro Fontainhas Mixing: Pedro Costa Mastering: Paula Soares Acknowledgements: Jean Marc Charmier, Jo\u00e3o Sousa and ESMAE Porto staff, Laura Piper, Lucas Luis, Mestre Capit\u00e3o, Nuno Cintr\u00e3o, Ola and Lucas Mekelburg, Oscar Pato, Pedro Costa, Pedro Fontainhas, Pedro Romero, Ram\u00f3n Galarza, Ruben Antunes, Samuel Pinto, Tiago Santos, Vasco and Matilde Rebelo dos Santos, V\u00edtor Sarmiento.\" \/>\n<meta property=\"og:url\" content=\"https:\/\/narizvermelho.pt\/en\/produto\/coletanea-de-musicas-dos-doutores-palhacos-ai-senhores-doutores_\/\" \/>\n<meta property=\"og:site_name\" content=\"Opera\u00e7\u00e3o Nariz Vermelho\" \/>\n<meta property=\"article:publisher\" content=\"https:\/\/www.facebook.com\/NarizVermelho\/\" \/>\n<meta property=\"article:modified_time\" content=\"2024-05-15T14:27:51+00:00\" \/>\n<meta property=\"og:image\" content=\"https:\/\/narizvermelho.pt\/wp-content\/uploads\/2024\/05\/ONV_shop_-_-CD-OhMrDoctors.png\" \/>\n\t<meta property=\"og:image:width\" content=\"1080\" \/>\n\t<meta property=\"og:image:height\" content=\"1080\" \/>\n\t<meta property=\"og:image:type\" content=\"image\/png\" \/>\n<meta name=\"twitter:card\" content=\"summary_large_image\" \/>\n<meta name=\"twitter:label1\" content=\"Est. reading time\" \/>\n\t<meta name=\"twitter:data1\" content=\"1 minute\" \/>\n<script type=\"application\/ld+json\" class=\"yoast-schema-graph\">{\"@context\":\"https:\\\/\\\/schema.org\",\"@graph\":[{\"@type\":\"WebPage\",\"@id\":\"https:\\\/\\\/narizvermelho.pt\\\/en\\\/produto\\\/coletanea-de-musicas-dos-doutores-palhacos-ai-senhores-doutores_\\\/\",\"url\":\"https:\\\/\\\/narizvermelho.pt\\\/en\\\/produto\\\/coletanea-de-musicas-dos-doutores-palhacos-ai-senhores-doutores_\\\/\",\"name\":\"The Clown Doctors' Songbook: Oh. Mr. Doctor - Opera\u00e7\u00e3o Nariz Vermelho\",\"isPartOf\":{\"@id\":\"https:\\\/\\\/narizvermelho.pt\\\/en\\\/#website\"},\"primaryImageOfPage\":{\"@id\":\"https:\\\/\\\/narizvermelho.pt\\\/en\\\/produto\\\/coletanea-de-musicas-dos-doutores-palhacos-ai-senhores-doutores_\\\/#primaryimage\"},\"image\":{\"@id\":\"https:\\\/\\\/narizvermelho.pt\\\/en\\\/produto\\\/coletanea-de-musicas-dos-doutores-palhacos-ai-senhores-doutores_\\\/#primaryimage\"},\"thumbnailUrl\":\"https:\\\/\\\/narizvermelho.pt\\\/wp-content\\\/uploads\\\/2024\\\/05\\\/ONV_shop_-_-CD-OhMrDoctors.png\",\"datePublished\":\"2022-08-03T16:40:12+00:00\",\"dateModified\":\"2024-05-15T14:27:51+00:00\",\"description\":\"The Clown Doctors' Songbook - Ai Senhores Doutores - brings together the songs of our beloved Clown Doctors. This CD is dedicated to Bia (Doctor da Gra\u00e7a), Z\u00e9 Ramalho (Doctor Cinho do C\u00e9u), Maria Zamora (Doctor Tutti-Frutti) and all children! It contains the themes: I'm home, I'm home; Oh, Doctors; F\u00e9lix goes on holiday; My lanky dad; It's time for porridge; Feijoada; Meow meow; Sick at last; Grandma; Bye, bye (tummy giving out); It's time for bed. Technical data: Programming &amp; Arrangements: Pacas and Pedro Fontainhas (all songs except no. 6); Guitar: Tiago Santos (songs no. 2, 5, 7, 8, 10 and 11) Bass: Tiago Santos (songs no. 3, 4, 7, 8, 9, 10) Ukelele: Tiago Santos (songs no. 1, 2) Andreas Piper (song no. 3) Percussion: Mestre Capit\u00e3o (songs no. 1, 10) Nuno Cintr\u00e3o (song no. 1) Pacas &amp; Jo\u00e3o Paulo Reis (song no. 2) Keyboards: Pedro Fontainhas (all songs except no. 1 and 6) Accordion: Jean Marc Charmier (song no. 9) Illustrations: Mafalda Milh\u00f5es Graphics: Pedro Maia Production: Pacas and Pedro Fontainhas Mixing: Pedro Costa Mastering: Paula Soares Acknowledgements: Jean Marc Charmier, Jo\u00e3o Sousa and ESMAE Porto staff, Laura Piper, Lucas Luis, Mestre Capit\u00e3o, Nuno Cintr\u00e3o, Ola and Lucas Mekelburg, Oscar Pato, Pedro Costa, Pedro Fontainhas, Pedro Romero, Ram\u00f3n Galarza, Ruben Antunes, Samuel Pinto, Tiago Santos, Vasco and Matilde Rebelo dos Santos, V\u00edtor Sarmiento.\",\"breadcrumb\":{\"@id\":\"https:\\\/\\\/narizvermelho.pt\\\/en\\\/produto\\\/coletanea-de-musicas-dos-doutores-palhacos-ai-senhores-doutores_\\\/#breadcrumb\"},\"inLanguage\":\"en-US\",\"potentialAction\":[{\"@type\":\"ReadAction\",\"target\":[\"https:\\\/\\\/narizvermelho.pt\\\/en\\\/produto\\\/coletanea-de-musicas-dos-doutores-palhacos-ai-senhores-doutores_\\\/\"]}]},{\"@type\":\"ImageObject\",\"inLanguage\":\"en-US\",\"@id\":\"https:\\\/\\\/narizvermelho.pt\\\/en\\\/produto\\\/coletanea-de-musicas-dos-doutores-palhacos-ai-senhores-doutores_\\\/#primaryimage\",\"url\":\"https:\\\/\\\/narizvermelho.pt\\\/wp-content\\\/uploads\\\/2024\\\/05\\\/ONV_shop_-_-CD-OhMrDoctors.png\",\"contentUrl\":\"https:\\\/\\\/narizvermelho.pt\\\/wp-content\\\/uploads\\\/2024\\\/05\\\/ONV_shop_-_-CD-OhMrDoctors.png\",\"width\":1080,\"height\":1080,\"caption\":\"cd oh mr. doctors\"},{\"@type\":\"BreadcrumbList\",\"@id\":\"https:\\\/\\\/narizvermelho.pt\\\/en\\\/produto\\\/coletanea-de-musicas-dos-doutores-palhacos-ai-senhores-doutores_\\\/#breadcrumb\",\"itemListElement\":[{\"@type\":\"ListItem\",\"position\":1,\"name\":\"In\u00edcio\",\"item\":\"https:\\\/\\\/narizvermelho.pt\\\/en\\\/\"},{\"@type\":\"ListItem\",\"position\":2,\"name\":\"Shop\",\"item\":\"https:\\\/\\\/narizvermelho.pt\\\/en\\\/shop\\\/\"},{\"@type\":\"ListItem\",\"position\":3,\"name\":\"The Clown Doctors&#8217; Songbook: Oh. Mr. Doctor\"}]},{\"@type\":\"WebSite\",\"@id\":\"https:\\\/\\\/narizvermelho.pt\\\/en\\\/#website\",\"url\":\"https:\\\/\\\/narizvermelho.pt\\\/en\\\/\",\"name\":\"Opera\u00e7\u00e3o Nariz Vermelho\",\"description\":\"Receitamos alegria \u00e0s crian\u00e7as hospitalizadas\",\"publisher\":{\"@id\":\"https:\\\/\\\/narizvermelho.pt\\\/en\\\/#organization\"},\"potentialAction\":[{\"@type\":\"SearchAction\",\"target\":{\"@type\":\"EntryPoint\",\"urlTemplate\":\"https:\\\/\\\/narizvermelho.pt\\\/en\\\/?s={search_term_string}\"},\"query-input\":{\"@type\":\"PropertyValueSpecification\",\"valueRequired\":true,\"valueName\":\"search_term_string\"}}],\"inLanguage\":\"en-US\"},{\"@type\":\"Organization\",\"@id\":\"https:\\\/\\\/narizvermelho.pt\\\/en\\\/#organization\",\"name\":\"Opera\u00e7\u00e3o Nariz Vermelho\",\"url\":\"https:\\\/\\\/narizvermelho.pt\\\/en\\\/\",\"logo\":{\"@type\":\"ImageObject\",\"inLanguage\":\"en-US\",\"@id\":\"https:\\\/\\\/narizvermelho.pt\\\/en\\\/#\\\/schema\\\/logo\\\/image\\\/\",\"url\":\"https:\\\/\\\/narizvermelho.pt\\\/wp-content\\\/uploads\\\/2022\\\/05\\\/logo.svg\",\"contentUrl\":\"https:\\\/\\\/narizvermelho.pt\\\/wp-content\\\/uploads\\\/2022\\\/05\\\/logo.svg\",\"width\":258,\"height\":93,\"caption\":\"Opera\u00e7\u00e3o Nariz Vermelho\"},\"image\":{\"@id\":\"https:\\\/\\\/narizvermelho.pt\\\/en\\\/#\\\/schema\\\/logo\\\/image\\\/\"},\"sameAs\":[\"https:\\\/\\\/www.facebook.com\\\/NarizVermelho\\\/\"]}]}<\/script>\n<!-- \/ Yoast SEO plugin. -->","yoast_head_json":{"title":"The Clown Doctors' Songbook: Oh. Mr. Doctor - Opera\u00e7\u00e3o Nariz Vermelho","description":"The Clown Doctors' Songbook - Ai Senhores Doutores - brings together the songs of our beloved Clown Doctors.  This CD is dedicated to Bia (Doctor da Gra\u00e7a), Z\u00e9 Ramalho (Doctor Cinho do C\u00e9u), Maria Zamora (Doctor Tutti-Frutti) and all children!  It contains the themes: I'm home, I'm home; Oh, Doctors; F\u00e9lix goes on holiday; My lanky dad; It's time for porridge; Feijoada; Meow meow; Sick at last; Grandma; Bye, bye (tummy giving out); It's time for bed.  Technical data: Programming &amp; Arrangements: Pacas and Pedro Fontainhas (all songs except no. 6); Guitar: Tiago Santos (songs no. 2, 5, 7, 8, 10 and 11) Bass: Tiago Santos (songs no. 3, 4, 7, 8, 9, 10) Ukelele: Tiago Santos (songs no. 1, 2) Andreas Piper (song no. 3) Percussion: Mestre Capit\u00e3o (songs no. 1, 10) Nuno Cintr\u00e3o (song no. 1) Pacas &amp; Jo\u00e3o Paulo Reis (song no. 2) Keyboards: Pedro Fontainhas (all songs except no. 1 and 6) Accordion: Jean Marc Charmier (song no. 9) Illustrations: Mafalda Milh\u00f5es Graphics: Pedro Maia Production: Pacas and Pedro Fontainhas Mixing: Pedro Costa Mastering: Paula Soares Acknowledgements: Jean Marc Charmier, Jo\u00e3o Sousa and ESMAE Porto staff, Laura Piper, Lucas Luis, Mestre Capit\u00e3o, Nuno Cintr\u00e3o, Ola and Lucas Mekelburg, Oscar Pato, Pedro Costa, Pedro Fontainhas, Pedro Romero, Ram\u00f3n Galarza, Ruben Antunes, Samuel Pinto, Tiago Santos, Vasco and Matilde Rebelo dos Santos, V\u00edtor Sarmiento.","robots":{"index":"index","follow":"follow","max-snippet":"max-snippet:-1","max-image-preview":"max-image-preview:large","max-video-preview":"max-video-preview:-1"},"canonical":"https:\/\/narizvermelho.pt\/en\/produto\/coletanea-de-musicas-dos-doutores-palhacos-ai-senhores-doutores_\/","og_locale":"en_US","og_type":"article","og_title":"The Clown Doctors' Songbook: Oh. Mr. Doctor - Opera\u00e7\u00e3o Nariz Vermelho","og_description":"The Clown Doctors' Songbook - Ai Senhores Doutores - brings together the songs of our beloved Clown Doctors.  This CD is dedicated to Bia (Doctor da Gra\u00e7a), Z\u00e9 Ramalho (Doctor Cinho do C\u00e9u), Maria Zamora (Doctor Tutti-Frutti) and all children!  It contains the themes: I'm home, I'm home; Oh, Doctors; F\u00e9lix goes on holiday; My lanky dad; It's time for porridge; Feijoada; Meow meow; Sick at last; Grandma; Bye, bye (tummy giving out); It's time for bed.  Technical data: Programming &amp; Arrangements: Pacas and Pedro Fontainhas (all songs except no. 6); Guitar: Tiago Santos (songs no. 2, 5, 7, 8, 10 and 11) Bass: Tiago Santos (songs no. 3, 4, 7, 8, 9, 10) Ukelele: Tiago Santos (songs no. 1, 2) Andreas Piper (song no. 3) Percussion: Mestre Capit\u00e3o (songs no. 1, 10) Nuno Cintr\u00e3o (song no. 1) Pacas &amp; Jo\u00e3o Paulo Reis (song no. 2) Keyboards: Pedro Fontainhas (all songs except no. 1 and 6) Accordion: Jean Marc Charmier (song no. 9) Illustrations: Mafalda Milh\u00f5es Graphics: Pedro Maia Production: Pacas and Pedro Fontainhas Mixing: Pedro Costa Mastering: Paula Soares Acknowledgements: Jean Marc Charmier, Jo\u00e3o Sousa and ESMAE Porto staff, Laura Piper, Lucas Luis, Mestre Capit\u00e3o, Nuno Cintr\u00e3o, Ola and Lucas Mekelburg, Oscar Pato, Pedro Costa, Pedro Fontainhas, Pedro Romero, Ram\u00f3n Galarza, Ruben Antunes, Samuel Pinto, Tiago Santos, Vasco and Matilde Rebelo dos Santos, V\u00edtor Sarmiento.","og_url":"https:\/\/narizvermelho.pt\/en\/produto\/coletanea-de-musicas-dos-doutores-palhacos-ai-senhores-doutores_\/","og_site_name":"Opera\u00e7\u00e3o Nariz Vermelho","article_publisher":"https:\/\/www.facebook.com\/NarizVermelho\/","article_modified_time":"2024-05-15T14:27:51+00:00","og_image":[{"width":1080,"height":1080,"url":"https:\/\/narizvermelho.pt\/wp-content\/uploads\/2024\/05\/ONV_shop_-_-CD-OhMrDoctors.png","type":"image\/png"}],"twitter_card":"summary_large_image","twitter_misc":{"Est. reading time":"1 minute"},"schema":{"@context":"https:\/\/schema.org","@graph":[{"@type":"WebPage","@id":"https:\/\/narizvermelho.pt\/en\/produto\/coletanea-de-musicas-dos-doutores-palhacos-ai-senhores-doutores_\/","url":"https:\/\/narizvermelho.pt\/en\/produto\/coletanea-de-musicas-dos-doutores-palhacos-ai-senhores-doutores_\/","name":"The Clown Doctors' Songbook: Oh. Mr. Doctor - Opera\u00e7\u00e3o Nariz Vermelho","isPartOf":{"@id":"https:\/\/narizvermelho.pt\/en\/#website"},"primaryImageOfPage":{"@id":"https:\/\/narizvermelho.pt\/en\/produto\/coletanea-de-musicas-dos-doutores-palhacos-ai-senhores-doutores_\/#primaryimage"},"image":{"@id":"https:\/\/narizvermelho.pt\/en\/produto\/coletanea-de-musicas-dos-doutores-palhacos-ai-senhores-doutores_\/#primaryimage"},"thumbnailUrl":"https:\/\/narizvermelho.pt\/wp-content\/uploads\/2024\/05\/ONV_shop_-_-CD-OhMrDoctors.png","datePublished":"2022-08-03T16:40:12+00:00","dateModified":"2024-05-15T14:27:51+00:00","description":"The Clown Doctors' Songbook - Ai Senhores Doutores - brings together the songs of our beloved Clown Doctors. This CD is dedicated to Bia (Doctor da Gra\u00e7a), Z\u00e9 Ramalho (Doctor Cinho do C\u00e9u), Maria Zamora (Doctor Tutti-Frutti) and all children! It contains the themes: I'm home, I'm home; Oh, Doctors; F\u00e9lix goes on holiday; My lanky dad; It's time for porridge; Feijoada; Meow meow; Sick at last; Grandma; Bye, bye (tummy giving out); It's time for bed. Technical data: Programming &amp; Arrangements: Pacas and Pedro Fontainhas (all songs except no. 6); Guitar: Tiago Santos (songs no. 2, 5, 7, 8, 10 and 11) Bass: Tiago Santos (songs no. 3, 4, 7, 8, 9, 10) Ukelele: Tiago Santos (songs no. 1, 2) Andreas Piper (song no. 3) Percussion: Mestre Capit\u00e3o (songs no. 1, 10) Nuno Cintr\u00e3o (song no. 1) Pacas &amp; Jo\u00e3o Paulo Reis (song no. 2) Keyboards: Pedro Fontainhas (all songs except no. 1 and 6) Accordion: Jean Marc Charmier (song no. 9) Illustrations: Mafalda Milh\u00f5es Graphics: Pedro Maia Production: Pacas and Pedro Fontainhas Mixing: Pedro Costa Mastering: Paula Soares Acknowledgements: Jean Marc Charmier, Jo\u00e3o Sousa and ESMAE Porto staff, Laura Piper, Lucas Luis, Mestre Capit\u00e3o, Nuno Cintr\u00e3o, Ola and Lucas Mekelburg, Oscar Pato, Pedro Costa, Pedro Fontainhas, Pedro Romero, Ram\u00f3n Galarza, Ruben Antunes, Samuel Pinto, Tiago Santos, Vasco and Matilde Rebelo dos Santos, V\u00edtor Sarmiento.","breadcrumb":{"@id":"https:\/\/narizvermelho.pt\/en\/produto\/coletanea-de-musicas-dos-doutores-palhacos-ai-senhores-doutores_\/#breadcrumb"},"inLanguage":"en-US","potentialAction":[{"@type":"ReadAction","target":["https:\/\/narizvermelho.pt\/en\/produto\/coletanea-de-musicas-dos-doutores-palhacos-ai-senhores-doutores_\/"]}]},{"@type":"ImageObject","inLanguage":"en-US","@id":"https:\/\/narizvermelho.pt\/en\/produto\/coletanea-de-musicas-dos-doutores-palhacos-ai-senhores-doutores_\/#primaryimage","url":"https:\/\/narizvermelho.pt\/wp-content\/uploads\/2024\/05\/ONV_shop_-_-CD-OhMrDoctors.png","contentUrl":"https:\/\/narizvermelho.pt\/wp-content\/uploads\/2024\/05\/ONV_shop_-_-CD-OhMrDoctors.png","width":1080,"height":1080,"caption":"cd oh mr. doctors"},{"@type":"BreadcrumbList","@id":"https:\/\/narizvermelho.pt\/en\/produto\/coletanea-de-musicas-dos-doutores-palhacos-ai-senhores-doutores_\/#breadcrumb","itemListElement":[{"@type":"ListItem","position":1,"name":"In\u00edcio","item":"https:\/\/narizvermelho.pt\/en\/"},{"@type":"ListItem","position":2,"name":"Shop","item":"https:\/\/narizvermelho.pt\/en\/shop\/"},{"@type":"ListItem","position":3,"name":"The Clown Doctors&#8217; Songbook: Oh. Mr. Doctor"}]},{"@type":"WebSite","@id":"https:\/\/narizvermelho.pt\/en\/#website","url":"https:\/\/narizvermelho.pt\/en\/","name":"Opera\u00e7\u00e3o Nariz Vermelho","description":"Receitamos alegria \u00e0s crian\u00e7as hospitalizadas","publisher":{"@id":"https:\/\/narizvermelho.pt\/en\/#organization"},"potentialAction":[{"@type":"SearchAction","target":{"@type":"EntryPoint","urlTemplate":"https:\/\/narizvermelho.pt\/en\/?s={search_term_string}"},"query-input":{"@type":"PropertyValueSpecification","valueRequired":true,"valueName":"search_term_string"}}],"inLanguage":"en-US"},{"@type":"Organization","@id":"https:\/\/narizvermelho.pt\/en\/#organization","name":"Opera\u00e7\u00e3o Nariz Vermelho","url":"https:\/\/narizvermelho.pt\/en\/","logo":{"@type":"ImageObject","inLanguage":"en-US","@id":"https:\/\/narizvermelho.pt\/en\/#\/schema\/logo\/image\/","url":"https:\/\/narizvermelho.pt\/wp-content\/uploads\/2022\/05\/logo.svg","contentUrl":"https:\/\/narizvermelho.pt\/wp-content\/uploads\/2022\/05\/logo.svg","width":258,"height":93,"caption":"Opera\u00e7\u00e3o Nariz Vermelho"},"image":{"@id":"https:\/\/narizvermelho.pt\/en\/#\/schema\/logo\/image\/"},"sameAs":["https:\/\/www.facebook.com\/NarizVermelho\/"]}]}},"uagb_featured_image_src":{"full":["https:\/\/narizvermelho.pt\/wp-content\/uploads\/2024\/05\/ONV_shop_-_-CD-OhMrDoctors.png",1080,1080,false],"thumbnail":["https:\/\/narizvermelho.pt\/wp-content\/uploads\/2024\/05\/ONV_shop_-_-CD-OhMrDoctors-150x150.png",150,150,true],"medium":["https:\/\/narizvermelho.pt\/wp-content\/uploads\/2024\/05\/ONV_shop_-_-CD-OhMrDoctors-300x300.png",300,300,true],"medium_large":["https:\/\/narizvermelho.pt\/wp-content\/uploads\/2024\/05\/ONV_shop_-_-CD-OhMrDoctors-768x768.png",768,768,true],"large":["https:\/\/narizvermelho.pt\/wp-content\/uploads\/2024\/05\/ONV_shop_-_-CD-OhMrDoctors-1024x1024.png",1024,1024,true],"1536x1536":["https:\/\/narizvermelho.pt\/wp-content\/uploads\/2024\/05\/ONV_shop_-_-CD-OhMrDoctors.png",1080,1080,false],"2048x2048":["https:\/\/narizvermelho.pt\/wp-content\/uploads\/2024\/05\/ONV_shop_-_-CD-OhMrDoctors.png",1080,1080,false],"portfolio-thumb":["https:\/\/narizvermelho.pt\/wp-content\/uploads\/2024\/05\/ONV_shop_-_-CD-OhMrDoctors-600x403.png",600,403,true],"nectar_small_square":["https:\/\/narizvermelho.pt\/wp-content\/uploads\/2024\/05\/ONV_shop_-_-CD-OhMrDoctors-140x140.png",140,140,true],"portfolio-thumb_large":["https:\/\/narizvermelho.pt\/wp-content\/uploads\/2024\/05\/ONV_shop_-_-CD-OhMrDoctors-900x604.png",900,604,true],"portfolio-thumb_small":["https:\/\/narizvermelho.pt\/wp-content\/uploads\/2024\/05\/ONV_shop_-_-CD-OhMrDoctors-400x269.png",400,269,true],"portfolio-widget":["https:\/\/narizvermelho.pt\/wp-content\/uploads\/2024\/05\/ONV_shop_-_-CD-OhMrDoctors-100x100.png",100,100,true],"regular":["https:\/\/narizvermelho.pt\/wp-content\/uploads\/2024\/05\/ONV_shop_-_-CD-OhMrDoctors-500x500.png",500,500,true],"regular_photography":["https:\/\/narizvermelho.pt\/wp-content\/uploads\/2024\/05\/ONV_shop_-_-CD-OhMrDoctors-450x600.png",450,600,true],"regular_small":["https:\/\/narizvermelho.pt\/wp-content\/uploads\/2024\/05\/ONV_shop_-_-CD-OhMrDoctors-350x350.png",350,350,true],"regular_photography_small":["https:\/\/narizvermelho.pt\/wp-content\/uploads\/2024\/05\/ONV_shop_-_-CD-OhMrDoctors-350x467.png",350,467,true],"wide_tall":["https:\/\/narizvermelho.pt\/wp-content\/uploads\/2024\/05\/ONV_shop_-_-CD-OhMrDoctors-1000x1000.png",1000,1000,true],"wide_tall_photography":["https:\/\/narizvermelho.pt\/wp-content\/uploads\/2024\/05\/ONV_shop_-_-CD-OhMrDoctors-900x1080.png",900,1080,true],"wide_photography":["https:\/\/narizvermelho.pt\/wp-content\/uploads\/2024\/05\/ONV_shop_-_-CD-OhMrDoctors-900x600.png",900,600,true],"wide_photography_small":["https:\/\/narizvermelho.pt\/wp-content\/uploads\/2024\/05\/ONV_shop_-_-CD-OhMrDoctors-675x450.png",675,450,true],"large_featured":["https:\/\/narizvermelho.pt\/wp-content\/uploads\/2024\/05\/ONV_shop_-_-CD-OhMrDoctors-1080x770.png",1080,770,true],"medium_featured":["https:\/\/narizvermelho.pt\/wp-content\/uploads\/2024\/05\/ONV_shop_-_-CD-OhMrDoctors-800x800.png",800,800,true],"woocommerce_thumbnail":["https:\/\/narizvermelho.pt\/wp-content\/uploads\/2024\/05\/ONV_shop_-_-CD-OhMrDoctors-300x300.png",300,300,true],"woocommerce_single":["https:\/\/narizvermelho.pt\/wp-content\/uploads\/2024\/05\/ONV_shop_-_-CD-OhMrDoctors-600x600.png",600,600,true],"woocommerce_gallery_thumbnail":["https:\/\/narizvermelho.pt\/wp-content\/uploads\/2024\/05\/ONV_shop_-_-CD-OhMrDoctors-150x150.png",150,150,true]},"uagb_author_info":{"display_name":"ONV Admin","author_link":"https:\/\/narizvermelho.pt\/en\/author\/"},"uagb_comment_info":0,"uagb_excerpt":"The Clown Doctors' Songbook - Ai Senhores Doutores - brings together the songs of our beloved Clown Doctors. This CD is dedicated to Bia (Doctor da Gra\u00e7a), Z\u00e9 Ramalho (Doctor Cinho do C\u00e9u), Maria Zamora (Doctor Tutti-Frutti) and all children! It contains the themes: I'm home, I'm home; Oh, Doctors; F\u00e9lix goes on holiday; My&hellip;","jetpack_sharing_enabled":true,"_links":{"self":[{"href":"https:\/\/narizvermelho.pt\/en\/wp-json\/wp\/v2\/product\/14511","targetHints":{"allow":["GET"]}}],"collection":[{"href":"https:\/\/narizvermelho.pt\/en\/wp-json\/wp\/v2\/product"}],"about":[{"href":"https:\/\/narizvermelho.pt\/en\/wp-json\/wp\/v2\/types\/product"}],"replies":[{"embeddable":true,"href":"https:\/\/narizvermelho.pt\/en\/wp-json\/wp\/v2\/comments?post=14511"}],"wp:featuredmedia":[{"embeddable":true,"href":"https:\/\/narizvermelho.pt\/en\/wp-json\/wp\/v2\/media\/14344"}],"wp:attachment":[{"href":"https:\/\/narizvermelho.pt\/en\/wp-json\/wp\/v2\/media?parent=14511"}],"wp:term":[{"taxonomy":"product_brand","embeddable":true,"href":"https:\/\/narizvermelho.pt\/en\/wp-json\/wp\/v2\/product_brand?post=14511"},{"taxonomy":"product_cat","embeddable":true,"href":"https:\/\/narizvermelho.pt\/en\/wp-json\/wp\/v2\/product_cat?post=14511"},{"taxonomy":"product_tag","embeddable":true,"href":"https:\/\/narizvermelho.pt\/en\/wp-json\/wp\/v2\/product_tag?post=14511"}],"curies":[{"name":"wp","href":"https:\/\/api.w.org\/{rel}","templated":true}]}}