{"id":14255,"date":"2022-08-02T01:54:39","date_gmt":"2022-08-02T01:54:39","guid":{"rendered":"https:\/\/narizvermelho.pt\/produto\/baralho-de-cartas-2022\/"},"modified":"2024-05-15T14:00:23","modified_gmt":"2024-05-15T14:00:23","slug":"baralho-de-cartas-2022","status":"publish","type":"product","link":"https:\/\/narizvermelho.pt\/en\/produto\/baralho-de-cartas-2022\/","title":{"rendered":"Deck of Cards 2022"},"content":{"rendered":"<p style=\"text-align: center;\"><a href=\"https:\/\/torrestir.com\/\">Free shipping thanks to the support of our partner:<img loading=\"lazy\" decoding=\"async\" class=\"size-full wp-image-11177 aligncenter\" src=\"https:\/\/narizvermelho.pt\/wp-content\/uploads\/2023\/11\/Logotipo-pequeno-Torrestir.png\" alt=\"\" width=\"140\" height=\"47\" \/><\/a><strong>Delivery time<\/strong>: 2 to 5 working days<\/p>\n<p style=\"text-align: center;\"><em><strong>100% of the proceeds go to our mission!<\/strong><\/em><\/p>\n","protected":false},"excerpt":{"rendered":"<p>Some things never go out of fashion and playing cards is one of them! How about reminiscing about the card games you enjoyed most in your childhood? It&#8217;s a timeless game that will bring the whole family together! The ONV deck is great company whether you&#8217;re at home, on the beach, in the street caf\u00e9 or even in the lift&#8230; It&#8217;s guaranteed to entertain kids and adults alike at all times! And that&#8217;s not all! It promises to unblock any awkward situation and is especially suitable for use without moderation.<\/p>\n<p>The Opera\u00e7\u00e3o Nariz Vermelho card deck can also be the perfect charity souvenir to give away at weddings, christenings, birthday parties or other special celebrations!<\/p>\n<p><strong>Illustration<\/strong>: Mafalda Milh\u00f5es<\/p>\n<p>&nbsp;<\/p>\n","protected":false},"featured_media":14348,"comment_status":"closed","ping_status":"closed","template":"","meta":{"inline_featured_image":false,"_uag_custom_page_level_css":""},"product_brand":[],"product_cat":[139,140],"product_tag":[149,141,138],"class_list":{"0":"post-14255","1":"product","2":"type-product","3":"status-publish","4":"has-post-thumbnail","6":"product_cat-jogos-en","7":"product_cat-lembrancas-solidarias-en","8":"product_tag-ilustracoes-mafalda-milhoes-en","9":"product_tag-jogos-en","10":"product_tag-solidarity-souvenirs","12":"first","13":"instock","14":"taxable","15":"shipping-taxable","16":"purchasable","17":"product-type-simple"},"yoast_head":"<!-- This site is optimized with the Yoast SEO plugin v27.3 - https:\/\/yoast.com\/product\/yoast-seo-wordpress\/ -->\n<title>Deck of Cards 2022 - Opera\u00e7\u00e3o Nariz Vermelho<\/title>\n<meta name=\"description\" content=\"Some things never go out of fashion and playing cards is one of them! How about reminiscing about the card games you enjoyed most in your childhood? It&#039;s a timeless game that will bring the whole family together! The ONV deck is great company whether you&#039;re at home, on the beach, in the street caf\u00e9 or even in the lift... It&#039;s guaranteed to entertain kids and adults alike at all times! And that&#039;s not all! It promises to unblock any awkward situation and is especially suitable for use without moderation.\" \/>\n<meta name=\"robots\" content=\"index, follow, max-snippet:-1, max-image-preview:large, max-video-preview:-1\" \/>\n<link rel=\"canonical\" href=\"https:\/\/narizvermelho.pt\/en\/produto\/baralho-de-cartas-2022\/\" \/>\n<meta property=\"og:locale\" content=\"en_US\" \/>\n<meta property=\"og:type\" content=\"article\" \/>\n<meta property=\"og:title\" content=\"Deck of Cards 2022 - Opera\u00e7\u00e3o Nariz Vermelho\" \/>\n<meta property=\"og:description\" content=\"Some things never go out of fashion and playing cards is one of them! How about reminiscing about the card games you enjoyed most in your childhood? It&#039;s a timeless game that will bring the whole family together! The ONV deck is great company whether you&#039;re at home, on the beach, in the street caf\u00e9 or even in the lift... It&#039;s guaranteed to entertain kids and adults alike at all times! And that&#039;s not all! It promises to unblock any awkward situation and is especially suitable for use without moderation.\" \/>\n<meta property=\"og:url\" content=\"https:\/\/narizvermelho.pt\/en\/produto\/baralho-de-cartas-2022\/\" \/>\n<meta property=\"og:site_name\" content=\"Opera\u00e7\u00e3o Nariz Vermelho\" \/>\n<meta property=\"article:publisher\" content=\"https:\/\/www.facebook.com\/NarizVermelho\/\" \/>\n<meta property=\"article:modified_time\" content=\"2024-05-15T14:00:23+00:00\" \/>\n<meta property=\"og:image\" content=\"https:\/\/narizvermelho.pt\/wp-content\/uploads\/2024\/05\/ONV_shop_-_-DeckCards.png\" \/>\n\t<meta property=\"og:image:width\" content=\"1080\" \/>\n\t<meta property=\"og:image:height\" content=\"1080\" \/>\n\t<meta property=\"og:image:type\" content=\"image\/png\" \/>\n<meta name=\"twitter:card\" content=\"summary_large_image\" \/>\n<meta name=\"twitter:label1\" content=\"Est. reading time\" \/>\n\t<meta name=\"twitter:data1\" content=\"1 minute\" \/>\n<script type=\"application\/ld+json\" class=\"yoast-schema-graph\">{\"@context\":\"https:\\\/\\\/schema.org\",\"@graph\":[{\"@type\":\"WebPage\",\"@id\":\"https:\\\/\\\/narizvermelho.pt\\\/en\\\/produto\\\/baralho-de-cartas-2022\\\/\",\"url\":\"https:\\\/\\\/narizvermelho.pt\\\/en\\\/produto\\\/baralho-de-cartas-2022\\\/\",\"name\":\"Deck of Cards 2022 - Opera\u00e7\u00e3o Nariz Vermelho\",\"isPartOf\":{\"@id\":\"https:\\\/\\\/narizvermelho.pt\\\/en\\\/#website\"},\"primaryImageOfPage\":{\"@id\":\"https:\\\/\\\/narizvermelho.pt\\\/en\\\/produto\\\/baralho-de-cartas-2022\\\/#primaryimage\"},\"image\":{\"@id\":\"https:\\\/\\\/narizvermelho.pt\\\/en\\\/produto\\\/baralho-de-cartas-2022\\\/#primaryimage\"},\"thumbnailUrl\":\"https:\\\/\\\/narizvermelho.pt\\\/wp-content\\\/uploads\\\/2024\\\/05\\\/ONV_shop_-_-DeckCards.png\",\"datePublished\":\"2022-08-02T01:54:39+00:00\",\"dateModified\":\"2024-05-15T14:00:23+00:00\",\"description\":\"Some things never go out of fashion and playing cards is one of them! How about reminiscing about the card games you enjoyed most in your childhood? It's a timeless game that will bring the whole family together! The ONV deck is great company whether you're at home, on the beach, in the street caf\u00e9 or even in the lift... It's guaranteed to entertain kids and adults alike at all times! And that's not all! It promises to unblock any awkward situation and is especially suitable for use without moderation.\",\"breadcrumb\":{\"@id\":\"https:\\\/\\\/narizvermelho.pt\\\/en\\\/produto\\\/baralho-de-cartas-2022\\\/#breadcrumb\"},\"inLanguage\":\"en-US\",\"potentialAction\":[{\"@type\":\"ReadAction\",\"target\":[\"https:\\\/\\\/narizvermelho.pt\\\/en\\\/produto\\\/baralho-de-cartas-2022\\\/\"]}]},{\"@type\":\"ImageObject\",\"inLanguage\":\"en-US\",\"@id\":\"https:\\\/\\\/narizvermelho.pt\\\/en\\\/produto\\\/baralho-de-cartas-2022\\\/#primaryimage\",\"url\":\"https:\\\/\\\/narizvermelho.pt\\\/wp-content\\\/uploads\\\/2024\\\/05\\\/ONV_shop_-_-DeckCards.png\",\"contentUrl\":\"https:\\\/\\\/narizvermelho.pt\\\/wp-content\\\/uploads\\\/2024\\\/05\\\/ONV_shop_-_-DeckCards.png\",\"width\":1080,\"height\":1080,\"caption\":\"deck of cards\"},{\"@type\":\"BreadcrumbList\",\"@id\":\"https:\\\/\\\/narizvermelho.pt\\\/en\\\/produto\\\/baralho-de-cartas-2022\\\/#breadcrumb\",\"itemListElement\":[{\"@type\":\"ListItem\",\"position\":1,\"name\":\"In\u00edcio\",\"item\":\"https:\\\/\\\/narizvermelho.pt\\\/en\\\/\"},{\"@type\":\"ListItem\",\"position\":2,\"name\":\"Shop\",\"item\":\"https:\\\/\\\/narizvermelho.pt\\\/en\\\/shop\\\/\"},{\"@type\":\"ListItem\",\"position\":3,\"name\":\"Deck of Cards 2022\"}]},{\"@type\":\"WebSite\",\"@id\":\"https:\\\/\\\/narizvermelho.pt\\\/en\\\/#website\",\"url\":\"https:\\\/\\\/narizvermelho.pt\\\/en\\\/\",\"name\":\"Opera\u00e7\u00e3o Nariz Vermelho\",\"description\":\"Receitamos alegria \u00e0s crian\u00e7as hospitalizadas\",\"publisher\":{\"@id\":\"https:\\\/\\\/narizvermelho.pt\\\/en\\\/#organization\"},\"potentialAction\":[{\"@type\":\"SearchAction\",\"target\":{\"@type\":\"EntryPoint\",\"urlTemplate\":\"https:\\\/\\\/narizvermelho.pt\\\/en\\\/?s={search_term_string}\"},\"query-input\":{\"@type\":\"PropertyValueSpecification\",\"valueRequired\":true,\"valueName\":\"search_term_string\"}}],\"inLanguage\":\"en-US\"},{\"@type\":\"Organization\",\"@id\":\"https:\\\/\\\/narizvermelho.pt\\\/en\\\/#organization\",\"name\":\"Opera\u00e7\u00e3o Nariz Vermelho\",\"url\":\"https:\\\/\\\/narizvermelho.pt\\\/en\\\/\",\"logo\":{\"@type\":\"ImageObject\",\"inLanguage\":\"en-US\",\"@id\":\"https:\\\/\\\/narizvermelho.pt\\\/en\\\/#\\\/schema\\\/logo\\\/image\\\/\",\"url\":\"https:\\\/\\\/narizvermelho.pt\\\/wp-content\\\/uploads\\\/2022\\\/05\\\/logo.svg\",\"contentUrl\":\"https:\\\/\\\/narizvermelho.pt\\\/wp-content\\\/uploads\\\/2022\\\/05\\\/logo.svg\",\"width\":258,\"height\":93,\"caption\":\"Opera\u00e7\u00e3o Nariz Vermelho\"},\"image\":{\"@id\":\"https:\\\/\\\/narizvermelho.pt\\\/en\\\/#\\\/schema\\\/logo\\\/image\\\/\"},\"sameAs\":[\"https:\\\/\\\/www.facebook.com\\\/NarizVermelho\\\/\"]}]}<\/script>\n<!-- \/ Yoast SEO plugin. -->","yoast_head_json":{"title":"Deck of Cards 2022 - Opera\u00e7\u00e3o Nariz Vermelho","description":"Some things never go out of fashion and playing cards is one of them! How about reminiscing about the card games you enjoyed most in your childhood? It's a timeless game that will bring the whole family together! The ONV deck is great company whether you're at home, on the beach, in the street caf\u00e9 or even in the lift... It's guaranteed to entertain kids and adults alike at all times! And that's not all! It promises to unblock any awkward situation and is especially suitable for use without moderation.","robots":{"index":"index","follow":"follow","max-snippet":"max-snippet:-1","max-image-preview":"max-image-preview:large","max-video-preview":"max-video-preview:-1"},"canonical":"https:\/\/narizvermelho.pt\/en\/produto\/baralho-de-cartas-2022\/","og_locale":"en_US","og_type":"article","og_title":"Deck of Cards 2022 - Opera\u00e7\u00e3o Nariz Vermelho","og_description":"Some things never go out of fashion and playing cards is one of them! How about reminiscing about the card games you enjoyed most in your childhood? It's a timeless game that will bring the whole family together! The ONV deck is great company whether you're at home, on the beach, in the street caf\u00e9 or even in the lift... It's guaranteed to entertain kids and adults alike at all times! And that's not all! It promises to unblock any awkward situation and is especially suitable for use without moderation.","og_url":"https:\/\/narizvermelho.pt\/en\/produto\/baralho-de-cartas-2022\/","og_site_name":"Opera\u00e7\u00e3o Nariz Vermelho","article_publisher":"https:\/\/www.facebook.com\/NarizVermelho\/","article_modified_time":"2024-05-15T14:00:23+00:00","og_image":[{"width":1080,"height":1080,"url":"https:\/\/narizvermelho.pt\/wp-content\/uploads\/2024\/05\/ONV_shop_-_-DeckCards.png","type":"image\/png"}],"twitter_card":"summary_large_image","twitter_misc":{"Est. reading time":"1 minute"},"schema":{"@context":"https:\/\/schema.org","@graph":[{"@type":"WebPage","@id":"https:\/\/narizvermelho.pt\/en\/produto\/baralho-de-cartas-2022\/","url":"https:\/\/narizvermelho.pt\/en\/produto\/baralho-de-cartas-2022\/","name":"Deck of Cards 2022 - Opera\u00e7\u00e3o Nariz Vermelho","isPartOf":{"@id":"https:\/\/narizvermelho.pt\/en\/#website"},"primaryImageOfPage":{"@id":"https:\/\/narizvermelho.pt\/en\/produto\/baralho-de-cartas-2022\/#primaryimage"},"image":{"@id":"https:\/\/narizvermelho.pt\/en\/produto\/baralho-de-cartas-2022\/#primaryimage"},"thumbnailUrl":"https:\/\/narizvermelho.pt\/wp-content\/uploads\/2024\/05\/ONV_shop_-_-DeckCards.png","datePublished":"2022-08-02T01:54:39+00:00","dateModified":"2024-05-15T14:00:23+00:00","description":"Some things never go out of fashion and playing cards is one of them! How about reminiscing about the card games you enjoyed most in your childhood? It's a timeless game that will bring the whole family together! The ONV deck is great company whether you're at home, on the beach, in the street caf\u00e9 or even in the lift... It's guaranteed to entertain kids and adults alike at all times! And that's not all! It promises to unblock any awkward situation and is especially suitable for use without moderation.","breadcrumb":{"@id":"https:\/\/narizvermelho.pt\/en\/produto\/baralho-de-cartas-2022\/#breadcrumb"},"inLanguage":"en-US","potentialAction":[{"@type":"ReadAction","target":["https:\/\/narizvermelho.pt\/en\/produto\/baralho-de-cartas-2022\/"]}]},{"@type":"ImageObject","inLanguage":"en-US","@id":"https:\/\/narizvermelho.pt\/en\/produto\/baralho-de-cartas-2022\/#primaryimage","url":"https:\/\/narizvermelho.pt\/wp-content\/uploads\/2024\/05\/ONV_shop_-_-DeckCards.png","contentUrl":"https:\/\/narizvermelho.pt\/wp-content\/uploads\/2024\/05\/ONV_shop_-_-DeckCards.png","width":1080,"height":1080,"caption":"deck of cards"},{"@type":"BreadcrumbList","@id":"https:\/\/narizvermelho.pt\/en\/produto\/baralho-de-cartas-2022\/#breadcrumb","itemListElement":[{"@type":"ListItem","position":1,"name":"In\u00edcio","item":"https:\/\/narizvermelho.pt\/en\/"},{"@type":"ListItem","position":2,"name":"Shop","item":"https:\/\/narizvermelho.pt\/en\/shop\/"},{"@type":"ListItem","position":3,"name":"Deck of Cards 2022"}]},{"@type":"WebSite","@id":"https:\/\/narizvermelho.pt\/en\/#website","url":"https:\/\/narizvermelho.pt\/en\/","name":"Opera\u00e7\u00e3o Nariz Vermelho","description":"Receitamos alegria \u00e0s crian\u00e7as hospitalizadas","publisher":{"@id":"https:\/\/narizvermelho.pt\/en\/#organization"},"potentialAction":[{"@type":"SearchAction","target":{"@type":"EntryPoint","urlTemplate":"https:\/\/narizvermelho.pt\/en\/?s={search_term_string}"},"query-input":{"@type":"PropertyValueSpecification","valueRequired":true,"valueName":"search_term_string"}}],"inLanguage":"en-US"},{"@type":"Organization","@id":"https:\/\/narizvermelho.pt\/en\/#organization","name":"Opera\u00e7\u00e3o Nariz Vermelho","url":"https:\/\/narizvermelho.pt\/en\/","logo":{"@type":"ImageObject","inLanguage":"en-US","@id":"https:\/\/narizvermelho.pt\/en\/#\/schema\/logo\/image\/","url":"https:\/\/narizvermelho.pt\/wp-content\/uploads\/2022\/05\/logo.svg","contentUrl":"https:\/\/narizvermelho.pt\/wp-content\/uploads\/2022\/05\/logo.svg","width":258,"height":93,"caption":"Opera\u00e7\u00e3o Nariz Vermelho"},"image":{"@id":"https:\/\/narizvermelho.pt\/en\/#\/schema\/logo\/image\/"},"sameAs":["https:\/\/www.facebook.com\/NarizVermelho\/"]}]}},"uagb_featured_image_src":{"full":["https:\/\/narizvermelho.pt\/wp-content\/uploads\/2024\/05\/ONV_shop_-_-DeckCards.png",1080,1080,false],"thumbnail":["https:\/\/narizvermelho.pt\/wp-content\/uploads\/2024\/05\/ONV_shop_-_-DeckCards-150x150.png",150,150,true],"medium":["https:\/\/narizvermelho.pt\/wp-content\/uploads\/2024\/05\/ONV_shop_-_-DeckCards-300x300.png",300,300,true],"medium_large":["https:\/\/narizvermelho.pt\/wp-content\/uploads\/2024\/05\/ONV_shop_-_-DeckCards-768x768.png",768,768,true],"large":["https:\/\/narizvermelho.pt\/wp-content\/uploads\/2024\/05\/ONV_shop_-_-DeckCards-1024x1024.png",1024,1024,true],"1536x1536":["https:\/\/narizvermelho.pt\/wp-content\/uploads\/2024\/05\/ONV_shop_-_-DeckCards.png",1080,1080,false],"2048x2048":["https:\/\/narizvermelho.pt\/wp-content\/uploads\/2024\/05\/ONV_shop_-_-DeckCards.png",1080,1080,false],"portfolio-thumb":["https:\/\/narizvermelho.pt\/wp-content\/uploads\/2024\/05\/ONV_shop_-_-DeckCards-600x403.png",600,403,true],"nectar_small_square":["https:\/\/narizvermelho.pt\/wp-content\/uploads\/2024\/05\/ONV_shop_-_-DeckCards-140x140.png",140,140,true],"portfolio-thumb_large":["https:\/\/narizvermelho.pt\/wp-content\/uploads\/2024\/05\/ONV_shop_-_-DeckCards-900x604.png",900,604,true],"portfolio-thumb_small":["https:\/\/narizvermelho.pt\/wp-content\/uploads\/2024\/05\/ONV_shop_-_-DeckCards-400x269.png",400,269,true],"portfolio-widget":["https:\/\/narizvermelho.pt\/wp-content\/uploads\/2024\/05\/ONV_shop_-_-DeckCards-100x100.png",100,100,true],"regular":["https:\/\/narizvermelho.pt\/wp-content\/uploads\/2024\/05\/ONV_shop_-_-DeckCards-500x500.png",500,500,true],"regular_photography":["https:\/\/narizvermelho.pt\/wp-content\/uploads\/2024\/05\/ONV_shop_-_-DeckCards-450x600.png",450,600,true],"regular_small":["https:\/\/narizvermelho.pt\/wp-content\/uploads\/2024\/05\/ONV_shop_-_-DeckCards-350x350.png",350,350,true],"regular_photography_small":["https:\/\/narizvermelho.pt\/wp-content\/uploads\/2024\/05\/ONV_shop_-_-DeckCards-350x467.png",350,467,true],"wide_tall":["https:\/\/narizvermelho.pt\/wp-content\/uploads\/2024\/05\/ONV_shop_-_-DeckCards-1000x1000.png",1000,1000,true],"wide_tall_photography":["https:\/\/narizvermelho.pt\/wp-content\/uploads\/2024\/05\/ONV_shop_-_-DeckCards-900x1080.png",900,1080,true],"wide_photography":["https:\/\/narizvermelho.pt\/wp-content\/uploads\/2024\/05\/ONV_shop_-_-DeckCards-900x600.png",900,600,true],"wide_photography_small":["https:\/\/narizvermelho.pt\/wp-content\/uploads\/2024\/05\/ONV_shop_-_-DeckCards-675x450.png",675,450,true],"large_featured":["https:\/\/narizvermelho.pt\/wp-content\/uploads\/2024\/05\/ONV_shop_-_-DeckCards-1080x770.png",1080,770,true],"medium_featured":["https:\/\/narizvermelho.pt\/wp-content\/uploads\/2024\/05\/ONV_shop_-_-DeckCards-800x800.png",800,800,true],"woocommerce_thumbnail":["https:\/\/narizvermelho.pt\/wp-content\/uploads\/2024\/05\/ONV_shop_-_-DeckCards-300x300.png",300,300,true],"woocommerce_single":["https:\/\/narizvermelho.pt\/wp-content\/uploads\/2024\/05\/ONV_shop_-_-DeckCards-600x600.png",600,600,true],"woocommerce_gallery_thumbnail":["https:\/\/narizvermelho.pt\/wp-content\/uploads\/2024\/05\/ONV_shop_-_-DeckCards-150x150.png",150,150,true]},"uagb_author_info":{"display_name":"ONV Admin","author_link":"https:\/\/narizvermelho.pt\/en\/author\/"},"uagb_comment_info":0,"uagb_excerpt":"Some things never go out of fashion and playing cards is one of them! How about reminiscing about the card games you enjoyed most in your childhood? It's a timeless game that will bring the whole family together! The ONV deck is great company whether you're at home, on the beach, in the street caf\u00e9&hellip;","jetpack_sharing_enabled":true,"_links":{"self":[{"href":"https:\/\/narizvermelho.pt\/en\/wp-json\/wp\/v2\/product\/14255","targetHints":{"allow":["GET"]}}],"collection":[{"href":"https:\/\/narizvermelho.pt\/en\/wp-json\/wp\/v2\/product"}],"about":[{"href":"https:\/\/narizvermelho.pt\/en\/wp-json\/wp\/v2\/types\/product"}],"replies":[{"embeddable":true,"href":"https:\/\/narizvermelho.pt\/en\/wp-json\/wp\/v2\/comments?post=14255"}],"wp:featuredmedia":[{"embeddable":true,"href":"https:\/\/narizvermelho.pt\/en\/wp-json\/wp\/v2\/media\/14348"}],"wp:attachment":[{"href":"https:\/\/narizvermelho.pt\/en\/wp-json\/wp\/v2\/media?parent=14255"}],"wp:term":[{"taxonomy":"product_brand","embeddable":true,"href":"https:\/\/narizvermelho.pt\/en\/wp-json\/wp\/v2\/product_brand?post=14255"},{"taxonomy":"product_cat","embeddable":true,"href":"https:\/\/narizvermelho.pt\/en\/wp-json\/wp\/v2\/product_cat?post=14255"},{"taxonomy":"product_tag","embeddable":true,"href":"https:\/\/narizvermelho.pt\/en\/wp-json\/wp\/v2\/product_tag?post=14255"}],"curies":[{"name":"wp","href":"https:\/\/api.w.org\/{rel}","templated":true}]}}