{"id":14147,"date":"2022-08-03T16:35:15","date_gmt":"2022-08-03T16:35:15","guid":{"rendered":"https:\/\/narizvermelho.pt\/produto\/livro-rir-e-o-melhor-remedio\/"},"modified":"2024-05-09T11:25:32","modified_gmt":"2024-05-09T11:25:32","slug":"livro-rir-e-o-melhor-remedio","status":"publish","type":"product","link":"https:\/\/narizvermelho.pt\/en\/produto\/livro-rir-e-o-melhor-remedio\/","title":{"rendered":"Book &#8220;Laughter is the Best Medicine?&#8221;"},"content":{"rendered":"<p style=\"text-align: center;\">Free shipping thanks to the support of our partner:<\/p>\n<p style=\"text-align: center;\"><a href=\"https:\/\/torrestir.com\/\"><img loading=\"lazy\" decoding=\"async\" class=\"size-full wp-image-11177 aligncenter\" src=\"https:\/\/narizvermelho.pt\/wp-content\/uploads\/2023\/11\/Logotipo-pequeno-Torrestir.png\" alt=\"\" width=\"140\" height=\"47\" \/><\/a><strong>Delivery time<\/strong>: 2 to 5 working days<\/p>\n<p style=\"text-align: center;\"><em><strong>100% of the proceeds go to our mission!<\/strong><\/em><\/p>\n","protected":false},"excerpt":{"rendered":"<p>This book brings together the results of the &#8220;Laughter is the Best Medicine?&#8221; research project, carried out over the last six years in a partnership between Opera\u00e7\u00e3o Nariz Vermelho and the Education Research Centre at the University of Minho, and scientifically proves the benefits of the intervention of the Clown Doctors with hospitalised children, revealing figures with impressive percentages.<br \/>\nBut beyond the numbers, this is an inspiring book, with incredible testimonies from children, their parents and health professionals, beautifully illustrated by Mafalda Milh\u00f5es, which demonstrates how important a smile can be in a child&#8217;s life!<\/p>\n<p><strong>Technical data:<\/strong><\/p>\n<p><strong>Texts<\/strong>: Opera\u00e7\u00e3o Nariz Vermelho and Study Authors: Laura Vagnoli, Maria da Concei\u00e7\u00e3o Pinto Antunes, Morgana Masetti &amp; Susana Caires<br \/>\n<strong>Art direction and illustrations<\/strong>: Mafalda Milh\u00f5es<br \/>\n<strong>Guidance<\/strong>: Jos\u00e9 Manuel Diogo<br \/>\n<strong>Content Editing<\/strong>: Magda Morbey Ferro, Rute Gil &amp; Susana Ribeiro<br \/>\n<strong>Copy\/Revision<\/strong>: Opera\u00e7\u00e3o Nariz Vermelho &amp; VF Comunica\u00e7\u00e3o<br \/>\n<strong>Graphic Arrangement<\/strong>: Pedro Maia\/O Bichinho de Conto<br \/>\n<strong>Prepress<\/strong>: Graphica<br \/>\n<strong>Printing and Finishing<\/strong>: Lidergraf<br \/>\n1st edition: March 2016<br \/>\nISBN: 978-989-20-6484-0<br \/>\nLegal Deposit: 406638\/16<\/p>\n","protected":false},"featured_media":14329,"comment_status":"closed","ping_status":"closed","template":"","meta":{"rs_blank_template":"","rs_page_bg_color":"","slide_template_v7":"","inline_featured_image":false,"_uag_custom_page_level_css":""},"product_brand":[],"product_cat":[150],"product_tag":[151,152,153],"class_list":{"0":"post-14147","1":"product","2":"type-product","3":"status-publish","4":"has-post-thumbnail","6":"product_cat-livros-en","7":"product_tag-centro-de-investigacao-em-educacao-da-universidade-do-minho-en","8":"product_tag-investigacao-en","9":"product_tag-rir-e-o-melhor-remedio-en","11":"first","12":"outofstock","13":"taxable","14":"shipping-taxable","15":"purchasable","16":"product-type-simple"},"yoast_head":"<!-- This site is optimized with the Yoast SEO plugin v27.3 - https:\/\/yoast.com\/product\/yoast-seo-wordpress\/ -->\n<title>Book &quot;Laughter is the Best Medicine?&quot; - Opera\u00e7\u00e3o Nariz Vermelho<\/title>\n<meta name=\"description\" content=\"This book brings together the results of the &quot;Laughter is the Best Medicine?&quot; research project, carried out over the last six years in a partnership between Opera\u00e7\u00e3o Nariz Vermelho and the Education Research Centre at the University of Minho, and scientifically proves the benefits of the intervention of the Clown Doctors with hospitalised children, revealing figures with impressive percentages. But beyond the numbers, this is an inspiring book, with incredible testimonies from children, their parents and health professionals, beautifully illustrated by Mafalda Milh\u00f5es, which demonstrates how important a smile can be in a child&#039;s life!  Technical data:  Texts: Opera\u00e7\u00e3o Nariz Vermelho and Study Authors: Laura Vagnoli, Maria da Concei\u00e7\u00e3o Pinto Antunes, Morgana Masetti &amp; Susana Caires Art direction and illustrations: Mafalda Milh\u00f5es Guidance: Jos\u00e9 Manuel Diogo Content Editing: Magda Morbey Ferro, Rute Gil &amp; Susana Ribeiro Copy\/Revision: Opera\u00e7\u00e3o Nariz Vermelho &amp; VF Comunica\u00e7\u00e3o Graphic Arrangement: Pedro Maia\/O Bichinho de Conto Prepress: Graphica Printing and Finishing: Lidergraf 1st edition: March 2016 ISBN: 978-989-20-6484-0 Legal Deposit: 406638\/16\" \/>\n<meta name=\"robots\" content=\"index, follow, max-snippet:-1, max-image-preview:large, max-video-preview:-1\" \/>\n<link rel=\"canonical\" href=\"https:\/\/narizvermelho.pt\/en\/produto\/livro-rir-e-o-melhor-remedio\/\" \/>\n<meta property=\"og:locale\" content=\"en_US\" \/>\n<meta property=\"og:type\" content=\"article\" \/>\n<meta property=\"og:title\" content=\"Book &quot;Laughter is the Best Medicine?&quot; - Opera\u00e7\u00e3o Nariz Vermelho\" \/>\n<meta property=\"og:description\" content=\"This book brings together the results of the &quot;Laughter is the Best Medicine?&quot; research project, carried out over the last six years in a partnership between Opera\u00e7\u00e3o Nariz Vermelho and the Education Research Centre at the University of Minho, and scientifically proves the benefits of the intervention of the Clown Doctors with hospitalised children, revealing figures with impressive percentages. But beyond the numbers, this is an inspiring book, with incredible testimonies from children, their parents and health professionals, beautifully illustrated by Mafalda Milh\u00f5es, which demonstrates how important a smile can be in a child&#039;s life!  Technical data:  Texts: Opera\u00e7\u00e3o Nariz Vermelho and Study Authors: Laura Vagnoli, Maria da Concei\u00e7\u00e3o Pinto Antunes, Morgana Masetti &amp; Susana Caires Art direction and illustrations: Mafalda Milh\u00f5es Guidance: Jos\u00e9 Manuel Diogo Content Editing: Magda Morbey Ferro, Rute Gil &amp; Susana Ribeiro Copy\/Revision: Opera\u00e7\u00e3o Nariz Vermelho &amp; VF Comunica\u00e7\u00e3o Graphic Arrangement: Pedro Maia\/O Bichinho de Conto Prepress: Graphica Printing and Finishing: Lidergraf 1st edition: March 2016 ISBN: 978-989-20-6484-0 Legal Deposit: 406638\/16\" \/>\n<meta property=\"og:url\" content=\"https:\/\/narizvermelho.pt\/en\/produto\/livro-rir-e-o-melhor-remedio\/\" \/>\n<meta property=\"og:site_name\" content=\"Opera\u00e7\u00e3o Nariz Vermelho\" \/>\n<meta property=\"article:publisher\" content=\"https:\/\/www.facebook.com\/NarizVermelho\/\" \/>\n<meta property=\"article:modified_time\" content=\"2024-05-09T11:25:32+00:00\" \/>\n<meta property=\"og:image\" content=\"https:\/\/narizvermelho.pt\/wp-content\/uploads\/2024\/05\/ONV_shop_-_-LaughterIsThebestMedicine.png\" \/>\n\t<meta property=\"og:image:width\" content=\"1080\" \/>\n\t<meta property=\"og:image:height\" content=\"1080\" \/>\n\t<meta property=\"og:image:type\" content=\"image\/png\" \/>\n<meta name=\"twitter:card\" content=\"summary_large_image\" \/>\n<meta name=\"twitter:label1\" content=\"Est. reading time\" \/>\n\t<meta name=\"twitter:data1\" content=\"1 minute\" \/>\n<script type=\"application\/ld+json\" class=\"yoast-schema-graph\">{\"@context\":\"https:\\\/\\\/schema.org\",\"@graph\":[{\"@type\":\"WebPage\",\"@id\":\"https:\\\/\\\/narizvermelho.pt\\\/en\\\/produto\\\/livro-rir-e-o-melhor-remedio\\\/\",\"url\":\"https:\\\/\\\/narizvermelho.pt\\\/en\\\/produto\\\/livro-rir-e-o-melhor-remedio\\\/\",\"name\":\"Book \\\"Laughter is the Best Medicine?\\\" - Opera\u00e7\u00e3o Nariz Vermelho\",\"isPartOf\":{\"@id\":\"https:\\\/\\\/narizvermelho.pt\\\/en\\\/#website\"},\"primaryImageOfPage\":{\"@id\":\"https:\\\/\\\/narizvermelho.pt\\\/en\\\/produto\\\/livro-rir-e-o-melhor-remedio\\\/#primaryimage\"},\"image\":{\"@id\":\"https:\\\/\\\/narizvermelho.pt\\\/en\\\/produto\\\/livro-rir-e-o-melhor-remedio\\\/#primaryimage\"},\"thumbnailUrl\":\"https:\\\/\\\/narizvermelho.pt\\\/wp-content\\\/uploads\\\/2024\\\/05\\\/ONV_shop_-_-LaughterIsThebestMedicine.png\",\"datePublished\":\"2022-08-03T16:35:15+00:00\",\"dateModified\":\"2024-05-09T11:25:32+00:00\",\"description\":\"This book brings together the results of the \\\"Laughter is the Best Medicine?\\\" research project, carried out over the last six years in a partnership between Opera\u00e7\u00e3o Nariz Vermelho and the Education Research Centre at the University of Minho, and scientifically proves the benefits of the intervention of the Clown Doctors with hospitalised children, revealing figures with impressive percentages. But beyond the numbers, this is an inspiring book, with incredible testimonies from children, their parents and health professionals, beautifully illustrated by Mafalda Milh\u00f5es, which demonstrates how important a smile can be in a child's life! Technical data: Texts: Opera\u00e7\u00e3o Nariz Vermelho and Study Authors: Laura Vagnoli, Maria da Concei\u00e7\u00e3o Pinto Antunes, Morgana Masetti &amp; Susana Caires Art direction and illustrations: Mafalda Milh\u00f5es Guidance: Jos\u00e9 Manuel Diogo Content Editing: Magda Morbey Ferro, Rute Gil &amp; Susana Ribeiro Copy\\\/Revision: Opera\u00e7\u00e3o Nariz Vermelho &amp; VF Comunica\u00e7\u00e3o Graphic Arrangement: Pedro Maia\\\/O Bichinho de Conto Prepress: Graphica Printing and Finishing: Lidergraf 1st edition: March 2016 ISBN: 978-989-20-6484-0 Legal Deposit: 406638\\\/16\",\"breadcrumb\":{\"@id\":\"https:\\\/\\\/narizvermelho.pt\\\/en\\\/produto\\\/livro-rir-e-o-melhor-remedio\\\/#breadcrumb\"},\"inLanguage\":\"en-US\",\"potentialAction\":[{\"@type\":\"ReadAction\",\"target\":[\"https:\\\/\\\/narizvermelho.pt\\\/en\\\/produto\\\/livro-rir-e-o-melhor-remedio\\\/\"]}]},{\"@type\":\"ImageObject\",\"inLanguage\":\"en-US\",\"@id\":\"https:\\\/\\\/narizvermelho.pt\\\/en\\\/produto\\\/livro-rir-e-o-melhor-remedio\\\/#primaryimage\",\"url\":\"https:\\\/\\\/narizvermelho.pt\\\/wp-content\\\/uploads\\\/2024\\\/05\\\/ONV_shop_-_-LaughterIsThebestMedicine.png\",\"contentUrl\":\"https:\\\/\\\/narizvermelho.pt\\\/wp-content\\\/uploads\\\/2024\\\/05\\\/ONV_shop_-_-LaughterIsThebestMedicine.png\",\"width\":1080,\"height\":1080,\"caption\":\"Laughter Is The best Medicine Book\"},{\"@type\":\"BreadcrumbList\",\"@id\":\"https:\\\/\\\/narizvermelho.pt\\\/en\\\/produto\\\/livro-rir-e-o-melhor-remedio\\\/#breadcrumb\",\"itemListElement\":[{\"@type\":\"ListItem\",\"position\":1,\"name\":\"In\u00edcio\",\"item\":\"https:\\\/\\\/narizvermelho.pt\\\/en\\\/\"},{\"@type\":\"ListItem\",\"position\":2,\"name\":\"Shop\",\"item\":\"https:\\\/\\\/narizvermelho.pt\\\/en\\\/shop\\\/\"},{\"@type\":\"ListItem\",\"position\":3,\"name\":\"Book &#8220;Laughter is the Best Medicine?&#8221;\"}]},{\"@type\":\"WebSite\",\"@id\":\"https:\\\/\\\/narizvermelho.pt\\\/en\\\/#website\",\"url\":\"https:\\\/\\\/narizvermelho.pt\\\/en\\\/\",\"name\":\"Opera\u00e7\u00e3o Nariz Vermelho\",\"description\":\"Receitamos alegria \u00e0s crian\u00e7as hospitalizadas\",\"publisher\":{\"@id\":\"https:\\\/\\\/narizvermelho.pt\\\/en\\\/#organization\"},\"potentialAction\":[{\"@type\":\"SearchAction\",\"target\":{\"@type\":\"EntryPoint\",\"urlTemplate\":\"https:\\\/\\\/narizvermelho.pt\\\/en\\\/?s={search_term_string}\"},\"query-input\":{\"@type\":\"PropertyValueSpecification\",\"valueRequired\":true,\"valueName\":\"search_term_string\"}}],\"inLanguage\":\"en-US\"},{\"@type\":\"Organization\",\"@id\":\"https:\\\/\\\/narizvermelho.pt\\\/en\\\/#organization\",\"name\":\"Opera\u00e7\u00e3o Nariz Vermelho\",\"url\":\"https:\\\/\\\/narizvermelho.pt\\\/en\\\/\",\"logo\":{\"@type\":\"ImageObject\",\"inLanguage\":\"en-US\",\"@id\":\"https:\\\/\\\/narizvermelho.pt\\\/en\\\/#\\\/schema\\\/logo\\\/image\\\/\",\"url\":\"https:\\\/\\\/narizvermelho.pt\\\/wp-content\\\/uploads\\\/2022\\\/05\\\/logo.svg\",\"contentUrl\":\"https:\\\/\\\/narizvermelho.pt\\\/wp-content\\\/uploads\\\/2022\\\/05\\\/logo.svg\",\"width\":258,\"height\":93,\"caption\":\"Opera\u00e7\u00e3o Nariz Vermelho\"},\"image\":{\"@id\":\"https:\\\/\\\/narizvermelho.pt\\\/en\\\/#\\\/schema\\\/logo\\\/image\\\/\"},\"sameAs\":[\"https:\\\/\\\/www.facebook.com\\\/NarizVermelho\\\/\"]}]}<\/script>\n<!-- \/ Yoast SEO plugin. -->","yoast_head_json":{"title":"Book \"Laughter is the Best Medicine?\" - Opera\u00e7\u00e3o Nariz Vermelho","description":"This book brings together the results of the \"Laughter is the Best Medicine?\" research project, carried out over the last six years in a partnership between Opera\u00e7\u00e3o Nariz Vermelho and the Education Research Centre at the University of Minho, and scientifically proves the benefits of the intervention of the Clown Doctors with hospitalised children, revealing figures with impressive percentages. But beyond the numbers, this is an inspiring book, with incredible testimonies from children, their parents and health professionals, beautifully illustrated by Mafalda Milh\u00f5es, which demonstrates how important a smile can be in a child's life!  Technical data:  Texts: Opera\u00e7\u00e3o Nariz Vermelho and Study Authors: Laura Vagnoli, Maria da Concei\u00e7\u00e3o Pinto Antunes, Morgana Masetti &amp; Susana Caires Art direction and illustrations: Mafalda Milh\u00f5es Guidance: Jos\u00e9 Manuel Diogo Content Editing: Magda Morbey Ferro, Rute Gil &amp; Susana Ribeiro Copy\/Revision: Opera\u00e7\u00e3o Nariz Vermelho &amp; VF Comunica\u00e7\u00e3o Graphic Arrangement: Pedro Maia\/O Bichinho de Conto Prepress: Graphica Printing and Finishing: Lidergraf 1st edition: March 2016 ISBN: 978-989-20-6484-0 Legal Deposit: 406638\/16","robots":{"index":"index","follow":"follow","max-snippet":"max-snippet:-1","max-image-preview":"max-image-preview:large","max-video-preview":"max-video-preview:-1"},"canonical":"https:\/\/narizvermelho.pt\/en\/produto\/livro-rir-e-o-melhor-remedio\/","og_locale":"en_US","og_type":"article","og_title":"Book \"Laughter is the Best Medicine?\" - Opera\u00e7\u00e3o Nariz Vermelho","og_description":"This book brings together the results of the \"Laughter is the Best Medicine?\" research project, carried out over the last six years in a partnership between Opera\u00e7\u00e3o Nariz Vermelho and the Education Research Centre at the University of Minho, and scientifically proves the benefits of the intervention of the Clown Doctors with hospitalised children, revealing figures with impressive percentages. But beyond the numbers, this is an inspiring book, with incredible testimonies from children, their parents and health professionals, beautifully illustrated by Mafalda Milh\u00f5es, which demonstrates how important a smile can be in a child's life!  Technical data:  Texts: Opera\u00e7\u00e3o Nariz Vermelho and Study Authors: Laura Vagnoli, Maria da Concei\u00e7\u00e3o Pinto Antunes, Morgana Masetti &amp; Susana Caires Art direction and illustrations: Mafalda Milh\u00f5es Guidance: Jos\u00e9 Manuel Diogo Content Editing: Magda Morbey Ferro, Rute Gil &amp; Susana Ribeiro Copy\/Revision: Opera\u00e7\u00e3o Nariz Vermelho &amp; VF Comunica\u00e7\u00e3o Graphic Arrangement: Pedro Maia\/O Bichinho de Conto Prepress: Graphica Printing and Finishing: Lidergraf 1st edition: March 2016 ISBN: 978-989-20-6484-0 Legal Deposit: 406638\/16","og_url":"https:\/\/narizvermelho.pt\/en\/produto\/livro-rir-e-o-melhor-remedio\/","og_site_name":"Opera\u00e7\u00e3o Nariz Vermelho","article_publisher":"https:\/\/www.facebook.com\/NarizVermelho\/","article_modified_time":"2024-05-09T11:25:32+00:00","og_image":[{"width":1080,"height":1080,"url":"https:\/\/narizvermelho.pt\/wp-content\/uploads\/2024\/05\/ONV_shop_-_-LaughterIsThebestMedicine.png","type":"image\/png"}],"twitter_card":"summary_large_image","twitter_misc":{"Est. reading time":"1 minute"},"schema":{"@context":"https:\/\/schema.org","@graph":[{"@type":"WebPage","@id":"https:\/\/narizvermelho.pt\/en\/produto\/livro-rir-e-o-melhor-remedio\/","url":"https:\/\/narizvermelho.pt\/en\/produto\/livro-rir-e-o-melhor-remedio\/","name":"Book \"Laughter is the Best Medicine?\" - Opera\u00e7\u00e3o Nariz Vermelho","isPartOf":{"@id":"https:\/\/narizvermelho.pt\/en\/#website"},"primaryImageOfPage":{"@id":"https:\/\/narizvermelho.pt\/en\/produto\/livro-rir-e-o-melhor-remedio\/#primaryimage"},"image":{"@id":"https:\/\/narizvermelho.pt\/en\/produto\/livro-rir-e-o-melhor-remedio\/#primaryimage"},"thumbnailUrl":"https:\/\/narizvermelho.pt\/wp-content\/uploads\/2024\/05\/ONV_shop_-_-LaughterIsThebestMedicine.png","datePublished":"2022-08-03T16:35:15+00:00","dateModified":"2024-05-09T11:25:32+00:00","description":"This book brings together the results of the \"Laughter is the Best Medicine?\" research project, carried out over the last six years in a partnership between Opera\u00e7\u00e3o Nariz Vermelho and the Education Research Centre at the University of Minho, and scientifically proves the benefits of the intervention of the Clown Doctors with hospitalised children, revealing figures with impressive percentages. But beyond the numbers, this is an inspiring book, with incredible testimonies from children, their parents and health professionals, beautifully illustrated by Mafalda Milh\u00f5es, which demonstrates how important a smile can be in a child's life! Technical data: Texts: Opera\u00e7\u00e3o Nariz Vermelho and Study Authors: Laura Vagnoli, Maria da Concei\u00e7\u00e3o Pinto Antunes, Morgana Masetti &amp; Susana Caires Art direction and illustrations: Mafalda Milh\u00f5es Guidance: Jos\u00e9 Manuel Diogo Content Editing: Magda Morbey Ferro, Rute Gil &amp; Susana Ribeiro Copy\/Revision: Opera\u00e7\u00e3o Nariz Vermelho &amp; VF Comunica\u00e7\u00e3o Graphic Arrangement: Pedro Maia\/O Bichinho de Conto Prepress: Graphica Printing and Finishing: Lidergraf 1st edition: March 2016 ISBN: 978-989-20-6484-0 Legal Deposit: 406638\/16","breadcrumb":{"@id":"https:\/\/narizvermelho.pt\/en\/produto\/livro-rir-e-o-melhor-remedio\/#breadcrumb"},"inLanguage":"en-US","potentialAction":[{"@type":"ReadAction","target":["https:\/\/narizvermelho.pt\/en\/produto\/livro-rir-e-o-melhor-remedio\/"]}]},{"@type":"ImageObject","inLanguage":"en-US","@id":"https:\/\/narizvermelho.pt\/en\/produto\/livro-rir-e-o-melhor-remedio\/#primaryimage","url":"https:\/\/narizvermelho.pt\/wp-content\/uploads\/2024\/05\/ONV_shop_-_-LaughterIsThebestMedicine.png","contentUrl":"https:\/\/narizvermelho.pt\/wp-content\/uploads\/2024\/05\/ONV_shop_-_-LaughterIsThebestMedicine.png","width":1080,"height":1080,"caption":"Laughter Is The best Medicine Book"},{"@type":"BreadcrumbList","@id":"https:\/\/narizvermelho.pt\/en\/produto\/livro-rir-e-o-melhor-remedio\/#breadcrumb","itemListElement":[{"@type":"ListItem","position":1,"name":"In\u00edcio","item":"https:\/\/narizvermelho.pt\/en\/"},{"@type":"ListItem","position":2,"name":"Shop","item":"https:\/\/narizvermelho.pt\/en\/shop\/"},{"@type":"ListItem","position":3,"name":"Book &#8220;Laughter is the Best Medicine?&#8221;"}]},{"@type":"WebSite","@id":"https:\/\/narizvermelho.pt\/en\/#website","url":"https:\/\/narizvermelho.pt\/en\/","name":"Opera\u00e7\u00e3o Nariz Vermelho","description":"Receitamos alegria \u00e0s crian\u00e7as hospitalizadas","publisher":{"@id":"https:\/\/narizvermelho.pt\/en\/#organization"},"potentialAction":[{"@type":"SearchAction","target":{"@type":"EntryPoint","urlTemplate":"https:\/\/narizvermelho.pt\/en\/?s={search_term_string}"},"query-input":{"@type":"PropertyValueSpecification","valueRequired":true,"valueName":"search_term_string"}}],"inLanguage":"en-US"},{"@type":"Organization","@id":"https:\/\/narizvermelho.pt\/en\/#organization","name":"Opera\u00e7\u00e3o Nariz Vermelho","url":"https:\/\/narizvermelho.pt\/en\/","logo":{"@type":"ImageObject","inLanguage":"en-US","@id":"https:\/\/narizvermelho.pt\/en\/#\/schema\/logo\/image\/","url":"https:\/\/narizvermelho.pt\/wp-content\/uploads\/2022\/05\/logo.svg","contentUrl":"https:\/\/narizvermelho.pt\/wp-content\/uploads\/2022\/05\/logo.svg","width":258,"height":93,"caption":"Opera\u00e7\u00e3o Nariz Vermelho"},"image":{"@id":"https:\/\/narizvermelho.pt\/en\/#\/schema\/logo\/image\/"},"sameAs":["https:\/\/www.facebook.com\/NarizVermelho\/"]}]}},"uagb_featured_image_src":{"full":["https:\/\/narizvermelho.pt\/wp-content\/uploads\/2024\/05\/ONV_shop_-_-LaughterIsThebestMedicine.png",1080,1080,false],"thumbnail":["https:\/\/narizvermelho.pt\/wp-content\/uploads\/2024\/05\/ONV_shop_-_-LaughterIsThebestMedicine-150x150.png",150,150,true],"medium":["https:\/\/narizvermelho.pt\/wp-content\/uploads\/2024\/05\/ONV_shop_-_-LaughterIsThebestMedicine-300x300.png",300,300,true],"medium_large":["https:\/\/narizvermelho.pt\/wp-content\/uploads\/2024\/05\/ONV_shop_-_-LaughterIsThebestMedicine-768x768.png",768,768,true],"large":["https:\/\/narizvermelho.pt\/wp-content\/uploads\/2024\/05\/ONV_shop_-_-LaughterIsThebestMedicine-1024x1024.png",1024,1024,true],"1536x1536":["https:\/\/narizvermelho.pt\/wp-content\/uploads\/2024\/05\/ONV_shop_-_-LaughterIsThebestMedicine.png",1080,1080,false],"2048x2048":["https:\/\/narizvermelho.pt\/wp-content\/uploads\/2024\/05\/ONV_shop_-_-LaughterIsThebestMedicine.png",1080,1080,false],"portfolio-thumb":["https:\/\/narizvermelho.pt\/wp-content\/uploads\/2024\/05\/ONV_shop_-_-LaughterIsThebestMedicine-600x403.png",600,403,true],"nectar_small_square":["https:\/\/narizvermelho.pt\/wp-content\/uploads\/2024\/05\/ONV_shop_-_-LaughterIsThebestMedicine-140x140.png",140,140,true],"portfolio-thumb_large":["https:\/\/narizvermelho.pt\/wp-content\/uploads\/2024\/05\/ONV_shop_-_-LaughterIsThebestMedicine-900x604.png",900,604,true],"portfolio-thumb_small":["https:\/\/narizvermelho.pt\/wp-content\/uploads\/2024\/05\/ONV_shop_-_-LaughterIsThebestMedicine-400x269.png",400,269,true],"portfolio-widget":["https:\/\/narizvermelho.pt\/wp-content\/uploads\/2024\/05\/ONV_shop_-_-LaughterIsThebestMedicine-100x100.png",100,100,true],"regular":["https:\/\/narizvermelho.pt\/wp-content\/uploads\/2024\/05\/ONV_shop_-_-LaughterIsThebestMedicine-500x500.png",500,500,true],"regular_photography":["https:\/\/narizvermelho.pt\/wp-content\/uploads\/2024\/05\/ONV_shop_-_-LaughterIsThebestMedicine-450x600.png",450,600,true],"regular_small":["https:\/\/narizvermelho.pt\/wp-content\/uploads\/2024\/05\/ONV_shop_-_-LaughterIsThebestMedicine-350x350.png",350,350,true],"regular_photography_small":["https:\/\/narizvermelho.pt\/wp-content\/uploads\/2024\/05\/ONV_shop_-_-LaughterIsThebestMedicine-350x467.png",350,467,true],"wide_tall":["https:\/\/narizvermelho.pt\/wp-content\/uploads\/2024\/05\/ONV_shop_-_-LaughterIsThebestMedicine-1000x1000.png",1000,1000,true],"wide_tall_photography":["https:\/\/narizvermelho.pt\/wp-content\/uploads\/2024\/05\/ONV_shop_-_-LaughterIsThebestMedicine-900x1080.png",900,1080,true],"wide_photography":["https:\/\/narizvermelho.pt\/wp-content\/uploads\/2024\/05\/ONV_shop_-_-LaughterIsThebestMedicine-900x600.png",900,600,true],"wide_photography_small":["https:\/\/narizvermelho.pt\/wp-content\/uploads\/2024\/05\/ONV_shop_-_-LaughterIsThebestMedicine-675x450.png",675,450,true],"large_featured":["https:\/\/narizvermelho.pt\/wp-content\/uploads\/2024\/05\/ONV_shop_-_-LaughterIsThebestMedicine-1080x770.png",1080,770,true],"medium_featured":["https:\/\/narizvermelho.pt\/wp-content\/uploads\/2024\/05\/ONV_shop_-_-LaughterIsThebestMedicine-800x800.png",800,800,true],"woocommerce_thumbnail":["https:\/\/narizvermelho.pt\/wp-content\/uploads\/2024\/05\/ONV_shop_-_-LaughterIsThebestMedicine-300x300.png",300,300,true],"woocommerce_single":["https:\/\/narizvermelho.pt\/wp-content\/uploads\/2024\/05\/ONV_shop_-_-LaughterIsThebestMedicine-600x600.png",600,600,true],"woocommerce_gallery_thumbnail":["https:\/\/narizvermelho.pt\/wp-content\/uploads\/2024\/05\/ONV_shop_-_-LaughterIsThebestMedicine-150x150.png",150,150,true]},"uagb_author_info":{"display_name":"ONV Admin","author_link":"https:\/\/narizvermelho.pt\/en\/author\/"},"uagb_comment_info":0,"uagb_excerpt":"This book brings together the results of the \"Laughter is the Best Medicine?\" research project, carried out over the last six years in a partnership between Opera\u00e7\u00e3o Nariz Vermelho and the Education Research Centre at the University of Minho, and scientifically proves the benefits of the intervention of the Clown Doctors with hospitalised children, revealing&hellip;","jetpack_sharing_enabled":true,"_links":{"self":[{"href":"https:\/\/narizvermelho.pt\/en\/wp-json\/wp\/v2\/product\/14147","targetHints":{"allow":["GET"]}}],"collection":[{"href":"https:\/\/narizvermelho.pt\/en\/wp-json\/wp\/v2\/product"}],"about":[{"href":"https:\/\/narizvermelho.pt\/en\/wp-json\/wp\/v2\/types\/product"}],"replies":[{"embeddable":true,"href":"https:\/\/narizvermelho.pt\/en\/wp-json\/wp\/v2\/comments?post=14147"}],"wp:featuredmedia":[{"embeddable":true,"href":"https:\/\/narizvermelho.pt\/en\/wp-json\/wp\/v2\/media\/14329"}],"wp:attachment":[{"href":"https:\/\/narizvermelho.pt\/en\/wp-json\/wp\/v2\/media?parent=14147"}],"wp:term":[{"taxonomy":"product_brand","embeddable":true,"href":"https:\/\/narizvermelho.pt\/en\/wp-json\/wp\/v2\/product_brand?post=14147"},{"taxonomy":"product_cat","embeddable":true,"href":"https:\/\/narizvermelho.pt\/en\/wp-json\/wp\/v2\/product_cat?post=14147"},{"taxonomy":"product_tag","embeddable":true,"href":"https:\/\/narizvermelho.pt\/en\/wp-json\/wp\/v2\/product_tag?post=14147"}],"curies":[{"name":"wp","href":"https:\/\/api.w.org\/{rel}","templated":true}]}}