{"id":14117,"date":"2022-08-05T17:27:07","date_gmt":"2022-08-05T17:27:07","guid":{"rendered":"https:\/\/narizvermelho.pt\/produto\/t-shirt-quando-for-grande-quero-ser-dr-palhaco\/"},"modified":"2026-04-05T11:13:27","modified_gmt":"2026-04-05T11:13:27","slug":"t-shirt-when-for-large-i-want-to-be-dr-clown","status":"publish","type":"product","link":"https:\/\/narizvermelho.pt\/en\/produto\/t-shirt-when-for-large-i-want-to-be-dr-clown\/","title":{"rendered":"When &#8220;I grow up I want to be Dr Clown&#8221; T-shirt"},"content":{"rendered":"<p style=\"text-align: center;\">Free shipping thanks to the support of our partner:<br \/>\n<a href=\"https:\/\/torrestir.com\/\"><img loading=\"lazy\" decoding=\"async\" class=\"size-full wp-image-11177 aligncenter\" src=\"https:\/\/narizvermelho.pt\/wp-content\/uploads\/2023\/11\/Logotipo-pequeno-Torrestir.png\" alt=\"\" width=\"140\" height=\"47\" \/><\/a><strong>Delivery time:<\/strong> 2 to 5 working days<\/p>\n<p style=\"text-align: center;\"><em><strong>100% of the proceeds go to our mission!<\/strong><\/em><\/p>\n","protected":false},"excerpt":{"rendered":"<p>Our &#8220;When I grow up I want to be Doctor Clown&#8221; t-shirt, illustrated by Mafalda Milh\u00f5es :o)<\/p>\n<p><strong>Available sizes:<\/strong><\/p>\n<p><strong>Child<\/strong>: 2, 4, 6, 8, 10, 12 years old<br \/>\n<strong>Adult<\/strong>: XS, S, M, L, XL<\/p>\n<p><strong>Note<\/strong>: You can check the quantities available in stock directly here by choosing the size you want. When you choose the size you want, the quantity available in stock will appear. If it doesn&#8217;t exist, the information will appear as &#8220;Out of stock&#8221;.<\/p>\n","protected":false},"featured_media":14323,"comment_status":"closed","ping_status":"closed","template":"","meta":{"inline_featured_image":false,"_uag_custom_page_level_css":""},"product_brand":[],"product_cat":[148],"product_tag":[149],"class_list":{"0":"post-14117","1":"product","2":"type-product","3":"status-publish","4":"has-post-thumbnail","6":"product_cat-t-shirts-en","7":"product_tag-ilustracoes-mafalda-milhoes-en","9":"first","10":"outofstock","11":"taxable","12":"shipping-taxable","13":"purchasable","14":"product-type-variable"},"yoast_head":"<!-- This site is optimized with the Yoast SEO plugin v27.3 - https:\/\/yoast.com\/product\/yoast-seo-wordpress\/ -->\n<title>When &quot;I grow up I want to be Dr Clown&quot; T-shirt - Opera\u00e7\u00e3o Nariz Vermelho<\/title>\n<meta name=\"description\" content=\"Our &quot;When I grow up I want to be Doctor Clown&quot; t-shirt, illustrated by Mafalda Milh\u00f5es :o)  Available sizes:  Child: 2, 4, 6, 8, 10, 12 years old Adult: XS, S, M, L, XL  Note: You can check the quantities available in stock directly here by choosing the size you want. When you choose the size you want, the quantity available in stock will appear. If it doesn&#039;t exist, the information will appear as &quot;Out of stock&quot;.\" \/>\n<meta name=\"robots\" content=\"index, follow, max-snippet:-1, max-image-preview:large, max-video-preview:-1\" \/>\n<link rel=\"canonical\" href=\"https:\/\/narizvermelho.pt\/en\/produto\/t-shirt-when-for-large-i-want-to-be-dr-clown\/\" \/>\n<meta property=\"og:locale\" content=\"en_US\" \/>\n<meta property=\"og:type\" content=\"article\" \/>\n<meta property=\"og:title\" content=\"When &quot;I grow up I want to be Dr Clown&quot; T-shirt - Opera\u00e7\u00e3o Nariz Vermelho\" \/>\n<meta property=\"og:description\" content=\"Our &quot;When I grow up I want to be Doctor Clown&quot; t-shirt, illustrated by Mafalda Milh\u00f5es :o)  Available sizes:  Child: 2, 4, 6, 8, 10, 12 years old Adult: XS, S, M, L, XL  Note: You can check the quantities available in stock directly here by choosing the size you want. When you choose the size you want, the quantity available in stock will appear. If it doesn&#039;t exist, the information will appear as &quot;Out of stock&quot;.\" \/>\n<meta property=\"og:url\" content=\"https:\/\/narizvermelho.pt\/en\/produto\/t-shirt-when-for-large-i-want-to-be-dr-clown\/\" \/>\n<meta property=\"og:site_name\" content=\"Opera\u00e7\u00e3o Nariz Vermelho\" \/>\n<meta property=\"article:publisher\" content=\"https:\/\/www.facebook.com\/NarizVermelho\/\" \/>\n<meta property=\"article:modified_time\" content=\"2026-04-05T11:13:27+00:00\" \/>\n<meta property=\"og:image\" content=\"https:\/\/narizvermelho.pt\/wp-content\/uploads\/2024\/05\/ONV_shop_-_-WhenIGrowUpTShirt_.png\" \/>\n\t<meta property=\"og:image:width\" content=\"1080\" \/>\n\t<meta property=\"og:image:height\" content=\"1080\" \/>\n\t<meta property=\"og:image:type\" content=\"image\/png\" \/>\n<meta name=\"twitter:card\" content=\"summary_large_image\" \/>\n<meta name=\"twitter:label1\" content=\"Est. reading time\" \/>\n\t<meta name=\"twitter:data1\" content=\"1 minute\" \/>\n<script type=\"application\/ld+json\" class=\"yoast-schema-graph\">{\"@context\":\"https:\\\/\\\/schema.org\",\"@graph\":[{\"@type\":\"WebPage\",\"@id\":\"https:\\\/\\\/narizvermelho.pt\\\/en\\\/produto\\\/t-shirt-when-for-large-i-want-to-be-dr-clown\\\/\",\"url\":\"https:\\\/\\\/narizvermelho.pt\\\/en\\\/produto\\\/t-shirt-when-for-large-i-want-to-be-dr-clown\\\/\",\"name\":\"When \\\"I grow up I want to be Dr Clown\\\" T-shirt - Opera\u00e7\u00e3o Nariz Vermelho\",\"isPartOf\":{\"@id\":\"https:\\\/\\\/narizvermelho.pt\\\/en\\\/#website\"},\"primaryImageOfPage\":{\"@id\":\"https:\\\/\\\/narizvermelho.pt\\\/en\\\/produto\\\/t-shirt-when-for-large-i-want-to-be-dr-clown\\\/#primaryimage\"},\"image\":{\"@id\":\"https:\\\/\\\/narizvermelho.pt\\\/en\\\/produto\\\/t-shirt-when-for-large-i-want-to-be-dr-clown\\\/#primaryimage\"},\"thumbnailUrl\":\"https:\\\/\\\/narizvermelho.pt\\\/wp-content\\\/uploads\\\/2024\\\/05\\\/ONV_shop_-_-WhenIGrowUpTShirt_.png\",\"datePublished\":\"2022-08-05T17:27:07+00:00\",\"dateModified\":\"2026-04-05T11:13:27+00:00\",\"description\":\"Our \\\"When I grow up I want to be Doctor Clown\\\" t-shirt, illustrated by Mafalda Milh\u00f5es :o) Available sizes: Child: 2, 4, 6, 8, 10, 12 years old Adult: XS, S, M, L, XL Note: You can check the quantities available in stock directly here by choosing the size you want. When you choose the size you want, the quantity available in stock will appear. If it doesn't exist, the information will appear as \\\"Out of stock\\\".\",\"breadcrumb\":{\"@id\":\"https:\\\/\\\/narizvermelho.pt\\\/en\\\/produto\\\/t-shirt-when-for-large-i-want-to-be-dr-clown\\\/#breadcrumb\"},\"inLanguage\":\"en-US\",\"potentialAction\":[{\"@type\":\"ReadAction\",\"target\":[\"https:\\\/\\\/narizvermelho.pt\\\/en\\\/produto\\\/t-shirt-when-for-large-i-want-to-be-dr-clown\\\/\"]}]},{\"@type\":\"ImageObject\",\"inLanguage\":\"en-US\",\"@id\":\"https:\\\/\\\/narizvermelho.pt\\\/en\\\/produto\\\/t-shirt-when-for-large-i-want-to-be-dr-clown\\\/#primaryimage\",\"url\":\"https:\\\/\\\/narizvermelho.pt\\\/wp-content\\\/uploads\\\/2024\\\/05\\\/ONV_shop_-_-WhenIGrowUpTShirt_.png\",\"contentUrl\":\"https:\\\/\\\/narizvermelho.pt\\\/wp-content\\\/uploads\\\/2024\\\/05\\\/ONV_shop_-_-WhenIGrowUpTShirt_.png\",\"width\":1080,\"height\":1080,\"caption\":\"When I Grow Up TShirt\"},{\"@type\":\"BreadcrumbList\",\"@id\":\"https:\\\/\\\/narizvermelho.pt\\\/en\\\/produto\\\/t-shirt-when-for-large-i-want-to-be-dr-clown\\\/#breadcrumb\",\"itemListElement\":[{\"@type\":\"ListItem\",\"position\":1,\"name\":\"In\u00edcio\",\"item\":\"https:\\\/\\\/narizvermelho.pt\\\/en\\\/\"},{\"@type\":\"ListItem\",\"position\":2,\"name\":\"Shop\",\"item\":\"https:\\\/\\\/narizvermelho.pt\\\/en\\\/shop\\\/\"},{\"@type\":\"ListItem\",\"position\":3,\"name\":\"When &#8220;I grow up I want to be Dr Clown&#8221; T-shirt\"}]},{\"@type\":\"WebSite\",\"@id\":\"https:\\\/\\\/narizvermelho.pt\\\/en\\\/#website\",\"url\":\"https:\\\/\\\/narizvermelho.pt\\\/en\\\/\",\"name\":\"Opera\u00e7\u00e3o Nariz Vermelho\",\"description\":\"Receitamos alegria \u00e0s crian\u00e7as hospitalizadas\",\"publisher\":{\"@id\":\"https:\\\/\\\/narizvermelho.pt\\\/en\\\/#organization\"},\"potentialAction\":[{\"@type\":\"SearchAction\",\"target\":{\"@type\":\"EntryPoint\",\"urlTemplate\":\"https:\\\/\\\/narizvermelho.pt\\\/en\\\/?s={search_term_string}\"},\"query-input\":{\"@type\":\"PropertyValueSpecification\",\"valueRequired\":true,\"valueName\":\"search_term_string\"}}],\"inLanguage\":\"en-US\"},{\"@type\":\"Organization\",\"@id\":\"https:\\\/\\\/narizvermelho.pt\\\/en\\\/#organization\",\"name\":\"Opera\u00e7\u00e3o Nariz Vermelho\",\"url\":\"https:\\\/\\\/narizvermelho.pt\\\/en\\\/\",\"logo\":{\"@type\":\"ImageObject\",\"inLanguage\":\"en-US\",\"@id\":\"https:\\\/\\\/narizvermelho.pt\\\/en\\\/#\\\/schema\\\/logo\\\/image\\\/\",\"url\":\"https:\\\/\\\/narizvermelho.pt\\\/wp-content\\\/uploads\\\/2022\\\/05\\\/logo.svg\",\"contentUrl\":\"https:\\\/\\\/narizvermelho.pt\\\/wp-content\\\/uploads\\\/2022\\\/05\\\/logo.svg\",\"width\":258,\"height\":93,\"caption\":\"Opera\u00e7\u00e3o Nariz Vermelho\"},\"image\":{\"@id\":\"https:\\\/\\\/narizvermelho.pt\\\/en\\\/#\\\/schema\\\/logo\\\/image\\\/\"},\"sameAs\":[\"https:\\\/\\\/www.facebook.com\\\/NarizVermelho\\\/\"]}]}<\/script>\n<!-- \/ Yoast SEO plugin. -->","yoast_head_json":{"title":"When \"I grow up I want to be Dr Clown\" T-shirt - Opera\u00e7\u00e3o Nariz Vermelho","description":"Our \"When I grow up I want to be Doctor Clown\" t-shirt, illustrated by Mafalda Milh\u00f5es :o)  Available sizes:  Child: 2, 4, 6, 8, 10, 12 years old Adult: XS, S, M, L, XL  Note: You can check the quantities available in stock directly here by choosing the size you want. When you choose the size you want, the quantity available in stock will appear. If it doesn't exist, the information will appear as \"Out of stock\".","robots":{"index":"index","follow":"follow","max-snippet":"max-snippet:-1","max-image-preview":"max-image-preview:large","max-video-preview":"max-video-preview:-1"},"canonical":"https:\/\/narizvermelho.pt\/en\/produto\/t-shirt-when-for-large-i-want-to-be-dr-clown\/","og_locale":"en_US","og_type":"article","og_title":"When \"I grow up I want to be Dr Clown\" T-shirt - Opera\u00e7\u00e3o Nariz Vermelho","og_description":"Our \"When I grow up I want to be Doctor Clown\" t-shirt, illustrated by Mafalda Milh\u00f5es :o)  Available sizes:  Child: 2, 4, 6, 8, 10, 12 years old Adult: XS, S, M, L, XL  Note: You can check the quantities available in stock directly here by choosing the size you want. When you choose the size you want, the quantity available in stock will appear. If it doesn't exist, the information will appear as \"Out of stock\".","og_url":"https:\/\/narizvermelho.pt\/en\/produto\/t-shirt-when-for-large-i-want-to-be-dr-clown\/","og_site_name":"Opera\u00e7\u00e3o Nariz Vermelho","article_publisher":"https:\/\/www.facebook.com\/NarizVermelho\/","article_modified_time":"2026-04-05T11:13:27+00:00","og_image":[{"width":1080,"height":1080,"url":"https:\/\/narizvermelho.pt\/wp-content\/uploads\/2024\/05\/ONV_shop_-_-WhenIGrowUpTShirt_.png","type":"image\/png"}],"twitter_card":"summary_large_image","twitter_misc":{"Est. reading time":"1 minute"},"schema":{"@context":"https:\/\/schema.org","@graph":[{"@type":"WebPage","@id":"https:\/\/narizvermelho.pt\/en\/produto\/t-shirt-when-for-large-i-want-to-be-dr-clown\/","url":"https:\/\/narizvermelho.pt\/en\/produto\/t-shirt-when-for-large-i-want-to-be-dr-clown\/","name":"When \"I grow up I want to be Dr Clown\" T-shirt - Opera\u00e7\u00e3o Nariz Vermelho","isPartOf":{"@id":"https:\/\/narizvermelho.pt\/en\/#website"},"primaryImageOfPage":{"@id":"https:\/\/narizvermelho.pt\/en\/produto\/t-shirt-when-for-large-i-want-to-be-dr-clown\/#primaryimage"},"image":{"@id":"https:\/\/narizvermelho.pt\/en\/produto\/t-shirt-when-for-large-i-want-to-be-dr-clown\/#primaryimage"},"thumbnailUrl":"https:\/\/narizvermelho.pt\/wp-content\/uploads\/2024\/05\/ONV_shop_-_-WhenIGrowUpTShirt_.png","datePublished":"2022-08-05T17:27:07+00:00","dateModified":"2026-04-05T11:13:27+00:00","description":"Our \"When I grow up I want to be Doctor Clown\" t-shirt, illustrated by Mafalda Milh\u00f5es :o) Available sizes: Child: 2, 4, 6, 8, 10, 12 years old Adult: XS, S, M, L, XL Note: You can check the quantities available in stock directly here by choosing the size you want. When you choose the size you want, the quantity available in stock will appear. If it doesn't exist, the information will appear as \"Out of stock\".","breadcrumb":{"@id":"https:\/\/narizvermelho.pt\/en\/produto\/t-shirt-when-for-large-i-want-to-be-dr-clown\/#breadcrumb"},"inLanguage":"en-US","potentialAction":[{"@type":"ReadAction","target":["https:\/\/narizvermelho.pt\/en\/produto\/t-shirt-when-for-large-i-want-to-be-dr-clown\/"]}]},{"@type":"ImageObject","inLanguage":"en-US","@id":"https:\/\/narizvermelho.pt\/en\/produto\/t-shirt-when-for-large-i-want-to-be-dr-clown\/#primaryimage","url":"https:\/\/narizvermelho.pt\/wp-content\/uploads\/2024\/05\/ONV_shop_-_-WhenIGrowUpTShirt_.png","contentUrl":"https:\/\/narizvermelho.pt\/wp-content\/uploads\/2024\/05\/ONV_shop_-_-WhenIGrowUpTShirt_.png","width":1080,"height":1080,"caption":"When I Grow Up TShirt"},{"@type":"BreadcrumbList","@id":"https:\/\/narizvermelho.pt\/en\/produto\/t-shirt-when-for-large-i-want-to-be-dr-clown\/#breadcrumb","itemListElement":[{"@type":"ListItem","position":1,"name":"In\u00edcio","item":"https:\/\/narizvermelho.pt\/en\/"},{"@type":"ListItem","position":2,"name":"Shop","item":"https:\/\/narizvermelho.pt\/en\/shop\/"},{"@type":"ListItem","position":3,"name":"When &#8220;I grow up I want to be Dr Clown&#8221; T-shirt"}]},{"@type":"WebSite","@id":"https:\/\/narizvermelho.pt\/en\/#website","url":"https:\/\/narizvermelho.pt\/en\/","name":"Opera\u00e7\u00e3o Nariz Vermelho","description":"Receitamos alegria \u00e0s crian\u00e7as hospitalizadas","publisher":{"@id":"https:\/\/narizvermelho.pt\/en\/#organization"},"potentialAction":[{"@type":"SearchAction","target":{"@type":"EntryPoint","urlTemplate":"https:\/\/narizvermelho.pt\/en\/?s={search_term_string}"},"query-input":{"@type":"PropertyValueSpecification","valueRequired":true,"valueName":"search_term_string"}}],"inLanguage":"en-US"},{"@type":"Organization","@id":"https:\/\/narizvermelho.pt\/en\/#organization","name":"Opera\u00e7\u00e3o Nariz Vermelho","url":"https:\/\/narizvermelho.pt\/en\/","logo":{"@type":"ImageObject","inLanguage":"en-US","@id":"https:\/\/narizvermelho.pt\/en\/#\/schema\/logo\/image\/","url":"https:\/\/narizvermelho.pt\/wp-content\/uploads\/2022\/05\/logo.svg","contentUrl":"https:\/\/narizvermelho.pt\/wp-content\/uploads\/2022\/05\/logo.svg","width":258,"height":93,"caption":"Opera\u00e7\u00e3o Nariz Vermelho"},"image":{"@id":"https:\/\/narizvermelho.pt\/en\/#\/schema\/logo\/image\/"},"sameAs":["https:\/\/www.facebook.com\/NarizVermelho\/"]}]}},"uagb_featured_image_src":{"full":["https:\/\/narizvermelho.pt\/wp-content\/uploads\/2024\/05\/ONV_shop_-_-WhenIGrowUpTShirt_.png",1080,1080,false],"thumbnail":["https:\/\/narizvermelho.pt\/wp-content\/uploads\/2024\/05\/ONV_shop_-_-WhenIGrowUpTShirt_-150x150.png",150,150,true],"medium":["https:\/\/narizvermelho.pt\/wp-content\/uploads\/2024\/05\/ONV_shop_-_-WhenIGrowUpTShirt_-300x300.png",300,300,true],"medium_large":["https:\/\/narizvermelho.pt\/wp-content\/uploads\/2024\/05\/ONV_shop_-_-WhenIGrowUpTShirt_-768x768.png",768,768,true],"large":["https:\/\/narizvermelho.pt\/wp-content\/uploads\/2024\/05\/ONV_shop_-_-WhenIGrowUpTShirt_-1024x1024.png",1024,1024,true],"1536x1536":["https:\/\/narizvermelho.pt\/wp-content\/uploads\/2024\/05\/ONV_shop_-_-WhenIGrowUpTShirt_.png",1080,1080,false],"2048x2048":["https:\/\/narizvermelho.pt\/wp-content\/uploads\/2024\/05\/ONV_shop_-_-WhenIGrowUpTShirt_.png",1080,1080,false],"portfolio-thumb":["https:\/\/narizvermelho.pt\/wp-content\/uploads\/2024\/05\/ONV_shop_-_-WhenIGrowUpTShirt_-600x403.png",600,403,true],"nectar_small_square":["https:\/\/narizvermelho.pt\/wp-content\/uploads\/2024\/05\/ONV_shop_-_-WhenIGrowUpTShirt_-140x140.png",140,140,true],"portfolio-thumb_large":["https:\/\/narizvermelho.pt\/wp-content\/uploads\/2024\/05\/ONV_shop_-_-WhenIGrowUpTShirt_-900x604.png",900,604,true],"portfolio-thumb_small":["https:\/\/narizvermelho.pt\/wp-content\/uploads\/2024\/05\/ONV_shop_-_-WhenIGrowUpTShirt_-400x269.png",400,269,true],"portfolio-widget":["https:\/\/narizvermelho.pt\/wp-content\/uploads\/2024\/05\/ONV_shop_-_-WhenIGrowUpTShirt_-100x100.png",100,100,true],"regular":["https:\/\/narizvermelho.pt\/wp-content\/uploads\/2024\/05\/ONV_shop_-_-WhenIGrowUpTShirt_-500x500.png",500,500,true],"regular_photography":["https:\/\/narizvermelho.pt\/wp-content\/uploads\/2024\/05\/ONV_shop_-_-WhenIGrowUpTShirt_-450x600.png",450,600,true],"regular_small":["https:\/\/narizvermelho.pt\/wp-content\/uploads\/2024\/05\/ONV_shop_-_-WhenIGrowUpTShirt_-350x350.png",350,350,true],"regular_photography_small":["https:\/\/narizvermelho.pt\/wp-content\/uploads\/2024\/05\/ONV_shop_-_-WhenIGrowUpTShirt_-350x467.png",350,467,true],"wide_tall":["https:\/\/narizvermelho.pt\/wp-content\/uploads\/2024\/05\/ONV_shop_-_-WhenIGrowUpTShirt_-1000x1000.png",1000,1000,true],"wide_tall_photography":["https:\/\/narizvermelho.pt\/wp-content\/uploads\/2024\/05\/ONV_shop_-_-WhenIGrowUpTShirt_-900x1080.png",900,1080,true],"wide_photography":["https:\/\/narizvermelho.pt\/wp-content\/uploads\/2024\/05\/ONV_shop_-_-WhenIGrowUpTShirt_-900x600.png",900,600,true],"wide_photography_small":["https:\/\/narizvermelho.pt\/wp-content\/uploads\/2024\/05\/ONV_shop_-_-WhenIGrowUpTShirt_-675x450.png",675,450,true],"large_featured":["https:\/\/narizvermelho.pt\/wp-content\/uploads\/2024\/05\/ONV_shop_-_-WhenIGrowUpTShirt_-1080x770.png",1080,770,true],"medium_featured":["https:\/\/narizvermelho.pt\/wp-content\/uploads\/2024\/05\/ONV_shop_-_-WhenIGrowUpTShirt_-800x800.png",800,800,true],"woocommerce_thumbnail":["https:\/\/narizvermelho.pt\/wp-content\/uploads\/2024\/05\/ONV_shop_-_-WhenIGrowUpTShirt_-300x300.png",300,300,true],"woocommerce_single":["https:\/\/narizvermelho.pt\/wp-content\/uploads\/2024\/05\/ONV_shop_-_-WhenIGrowUpTShirt_-600x600.png",600,600,true],"woocommerce_gallery_thumbnail":["https:\/\/narizvermelho.pt\/wp-content\/uploads\/2024\/05\/ONV_shop_-_-WhenIGrowUpTShirt_-150x150.png",150,150,true]},"uagb_author_info":{"display_name":"ONV Admin","author_link":"https:\/\/narizvermelho.pt\/en\/author\/"},"uagb_comment_info":0,"uagb_excerpt":"Our \"When I grow up I want to be Doctor Clown\" t-shirt, illustrated by Mafalda Milh\u00f5es :o) Available sizes: Child: 2, 4, 6, 8, 10, 12 years old Adult: XS, S, M, L, XL Note: You can check the quantities available in stock directly here by choosing the size you want. When you choose the&hellip;","jetpack_sharing_enabled":true,"_links":{"self":[{"href":"https:\/\/narizvermelho.pt\/en\/wp-json\/wp\/v2\/product\/14117","targetHints":{"allow":["GET"]}}],"collection":[{"href":"https:\/\/narizvermelho.pt\/en\/wp-json\/wp\/v2\/product"}],"about":[{"href":"https:\/\/narizvermelho.pt\/en\/wp-json\/wp\/v2\/types\/product"}],"replies":[{"embeddable":true,"href":"https:\/\/narizvermelho.pt\/en\/wp-json\/wp\/v2\/comments?post=14117"}],"wp:featuredmedia":[{"embeddable":true,"href":"https:\/\/narizvermelho.pt\/en\/wp-json\/wp\/v2\/media\/14323"}],"wp:attachment":[{"href":"https:\/\/narizvermelho.pt\/en\/wp-json\/wp\/v2\/media?parent=14117"}],"wp:term":[{"taxonomy":"product_brand","embeddable":true,"href":"https:\/\/narizvermelho.pt\/en\/wp-json\/wp\/v2\/product_brand?post=14117"},{"taxonomy":"product_cat","embeddable":true,"href":"https:\/\/narizvermelho.pt\/en\/wp-json\/wp\/v2\/product_cat?post=14117"},{"taxonomy":"product_tag","embeddable":true,"href":"https:\/\/narizvermelho.pt\/en\/wp-json\/wp\/v2\/product_tag?post=14117"}],"curies":[{"name":"wp","href":"https:\/\/api.w.org\/{rel}","templated":true}]}}