{"id":14113,"date":"2023-04-05T13:45:53","date_gmt":"2023-04-05T13:45:53","guid":{"rendered":"https:\/\/narizvermelho.pt\/produto\/jogo-da-memoria-2022\/"},"modified":"2026-02-03T11:49:13","modified_gmt":"2026-02-03T11:49:13","slug":"jogo-da-memoria-2022","status":"publish","type":"product","link":"https:\/\/narizvermelho.pt\/en\/produto\/jogo-da-memoria-2022\/","title":{"rendered":"Memory Game &#8211; Opera\u00e7\u00e3o Nariz Vermelho"},"content":{"rendered":"<p><strong>Game rules:<\/strong><\/p>\n<p>First, shuffle the cards. Then place them face up on the table so that none of the players can identify them.<br \/>\ntable so that none of the players can identify them.<br \/>\nOnce this is done, the first player turns over two cards of their choice.<br \/>\nIf the cards are identical, the player removes them and keeps them.<br \/>\nand keeps them and plays again.<br \/>\nIf the cards are not identical, the player<br \/>\nturns them face down again.<br \/>\nThe next player takes their turn.<br \/>\nThe game ends when all the pairs have been<br \/>\nfound.<\/p>\n<p><strong>Winner of the game:<\/strong><\/p>\n<p>The player who has collected the most<br \/>\nnumber of pairs.<\/p>\n<p><strong>Tips:<\/strong><\/p>\n<p>The difficulty level of the game can be adjusted according to the number of pairs you choose to use in each game.<\/p>\n<p><strong>Hard level<\/strong>: 15 pairs in play (30 cards)<\/p>\n<p><strong>Easy level<\/strong>: 3 pairs (6 cards)<\/p>\n","protected":false},"excerpt":{"rendered":"<p>Thinking of a game that will bring the whole family and friends together, we&#8217;ve created the classic, fun and timeless Opera\u00e7\u00e3o Nariz Vermelho memory game.<\/p>\n<p>With illustrations by Mafalda Milh\u00f5es and made up of 30 cards, this game, in the format of a pack of cards, is great company whether you&#8217;re at home, on the beach, at the local caf\u00e9 or even on a car journey.<\/p>\n<p>Because Doctor Clowns are better as a duo!<\/p>\n<p>Exercise your memory and concentration with the ONV Memory Game and help us bring joy to hospitalised children.<\/p>\n<p>The memory game can also be a perfect charity souvenir to give to children and why not adults at weddings, christenings, birthday parties or other special celebrations!<\/p>\n<p><strong>Illustration<\/strong>: <a href=\"https:\/\/www.instagram.com\/mafalda_milhoes\" target=\"_blank\" rel=\"noopener\">Mafalda Milh\u00f5es<\/a><\/p>\n<p>&nbsp;<\/p>\n<p style=\"text-align: center;\">Free shipping thanks to the support of our partner:<\/p>\n<p style=\"text-align: center;\"><a href=\"https:\/\/torrestir.com\/\"><img loading=\"lazy\" decoding=\"async\" class=\"size-full wp-image-11177 aligncenter\" src=\"https:\/\/narizvermelho.pt\/wp-content\/uploads\/2023\/11\/Logotipo-pequeno-Torrestir.png\" alt=\"\" width=\"140\" height=\"47\" \/><\/a>Delivery time: 2 to 5 working days.<\/p>\n<p style=\"text-align: center;\"><em><strong>100% of the proceeds go to our mission!<\/strong><\/em><\/p>\n","protected":false},"featured_media":14336,"comment_status":"open","ping_status":"closed","template":"","meta":{"inline_featured_image":false,"_uag_custom_page_level_css":""},"product_brand":[],"product_cat":[139,140],"product_tag":[141,135,138],"class_list":{"0":"post-14113","1":"product","2":"type-product","3":"status-publish","4":"has-post-thumbnail","6":"product_cat-jogos-en","7":"product_cat-lembrancas-solidarias-en","8":"product_tag-jogos-en","9":"product_tag-mafalda-milhoes-en","10":"product_tag-solidarity-souvenirs","12":"first","13":"instock","14":"taxable","15":"shipping-taxable","16":"purchasable","17":"product-type-simple"},"yoast_head":"<!-- This site is optimized with the Yoast SEO plugin v27.3 - https:\/\/yoast.com\/product\/yoast-seo-wordpress\/ -->\n<title>Memory Game - Opera\u00e7\u00e3o Nariz Vermelho - Opera\u00e7\u00e3o Nariz Vermelho<\/title>\n<meta name=\"description\" content=\"Thinking of a game that will bring the whole family and friends together, we&#039;ve created the classic, fun and timeless Opera\u00e7\u00e3o Nariz Vermelho memory game. With illustrations by Mafalda Milh\u00f5es and made up of 30 cards, this game, in the format of a pack of cards, is great company whether you&#039;re at home, on the beach, at the local caf\u00e9 or even on a car journey. Because Doctor Clowns are better as a duo! Exercise your memory and concentration with the ONV Memory Game and help us bring joy to hospitalised children.\" \/>\n<meta name=\"robots\" content=\"index, follow, max-snippet:-1, max-image-preview:large, max-video-preview:-1\" \/>\n<link rel=\"canonical\" href=\"https:\/\/narizvermelho.pt\/en\/produto\/jogo-da-memoria-2022\/\" \/>\n<meta property=\"og:locale\" content=\"en_US\" \/>\n<meta property=\"og:type\" content=\"article\" \/>\n<meta property=\"og:title\" content=\"Memory Game - Opera\u00e7\u00e3o Nariz Vermelho - Opera\u00e7\u00e3o Nariz Vermelho\" \/>\n<meta property=\"og:description\" content=\"Thinking of a game that will bring the whole family and friends together, we&#039;ve created the classic, fun and timeless Opera\u00e7\u00e3o Nariz Vermelho memory game. With illustrations by Mafalda Milh\u00f5es and made up of 30 cards, this game, in the format of a pack of cards, is great company whether you&#039;re at home, on the beach, at the local caf\u00e9 or even on a car journey. Because Doctor Clowns are better as a duo! Exercise your memory and concentration with the ONV Memory Game and help us bring joy to hospitalised children.\" \/>\n<meta property=\"og:url\" content=\"https:\/\/narizvermelho.pt\/en\/produto\/jogo-da-memoria-2022\/\" \/>\n<meta property=\"og:site_name\" content=\"Opera\u00e7\u00e3o Nariz Vermelho\" \/>\n<meta property=\"article:publisher\" content=\"https:\/\/www.facebook.com\/NarizVermelho\/\" \/>\n<meta property=\"article:modified_time\" content=\"2026-02-03T11:49:13+00:00\" \/>\n<meta property=\"og:image\" content=\"https:\/\/narizvermelho.pt\/wp-content\/uploads\/2024\/05\/ONV_shop_-_-MemoryGame.png\" \/>\n\t<meta property=\"og:image:width\" content=\"1080\" \/>\n\t<meta property=\"og:image:height\" content=\"1080\" \/>\n\t<meta property=\"og:image:type\" content=\"image\/png\" \/>\n<meta name=\"twitter:card\" content=\"summary_large_image\" \/>\n<meta name=\"twitter:label1\" content=\"Est. reading time\" \/>\n\t<meta name=\"twitter:data1\" content=\"1 minute\" \/>\n<script type=\"application\/ld+json\" class=\"yoast-schema-graph\">{\"@context\":\"https:\\\/\\\/schema.org\",\"@graph\":[{\"@type\":\"WebPage\",\"@id\":\"https:\\\/\\\/narizvermelho.pt\\\/en\\\/produto\\\/jogo-da-memoria-2022\\\/\",\"url\":\"https:\\\/\\\/narizvermelho.pt\\\/en\\\/produto\\\/jogo-da-memoria-2022\\\/\",\"name\":\"Memory Game - Opera\u00e7\u00e3o Nariz Vermelho - Opera\u00e7\u00e3o Nariz Vermelho\",\"isPartOf\":{\"@id\":\"https:\\\/\\\/narizvermelho.pt\\\/en\\\/#website\"},\"primaryImageOfPage\":{\"@id\":\"https:\\\/\\\/narizvermelho.pt\\\/en\\\/produto\\\/jogo-da-memoria-2022\\\/#primaryimage\"},\"image\":{\"@id\":\"https:\\\/\\\/narizvermelho.pt\\\/en\\\/produto\\\/jogo-da-memoria-2022\\\/#primaryimage\"},\"thumbnailUrl\":\"https:\\\/\\\/narizvermelho.pt\\\/wp-content\\\/uploads\\\/2024\\\/05\\\/ONV_shop_-_-MemoryGame.png\",\"datePublished\":\"2023-04-05T13:45:53+00:00\",\"dateModified\":\"2026-02-03T11:49:13+00:00\",\"description\":\"Thinking of a game that will bring the whole family and friends together, we've created the classic, fun and timeless Opera\u00e7\u00e3o Nariz Vermelho memory game. With illustrations by Mafalda Milh\u00f5es and made up of 30 cards, this game, in the format of a pack of cards, is great company whether you're at home, on the beach, at the local caf\u00e9 or even on a car journey. Because Doctor Clowns are better as a duo! Exercise your memory and concentration with the ONV Memory Game and help us bring joy to hospitalised children.\",\"breadcrumb\":{\"@id\":\"https:\\\/\\\/narizvermelho.pt\\\/en\\\/produto\\\/jogo-da-memoria-2022\\\/#breadcrumb\"},\"inLanguage\":\"en-US\",\"potentialAction\":[{\"@type\":\"ReadAction\",\"target\":[\"https:\\\/\\\/narizvermelho.pt\\\/en\\\/produto\\\/jogo-da-memoria-2022\\\/\"]}]},{\"@type\":\"ImageObject\",\"inLanguage\":\"en-US\",\"@id\":\"https:\\\/\\\/narizvermelho.pt\\\/en\\\/produto\\\/jogo-da-memoria-2022\\\/#primaryimage\",\"url\":\"https:\\\/\\\/narizvermelho.pt\\\/wp-content\\\/uploads\\\/2024\\\/05\\\/ONV_shop_-_-MemoryGame.png\",\"contentUrl\":\"https:\\\/\\\/narizvermelho.pt\\\/wp-content\\\/uploads\\\/2024\\\/05\\\/ONV_shop_-_-MemoryGame.png\",\"width\":1080,\"height\":1080,\"caption\":\"Memory Game\"},{\"@type\":\"BreadcrumbList\",\"@id\":\"https:\\\/\\\/narizvermelho.pt\\\/en\\\/produto\\\/jogo-da-memoria-2022\\\/#breadcrumb\",\"itemListElement\":[{\"@type\":\"ListItem\",\"position\":1,\"name\":\"In\u00edcio\",\"item\":\"https:\\\/\\\/narizvermelho.pt\\\/en\\\/\"},{\"@type\":\"ListItem\",\"position\":2,\"name\":\"Shop\",\"item\":\"https:\\\/\\\/narizvermelho.pt\\\/en\\\/shop\\\/\"},{\"@type\":\"ListItem\",\"position\":3,\"name\":\"Memory Game &#8211; Opera\u00e7\u00e3o Nariz Vermelho\"}]},{\"@type\":\"WebSite\",\"@id\":\"https:\\\/\\\/narizvermelho.pt\\\/en\\\/#website\",\"url\":\"https:\\\/\\\/narizvermelho.pt\\\/en\\\/\",\"name\":\"Opera\u00e7\u00e3o Nariz Vermelho\",\"description\":\"Receitamos alegria \u00e0s crian\u00e7as hospitalizadas\",\"publisher\":{\"@id\":\"https:\\\/\\\/narizvermelho.pt\\\/en\\\/#organization\"},\"potentialAction\":[{\"@type\":\"SearchAction\",\"target\":{\"@type\":\"EntryPoint\",\"urlTemplate\":\"https:\\\/\\\/narizvermelho.pt\\\/en\\\/?s={search_term_string}\"},\"query-input\":{\"@type\":\"PropertyValueSpecification\",\"valueRequired\":true,\"valueName\":\"search_term_string\"}}],\"inLanguage\":\"en-US\"},{\"@type\":\"Organization\",\"@id\":\"https:\\\/\\\/narizvermelho.pt\\\/en\\\/#organization\",\"name\":\"Opera\u00e7\u00e3o Nariz Vermelho\",\"url\":\"https:\\\/\\\/narizvermelho.pt\\\/en\\\/\",\"logo\":{\"@type\":\"ImageObject\",\"inLanguage\":\"en-US\",\"@id\":\"https:\\\/\\\/narizvermelho.pt\\\/en\\\/#\\\/schema\\\/logo\\\/image\\\/\",\"url\":\"https:\\\/\\\/narizvermelho.pt\\\/wp-content\\\/uploads\\\/2022\\\/05\\\/logo.svg\",\"contentUrl\":\"https:\\\/\\\/narizvermelho.pt\\\/wp-content\\\/uploads\\\/2022\\\/05\\\/logo.svg\",\"width\":258,\"height\":93,\"caption\":\"Opera\u00e7\u00e3o Nariz Vermelho\"},\"image\":{\"@id\":\"https:\\\/\\\/narizvermelho.pt\\\/en\\\/#\\\/schema\\\/logo\\\/image\\\/\"},\"sameAs\":[\"https:\\\/\\\/www.facebook.com\\\/NarizVermelho\\\/\"]}]}<\/script>\n<!-- \/ Yoast SEO plugin. -->","yoast_head_json":{"title":"Memory Game - Opera\u00e7\u00e3o Nariz Vermelho - Opera\u00e7\u00e3o Nariz Vermelho","description":"Thinking of a game that will bring the whole family and friends together, we've created the classic, fun and timeless Opera\u00e7\u00e3o Nariz Vermelho memory game. With illustrations by Mafalda Milh\u00f5es and made up of 30 cards, this game, in the format of a pack of cards, is great company whether you're at home, on the beach, at the local caf\u00e9 or even on a car journey. Because Doctor Clowns are better as a duo! Exercise your memory and concentration with the ONV Memory Game and help us bring joy to hospitalised children.","robots":{"index":"index","follow":"follow","max-snippet":"max-snippet:-1","max-image-preview":"max-image-preview:large","max-video-preview":"max-video-preview:-1"},"canonical":"https:\/\/narizvermelho.pt\/en\/produto\/jogo-da-memoria-2022\/","og_locale":"en_US","og_type":"article","og_title":"Memory Game - Opera\u00e7\u00e3o Nariz Vermelho - Opera\u00e7\u00e3o Nariz Vermelho","og_description":"Thinking of a game that will bring the whole family and friends together, we've created the classic, fun and timeless Opera\u00e7\u00e3o Nariz Vermelho memory game. With illustrations by Mafalda Milh\u00f5es and made up of 30 cards, this game, in the format of a pack of cards, is great company whether you're at home, on the beach, at the local caf\u00e9 or even on a car journey. Because Doctor Clowns are better as a duo! Exercise your memory and concentration with the ONV Memory Game and help us bring joy to hospitalised children.","og_url":"https:\/\/narizvermelho.pt\/en\/produto\/jogo-da-memoria-2022\/","og_site_name":"Opera\u00e7\u00e3o Nariz Vermelho","article_publisher":"https:\/\/www.facebook.com\/NarizVermelho\/","article_modified_time":"2026-02-03T11:49:13+00:00","og_image":[{"width":1080,"height":1080,"url":"https:\/\/narizvermelho.pt\/wp-content\/uploads\/2024\/05\/ONV_shop_-_-MemoryGame.png","type":"image\/png"}],"twitter_card":"summary_large_image","twitter_misc":{"Est. reading time":"1 minute"},"schema":{"@context":"https:\/\/schema.org","@graph":[{"@type":"WebPage","@id":"https:\/\/narizvermelho.pt\/en\/produto\/jogo-da-memoria-2022\/","url":"https:\/\/narizvermelho.pt\/en\/produto\/jogo-da-memoria-2022\/","name":"Memory Game - Opera\u00e7\u00e3o Nariz Vermelho - Opera\u00e7\u00e3o Nariz Vermelho","isPartOf":{"@id":"https:\/\/narizvermelho.pt\/en\/#website"},"primaryImageOfPage":{"@id":"https:\/\/narizvermelho.pt\/en\/produto\/jogo-da-memoria-2022\/#primaryimage"},"image":{"@id":"https:\/\/narizvermelho.pt\/en\/produto\/jogo-da-memoria-2022\/#primaryimage"},"thumbnailUrl":"https:\/\/narizvermelho.pt\/wp-content\/uploads\/2024\/05\/ONV_shop_-_-MemoryGame.png","datePublished":"2023-04-05T13:45:53+00:00","dateModified":"2026-02-03T11:49:13+00:00","description":"Thinking of a game that will bring the whole family and friends together, we've created the classic, fun and timeless Opera\u00e7\u00e3o Nariz Vermelho memory game. With illustrations by Mafalda Milh\u00f5es and made up of 30 cards, this game, in the format of a pack of cards, is great company whether you're at home, on the beach, at the local caf\u00e9 or even on a car journey. Because Doctor Clowns are better as a duo! Exercise your memory and concentration with the ONV Memory Game and help us bring joy to hospitalised children.","breadcrumb":{"@id":"https:\/\/narizvermelho.pt\/en\/produto\/jogo-da-memoria-2022\/#breadcrumb"},"inLanguage":"en-US","potentialAction":[{"@type":"ReadAction","target":["https:\/\/narizvermelho.pt\/en\/produto\/jogo-da-memoria-2022\/"]}]},{"@type":"ImageObject","inLanguage":"en-US","@id":"https:\/\/narizvermelho.pt\/en\/produto\/jogo-da-memoria-2022\/#primaryimage","url":"https:\/\/narizvermelho.pt\/wp-content\/uploads\/2024\/05\/ONV_shop_-_-MemoryGame.png","contentUrl":"https:\/\/narizvermelho.pt\/wp-content\/uploads\/2024\/05\/ONV_shop_-_-MemoryGame.png","width":1080,"height":1080,"caption":"Memory Game"},{"@type":"BreadcrumbList","@id":"https:\/\/narizvermelho.pt\/en\/produto\/jogo-da-memoria-2022\/#breadcrumb","itemListElement":[{"@type":"ListItem","position":1,"name":"In\u00edcio","item":"https:\/\/narizvermelho.pt\/en\/"},{"@type":"ListItem","position":2,"name":"Shop","item":"https:\/\/narizvermelho.pt\/en\/shop\/"},{"@type":"ListItem","position":3,"name":"Memory Game &#8211; Opera\u00e7\u00e3o Nariz Vermelho"}]},{"@type":"WebSite","@id":"https:\/\/narizvermelho.pt\/en\/#website","url":"https:\/\/narizvermelho.pt\/en\/","name":"Opera\u00e7\u00e3o Nariz Vermelho","description":"Receitamos alegria \u00e0s crian\u00e7as hospitalizadas","publisher":{"@id":"https:\/\/narizvermelho.pt\/en\/#organization"},"potentialAction":[{"@type":"SearchAction","target":{"@type":"EntryPoint","urlTemplate":"https:\/\/narizvermelho.pt\/en\/?s={search_term_string}"},"query-input":{"@type":"PropertyValueSpecification","valueRequired":true,"valueName":"search_term_string"}}],"inLanguage":"en-US"},{"@type":"Organization","@id":"https:\/\/narizvermelho.pt\/en\/#organization","name":"Opera\u00e7\u00e3o Nariz Vermelho","url":"https:\/\/narizvermelho.pt\/en\/","logo":{"@type":"ImageObject","inLanguage":"en-US","@id":"https:\/\/narizvermelho.pt\/en\/#\/schema\/logo\/image\/","url":"https:\/\/narizvermelho.pt\/wp-content\/uploads\/2022\/05\/logo.svg","contentUrl":"https:\/\/narizvermelho.pt\/wp-content\/uploads\/2022\/05\/logo.svg","width":258,"height":93,"caption":"Opera\u00e7\u00e3o Nariz Vermelho"},"image":{"@id":"https:\/\/narizvermelho.pt\/en\/#\/schema\/logo\/image\/"},"sameAs":["https:\/\/www.facebook.com\/NarizVermelho\/"]}]}},"uagb_featured_image_src":{"full":["https:\/\/narizvermelho.pt\/wp-content\/uploads\/2024\/05\/ONV_shop_-_-MemoryGame.png",1080,1080,false],"thumbnail":["https:\/\/narizvermelho.pt\/wp-content\/uploads\/2024\/05\/ONV_shop_-_-MemoryGame-150x150.png",150,150,true],"medium":["https:\/\/narizvermelho.pt\/wp-content\/uploads\/2024\/05\/ONV_shop_-_-MemoryGame-300x300.png",300,300,true],"medium_large":["https:\/\/narizvermelho.pt\/wp-content\/uploads\/2024\/05\/ONV_shop_-_-MemoryGame-768x768.png",768,768,true],"large":["https:\/\/narizvermelho.pt\/wp-content\/uploads\/2024\/05\/ONV_shop_-_-MemoryGame-1024x1024.png",1024,1024,true],"1536x1536":["https:\/\/narizvermelho.pt\/wp-content\/uploads\/2024\/05\/ONV_shop_-_-MemoryGame.png",1080,1080,false],"2048x2048":["https:\/\/narizvermelho.pt\/wp-content\/uploads\/2024\/05\/ONV_shop_-_-MemoryGame.png",1080,1080,false],"portfolio-thumb":["https:\/\/narizvermelho.pt\/wp-content\/uploads\/2024\/05\/ONV_shop_-_-MemoryGame-600x403.png",600,403,true],"nectar_small_square":["https:\/\/narizvermelho.pt\/wp-content\/uploads\/2024\/05\/ONV_shop_-_-MemoryGame-140x140.png",140,140,true],"portfolio-thumb_large":["https:\/\/narizvermelho.pt\/wp-content\/uploads\/2024\/05\/ONV_shop_-_-MemoryGame-900x604.png",900,604,true],"portfolio-thumb_small":["https:\/\/narizvermelho.pt\/wp-content\/uploads\/2024\/05\/ONV_shop_-_-MemoryGame-400x269.png",400,269,true],"portfolio-widget":["https:\/\/narizvermelho.pt\/wp-content\/uploads\/2024\/05\/ONV_shop_-_-MemoryGame-100x100.png",100,100,true],"regular":["https:\/\/narizvermelho.pt\/wp-content\/uploads\/2024\/05\/ONV_shop_-_-MemoryGame-500x500.png",500,500,true],"regular_photography":["https:\/\/narizvermelho.pt\/wp-content\/uploads\/2024\/05\/ONV_shop_-_-MemoryGame-450x600.png",450,600,true],"regular_small":["https:\/\/narizvermelho.pt\/wp-content\/uploads\/2024\/05\/ONV_shop_-_-MemoryGame-350x350.png",350,350,true],"regular_photography_small":["https:\/\/narizvermelho.pt\/wp-content\/uploads\/2024\/05\/ONV_shop_-_-MemoryGame-350x467.png",350,467,true],"wide_tall":["https:\/\/narizvermelho.pt\/wp-content\/uploads\/2024\/05\/ONV_shop_-_-MemoryGame-1000x1000.png",1000,1000,true],"wide_tall_photography":["https:\/\/narizvermelho.pt\/wp-content\/uploads\/2024\/05\/ONV_shop_-_-MemoryGame-900x1080.png",900,1080,true],"wide_photography":["https:\/\/narizvermelho.pt\/wp-content\/uploads\/2024\/05\/ONV_shop_-_-MemoryGame-900x600.png",900,600,true],"wide_photography_small":["https:\/\/narizvermelho.pt\/wp-content\/uploads\/2024\/05\/ONV_shop_-_-MemoryGame-675x450.png",675,450,true],"large_featured":["https:\/\/narizvermelho.pt\/wp-content\/uploads\/2024\/05\/ONV_shop_-_-MemoryGame-1080x770.png",1080,770,true],"medium_featured":["https:\/\/narizvermelho.pt\/wp-content\/uploads\/2024\/05\/ONV_shop_-_-MemoryGame-800x800.png",800,800,true],"woocommerce_thumbnail":["https:\/\/narizvermelho.pt\/wp-content\/uploads\/2024\/05\/ONV_shop_-_-MemoryGame-300x300.png",300,300,true],"woocommerce_single":["https:\/\/narizvermelho.pt\/wp-content\/uploads\/2024\/05\/ONV_shop_-_-MemoryGame-600x600.png",600,600,true],"woocommerce_gallery_thumbnail":["https:\/\/narizvermelho.pt\/wp-content\/uploads\/2024\/05\/ONV_shop_-_-MemoryGame-150x150.png",150,150,true]},"uagb_author_info":{"display_name":"Sara Ferr\u00e3o","author_link":"https:\/\/narizvermelho.pt\/en\/author\/"},"uagb_comment_info":41,"uagb_excerpt":"Thinking of a game that will bring the whole family and friends together, we've created the classic, fun and timeless Opera\u00e7\u00e3o Nariz Vermelho memory game. With illustrations by Mafalda Milh\u00f5es and made up of 30 cards, this game, in the format of a pack of cards, is great company whether you're at home, on the&hellip;","jetpack_sharing_enabled":true,"_links":{"self":[{"href":"https:\/\/narizvermelho.pt\/en\/wp-json\/wp\/v2\/product\/14113","targetHints":{"allow":["GET"]}}],"collection":[{"href":"https:\/\/narizvermelho.pt\/en\/wp-json\/wp\/v2\/product"}],"about":[{"href":"https:\/\/narizvermelho.pt\/en\/wp-json\/wp\/v2\/types\/product"}],"replies":[{"embeddable":true,"href":"https:\/\/narizvermelho.pt\/en\/wp-json\/wp\/v2\/comments?post=14113"}],"wp:featuredmedia":[{"embeddable":true,"href":"https:\/\/narizvermelho.pt\/en\/wp-json\/wp\/v2\/media\/14336"}],"wp:attachment":[{"href":"https:\/\/narizvermelho.pt\/en\/wp-json\/wp\/v2\/media?parent=14113"}],"wp:term":[{"taxonomy":"product_brand","embeddable":true,"href":"https:\/\/narizvermelho.pt\/en\/wp-json\/wp\/v2\/product_brand?post=14113"},{"taxonomy":"product_cat","embeddable":true,"href":"https:\/\/narizvermelho.pt\/en\/wp-json\/wp\/v2\/product_cat?post=14113"},{"taxonomy":"product_tag","embeddable":true,"href":"https:\/\/narizvermelho.pt\/en\/wp-json\/wp\/v2\/product_tag?post=14113"}],"curies":[{"name":"wp","href":"https:\/\/api.w.org\/{rel}","templated":true}]}}