{"id":14064,"date":"2024-03-25T10:56:24","date_gmt":"2024-03-25T10:56:24","guid":{"rendered":"https:\/\/narizvermelho.pt\/produto\/garrafa-onv-edicao-2024\/"},"modified":"2024-05-15T14:04:56","modified_gmt":"2024-05-15T14:04:56","slug":"onv-reusable-bottle-2024-edition","status":"publish","type":"product","link":"https:\/\/narizvermelho.pt\/en\/produto\/onv-reusable-bottle-2024-edition\/","title":{"rendered":"ONV reusable bottle &#8211; 2024 edition"},"content":{"rendered":"<p style=\"text-align: center;\">Free shipping thanks to the support of our partner:<br \/>\n<a href=\"https:\/\/torrestir.com\/\"><img loading=\"lazy\" decoding=\"async\" class=\"size-full wp-image-11177 aligncenter\" src=\"https:\/\/narizvermelho.pt\/wp-content\/uploads\/2023\/11\/Logotipo-pequeno-Torrestir.png\" alt=\"\" width=\"140\" height=\"47\" \/><\/a><strong>Delivery time:<\/strong> 3 to 7 working days<\/p>\n<p style=\"text-align: center;\"><em><strong>100% of the proceeds go to our mission!<\/strong><\/em><\/p>\n","protected":false},"excerpt":{"rendered":"<p>This is Opera\u00e7\u00e3o Nariz Vermelho new reusable bottle! No &#8230; not just any bottle! As well as being a leak-proof water bottle, this aluminium bottle is the most refreshing invention since penguins discovered ice cubes!<\/p>\n<p>For little adventurers who face the playground like it&#8217;s a jungle and for adults who face life like it&#8217;s a rollercoaster, this bottle is more than an accessory &#8211; it&#8217;s your travelling companion towards ultimate hydration!<\/p>\n<p>It&#8217;s tougher than a polar bear hug and it&#8217;s full of joy! :\ud83d\udd34)<\/p>\n<p><strong>Capacity<\/strong>: 400 ml<\/p>\n<p><strong>Material<\/strong>: aluminium.<\/p>\n<p><strong>Size<\/strong>: \u00d8 6.6 x 17.5 cm.<\/p>\n<p><strong>Additional information<\/strong>: Not machine washable;<\/p>\n<p>Bottle with safety screw and metal transport carabiner and sent individually packaged in a standard box.<\/p>\n<p>Remember: by buying the ONV aluminium bottle you are helping Operation Red Nose bring joy to hospitalised children, their families and hospital staff.<\/p>\n","protected":false},"featured_media":14281,"comment_status":"closed","ping_status":"closed","template":"","meta":{"inline_featured_image":false,"_uag_custom_page_level_css":""},"product_brand":[],"product_cat":[134],"product_tag":[135],"class_list":{"0":"post-14064","1":"product","2":"type-product","3":"status-publish","4":"has-post-thumbnail","6":"product_cat-reusable-bottles","7":"product_tag-mafalda-milhoes-en","9":"first","10":"instock","11":"taxable","12":"shipping-taxable","13":"purchasable","14":"product-type-simple"},"yoast_head":"<!-- This site is optimized with the Yoast SEO plugin v27.3 - https:\/\/yoast.com\/product\/yoast-seo-wordpress\/ -->\n<title>ONV reusable bottle - 2024 edition - Opera\u00e7\u00e3o Nariz Vermelho<\/title>\n<meta name=\"description\" content=\"Reusable aluminium bottle, super fun and useful for kids and adults. Bottle with safety screw and metal transport carabiner and sent individually packaged in a standard box. A bottle of solidarity!\" \/>\n<meta name=\"robots\" content=\"index, follow, max-snippet:-1, max-image-preview:large, max-video-preview:-1\" \/>\n<link rel=\"canonical\" href=\"https:\/\/narizvermelho.pt\/en\/produto\/onv-reusable-bottle-2024-edition\/\" \/>\n<meta property=\"og:locale\" content=\"en_US\" \/>\n<meta property=\"og:type\" content=\"article\" \/>\n<meta property=\"og:title\" content=\"ONV reusable bottle - 2024 edition - Opera\u00e7\u00e3o Nariz Vermelho\" \/>\n<meta property=\"og:description\" content=\"Reusable aluminium bottle, super fun and useful for kids and adults. Bottle with safety screw and metal transport carabiner and sent individually packaged in a standard box. A bottle of solidarity!\" \/>\n<meta property=\"og:url\" content=\"https:\/\/narizvermelho.pt\/en\/produto\/onv-reusable-bottle-2024-edition\/\" \/>\n<meta property=\"og:site_name\" content=\"Opera\u00e7\u00e3o Nariz Vermelho\" \/>\n<meta property=\"article:publisher\" content=\"https:\/\/www.facebook.com\/NarizVermelho\/\" \/>\n<meta property=\"article:modified_time\" content=\"2024-05-15T14:04:56+00:00\" \/>\n<meta property=\"og:image\" content=\"https:\/\/narizvermelho.pt\/wp-content\/uploads\/2024\/05\/DNV_ReusableBottle.png\" \/>\n\t<meta property=\"og:image:width\" content=\"1080\" \/>\n\t<meta property=\"og:image:height\" content=\"1080\" \/>\n\t<meta property=\"og:image:type\" content=\"image\/png\" \/>\n<meta name=\"twitter:card\" content=\"summary_large_image\" \/>\n<meta name=\"twitter:label1\" content=\"Est. reading time\" \/>\n\t<meta name=\"twitter:data1\" content=\"1 minute\" \/>\n<script type=\"application\/ld+json\" class=\"yoast-schema-graph\">{\"@context\":\"https:\\\/\\\/schema.org\",\"@graph\":[{\"@type\":\"WebPage\",\"@id\":\"https:\\\/\\\/narizvermelho.pt\\\/en\\\/produto\\\/onv-reusable-bottle-2024-edition\\\/\",\"url\":\"https:\\\/\\\/narizvermelho.pt\\\/en\\\/produto\\\/onv-reusable-bottle-2024-edition\\\/\",\"name\":\"ONV reusable bottle - 2024 edition - Opera\u00e7\u00e3o Nariz Vermelho\",\"isPartOf\":{\"@id\":\"https:\\\/\\\/narizvermelho.pt\\\/en\\\/#website\"},\"primaryImageOfPage\":{\"@id\":\"https:\\\/\\\/narizvermelho.pt\\\/en\\\/produto\\\/onv-reusable-bottle-2024-edition\\\/#primaryimage\"},\"image\":{\"@id\":\"https:\\\/\\\/narizvermelho.pt\\\/en\\\/produto\\\/onv-reusable-bottle-2024-edition\\\/#primaryimage\"},\"thumbnailUrl\":\"https:\\\/\\\/narizvermelho.pt\\\/wp-content\\\/uploads\\\/2024\\\/05\\\/DNV_ReusableBottle.png\",\"datePublished\":\"2024-03-25T10:56:24+00:00\",\"dateModified\":\"2024-05-15T14:04:56+00:00\",\"description\":\"Reusable aluminium bottle, super fun and useful for kids and adults. Bottle with safety screw and metal transport carabiner and sent individually packaged in a standard box. A bottle of solidarity!\",\"breadcrumb\":{\"@id\":\"https:\\\/\\\/narizvermelho.pt\\\/en\\\/produto\\\/onv-reusable-bottle-2024-edition\\\/#breadcrumb\"},\"inLanguage\":\"en-US\",\"potentialAction\":[{\"@type\":\"ReadAction\",\"target\":[\"https:\\\/\\\/narizvermelho.pt\\\/en\\\/produto\\\/onv-reusable-bottle-2024-edition\\\/\"]}]},{\"@type\":\"ImageObject\",\"inLanguage\":\"en-US\",\"@id\":\"https:\\\/\\\/narizvermelho.pt\\\/en\\\/produto\\\/onv-reusable-bottle-2024-edition\\\/#primaryimage\",\"url\":\"https:\\\/\\\/narizvermelho.pt\\\/wp-content\\\/uploads\\\/2024\\\/05\\\/DNV_ReusableBottle.png\",\"contentUrl\":\"https:\\\/\\\/narizvermelho.pt\\\/wp-content\\\/uploads\\\/2024\\\/05\\\/DNV_ReusableBottle.png\",\"width\":1080,\"height\":1080},{\"@type\":\"BreadcrumbList\",\"@id\":\"https:\\\/\\\/narizvermelho.pt\\\/en\\\/produto\\\/onv-reusable-bottle-2024-edition\\\/#breadcrumb\",\"itemListElement\":[{\"@type\":\"ListItem\",\"position\":1,\"name\":\"In\u00edcio\",\"item\":\"https:\\\/\\\/narizvermelho.pt\\\/en\\\/\"},{\"@type\":\"ListItem\",\"position\":2,\"name\":\"Shop\",\"item\":\"https:\\\/\\\/narizvermelho.pt\\\/en\\\/shop\\\/\"},{\"@type\":\"ListItem\",\"position\":3,\"name\":\"ONV reusable bottle &#8211; 2024 edition\"}]},{\"@type\":\"WebSite\",\"@id\":\"https:\\\/\\\/narizvermelho.pt\\\/en\\\/#website\",\"url\":\"https:\\\/\\\/narizvermelho.pt\\\/en\\\/\",\"name\":\"Opera\u00e7\u00e3o Nariz Vermelho\",\"description\":\"Receitamos alegria \u00e0s crian\u00e7as hospitalizadas\",\"publisher\":{\"@id\":\"https:\\\/\\\/narizvermelho.pt\\\/en\\\/#organization\"},\"potentialAction\":[{\"@type\":\"SearchAction\",\"target\":{\"@type\":\"EntryPoint\",\"urlTemplate\":\"https:\\\/\\\/narizvermelho.pt\\\/en\\\/?s={search_term_string}\"},\"query-input\":{\"@type\":\"PropertyValueSpecification\",\"valueRequired\":true,\"valueName\":\"search_term_string\"}}],\"inLanguage\":\"en-US\"},{\"@type\":\"Organization\",\"@id\":\"https:\\\/\\\/narizvermelho.pt\\\/en\\\/#organization\",\"name\":\"Opera\u00e7\u00e3o Nariz Vermelho\",\"url\":\"https:\\\/\\\/narizvermelho.pt\\\/en\\\/\",\"logo\":{\"@type\":\"ImageObject\",\"inLanguage\":\"en-US\",\"@id\":\"https:\\\/\\\/narizvermelho.pt\\\/en\\\/#\\\/schema\\\/logo\\\/image\\\/\",\"url\":\"https:\\\/\\\/narizvermelho.pt\\\/wp-content\\\/uploads\\\/2022\\\/05\\\/logo.svg\",\"contentUrl\":\"https:\\\/\\\/narizvermelho.pt\\\/wp-content\\\/uploads\\\/2022\\\/05\\\/logo.svg\",\"width\":258,\"height\":93,\"caption\":\"Opera\u00e7\u00e3o Nariz Vermelho\"},\"image\":{\"@id\":\"https:\\\/\\\/narizvermelho.pt\\\/en\\\/#\\\/schema\\\/logo\\\/image\\\/\"},\"sameAs\":[\"https:\\\/\\\/www.facebook.com\\\/NarizVermelho\\\/\"]}]}<\/script>\n<!-- \/ Yoast SEO plugin. -->","yoast_head_json":{"title":"ONV reusable bottle - 2024 edition - Opera\u00e7\u00e3o Nariz Vermelho","description":"Reusable aluminium bottle, super fun and useful for kids and adults. Bottle with safety screw and metal transport carabiner and sent individually packaged in a standard box. A bottle of solidarity!","robots":{"index":"index","follow":"follow","max-snippet":"max-snippet:-1","max-image-preview":"max-image-preview:large","max-video-preview":"max-video-preview:-1"},"canonical":"https:\/\/narizvermelho.pt\/en\/produto\/onv-reusable-bottle-2024-edition\/","og_locale":"en_US","og_type":"article","og_title":"ONV reusable bottle - 2024 edition - Opera\u00e7\u00e3o Nariz Vermelho","og_description":"Reusable aluminium bottle, super fun and useful for kids and adults. Bottle with safety screw and metal transport carabiner and sent individually packaged in a standard box. A bottle of solidarity!","og_url":"https:\/\/narizvermelho.pt\/en\/produto\/onv-reusable-bottle-2024-edition\/","og_site_name":"Opera\u00e7\u00e3o Nariz Vermelho","article_publisher":"https:\/\/www.facebook.com\/NarizVermelho\/","article_modified_time":"2024-05-15T14:04:56+00:00","og_image":[{"width":1080,"height":1080,"url":"https:\/\/narizvermelho.pt\/wp-content\/uploads\/2024\/05\/DNV_ReusableBottle.png","type":"image\/png"}],"twitter_card":"summary_large_image","twitter_misc":{"Est. reading time":"1 minute"},"schema":{"@context":"https:\/\/schema.org","@graph":[{"@type":"WebPage","@id":"https:\/\/narizvermelho.pt\/en\/produto\/onv-reusable-bottle-2024-edition\/","url":"https:\/\/narizvermelho.pt\/en\/produto\/onv-reusable-bottle-2024-edition\/","name":"ONV reusable bottle - 2024 edition - Opera\u00e7\u00e3o Nariz Vermelho","isPartOf":{"@id":"https:\/\/narizvermelho.pt\/en\/#website"},"primaryImageOfPage":{"@id":"https:\/\/narizvermelho.pt\/en\/produto\/onv-reusable-bottle-2024-edition\/#primaryimage"},"image":{"@id":"https:\/\/narizvermelho.pt\/en\/produto\/onv-reusable-bottle-2024-edition\/#primaryimage"},"thumbnailUrl":"https:\/\/narizvermelho.pt\/wp-content\/uploads\/2024\/05\/DNV_ReusableBottle.png","datePublished":"2024-03-25T10:56:24+00:00","dateModified":"2024-05-15T14:04:56+00:00","description":"Reusable aluminium bottle, super fun and useful for kids and adults. Bottle with safety screw and metal transport carabiner and sent individually packaged in a standard box. A bottle of solidarity!","breadcrumb":{"@id":"https:\/\/narizvermelho.pt\/en\/produto\/onv-reusable-bottle-2024-edition\/#breadcrumb"},"inLanguage":"en-US","potentialAction":[{"@type":"ReadAction","target":["https:\/\/narizvermelho.pt\/en\/produto\/onv-reusable-bottle-2024-edition\/"]}]},{"@type":"ImageObject","inLanguage":"en-US","@id":"https:\/\/narizvermelho.pt\/en\/produto\/onv-reusable-bottle-2024-edition\/#primaryimage","url":"https:\/\/narizvermelho.pt\/wp-content\/uploads\/2024\/05\/DNV_ReusableBottle.png","contentUrl":"https:\/\/narizvermelho.pt\/wp-content\/uploads\/2024\/05\/DNV_ReusableBottle.png","width":1080,"height":1080},{"@type":"BreadcrumbList","@id":"https:\/\/narizvermelho.pt\/en\/produto\/onv-reusable-bottle-2024-edition\/#breadcrumb","itemListElement":[{"@type":"ListItem","position":1,"name":"In\u00edcio","item":"https:\/\/narizvermelho.pt\/en\/"},{"@type":"ListItem","position":2,"name":"Shop","item":"https:\/\/narizvermelho.pt\/en\/shop\/"},{"@type":"ListItem","position":3,"name":"ONV reusable bottle &#8211; 2024 edition"}]},{"@type":"WebSite","@id":"https:\/\/narizvermelho.pt\/en\/#website","url":"https:\/\/narizvermelho.pt\/en\/","name":"Opera\u00e7\u00e3o Nariz Vermelho","description":"Receitamos alegria \u00e0s crian\u00e7as hospitalizadas","publisher":{"@id":"https:\/\/narizvermelho.pt\/en\/#organization"},"potentialAction":[{"@type":"SearchAction","target":{"@type":"EntryPoint","urlTemplate":"https:\/\/narizvermelho.pt\/en\/?s={search_term_string}"},"query-input":{"@type":"PropertyValueSpecification","valueRequired":true,"valueName":"search_term_string"}}],"inLanguage":"en-US"},{"@type":"Organization","@id":"https:\/\/narizvermelho.pt\/en\/#organization","name":"Opera\u00e7\u00e3o Nariz Vermelho","url":"https:\/\/narizvermelho.pt\/en\/","logo":{"@type":"ImageObject","inLanguage":"en-US","@id":"https:\/\/narizvermelho.pt\/en\/#\/schema\/logo\/image\/","url":"https:\/\/narizvermelho.pt\/wp-content\/uploads\/2022\/05\/logo.svg","contentUrl":"https:\/\/narizvermelho.pt\/wp-content\/uploads\/2022\/05\/logo.svg","width":258,"height":93,"caption":"Opera\u00e7\u00e3o Nariz Vermelho"},"image":{"@id":"https:\/\/narizvermelho.pt\/en\/#\/schema\/logo\/image\/"},"sameAs":["https:\/\/www.facebook.com\/NarizVermelho\/"]}]}},"uagb_featured_image_src":{"full":["https:\/\/narizvermelho.pt\/wp-content\/uploads\/2024\/05\/DNV_ReusableBottle.png",1080,1080,false],"thumbnail":["https:\/\/narizvermelho.pt\/wp-content\/uploads\/2024\/05\/DNV_ReusableBottle-150x150.png",150,150,true],"medium":["https:\/\/narizvermelho.pt\/wp-content\/uploads\/2024\/05\/DNV_ReusableBottle-300x300.png",300,300,true],"medium_large":["https:\/\/narizvermelho.pt\/wp-content\/uploads\/2024\/05\/DNV_ReusableBottle-768x768.png",768,768,true],"large":["https:\/\/narizvermelho.pt\/wp-content\/uploads\/2024\/05\/DNV_ReusableBottle-1024x1024.png",1024,1024,true],"1536x1536":["https:\/\/narizvermelho.pt\/wp-content\/uploads\/2024\/05\/DNV_ReusableBottle.png",1080,1080,false],"2048x2048":["https:\/\/narizvermelho.pt\/wp-content\/uploads\/2024\/05\/DNV_ReusableBottle.png",1080,1080,false],"portfolio-thumb":["https:\/\/narizvermelho.pt\/wp-content\/uploads\/2024\/05\/DNV_ReusableBottle-600x403.png",600,403,true],"nectar_small_square":["https:\/\/narizvermelho.pt\/wp-content\/uploads\/2024\/05\/DNV_ReusableBottle-140x140.png",140,140,true],"portfolio-thumb_large":["https:\/\/narizvermelho.pt\/wp-content\/uploads\/2024\/05\/DNV_ReusableBottle-900x604.png",900,604,true],"portfolio-thumb_small":["https:\/\/narizvermelho.pt\/wp-content\/uploads\/2024\/05\/DNV_ReusableBottle-400x269.png",400,269,true],"portfolio-widget":["https:\/\/narizvermelho.pt\/wp-content\/uploads\/2024\/05\/DNV_ReusableBottle-100x100.png",100,100,true],"regular":["https:\/\/narizvermelho.pt\/wp-content\/uploads\/2024\/05\/DNV_ReusableBottle-500x500.png",500,500,true],"regular_photography":["https:\/\/narizvermelho.pt\/wp-content\/uploads\/2024\/05\/DNV_ReusableBottle-450x600.png",450,600,true],"regular_small":["https:\/\/narizvermelho.pt\/wp-content\/uploads\/2024\/05\/DNV_ReusableBottle-350x350.png",350,350,true],"regular_photography_small":["https:\/\/narizvermelho.pt\/wp-content\/uploads\/2024\/05\/DNV_ReusableBottle-350x467.png",350,467,true],"wide_tall":["https:\/\/narizvermelho.pt\/wp-content\/uploads\/2024\/05\/DNV_ReusableBottle-1000x1000.png",1000,1000,true],"wide_tall_photography":["https:\/\/narizvermelho.pt\/wp-content\/uploads\/2024\/05\/DNV_ReusableBottle-900x1080.png",900,1080,true],"wide_photography":["https:\/\/narizvermelho.pt\/wp-content\/uploads\/2024\/05\/DNV_ReusableBottle-900x600.png",900,600,true],"wide_photography_small":["https:\/\/narizvermelho.pt\/wp-content\/uploads\/2024\/05\/DNV_ReusableBottle-675x450.png",675,450,true],"large_featured":["https:\/\/narizvermelho.pt\/wp-content\/uploads\/2024\/05\/DNV_ReusableBottle-1080x770.png",1080,770,true],"medium_featured":["https:\/\/narizvermelho.pt\/wp-content\/uploads\/2024\/05\/DNV_ReusableBottle-800x800.png",800,800,true],"woocommerce_thumbnail":["https:\/\/narizvermelho.pt\/wp-content\/uploads\/2024\/05\/DNV_ReusableBottle-300x300.png",300,300,true],"woocommerce_single":["https:\/\/narizvermelho.pt\/wp-content\/uploads\/2024\/05\/DNV_ReusableBottle-600x600.png",600,600,true],"woocommerce_gallery_thumbnail":["https:\/\/narizvermelho.pt\/wp-content\/uploads\/2024\/05\/DNV_ReusableBottle-150x150.png",150,150,true]},"uagb_author_info":{"display_name":"Sara Ferr\u00e3o","author_link":"https:\/\/narizvermelho.pt\/en\/author\/"},"uagb_comment_info":0,"uagb_excerpt":"This is Opera\u00e7\u00e3o Nariz Vermelho new reusable bottle! No ... not just any bottle! As well as being a leak-proof water bottle, this aluminium bottle is the most refreshing invention since penguins discovered ice cubes! For little adventurers who face the playground like it's a jungle and for adults who face life like it's a&hellip;","jetpack_sharing_enabled":true,"_links":{"self":[{"href":"https:\/\/narizvermelho.pt\/en\/wp-json\/wp\/v2\/product\/14064","targetHints":{"allow":["GET"]}}],"collection":[{"href":"https:\/\/narizvermelho.pt\/en\/wp-json\/wp\/v2\/product"}],"about":[{"href":"https:\/\/narizvermelho.pt\/en\/wp-json\/wp\/v2\/types\/product"}],"replies":[{"embeddable":true,"href":"https:\/\/narizvermelho.pt\/en\/wp-json\/wp\/v2\/comments?post=14064"}],"wp:featuredmedia":[{"embeddable":true,"href":"https:\/\/narizvermelho.pt\/en\/wp-json\/wp\/v2\/media\/14281"}],"wp:attachment":[{"href":"https:\/\/narizvermelho.pt\/en\/wp-json\/wp\/v2\/media?parent=14064"}],"wp:term":[{"taxonomy":"product_brand","embeddable":true,"href":"https:\/\/narizvermelho.pt\/en\/wp-json\/wp\/v2\/product_brand?post=14064"},{"taxonomy":"product_cat","embeddable":true,"href":"https:\/\/narizvermelho.pt\/en\/wp-json\/wp\/v2\/product_cat?post=14064"},{"taxonomy":"product_tag","embeddable":true,"href":"https:\/\/narizvermelho.pt\/en\/wp-json\/wp\/v2\/product_tag?post=14064"}],"curies":[{"name":"wp","href":"https:\/\/api.w.org\/{rel}","templated":true}]}}