{"id":11175,"date":"2023-11-24T08:23:57","date_gmt":"2023-11-24T08:23:57","guid":{"rendered":"https:\/\/narizvermelho.pt\/produto\/wc-donation-a-camisola-mais-valiosa\/"},"modified":"2026-02-03T11:49:56","modified_gmt":"2026-02-03T11:49:56","slug":"wc-donation-a-camisola-mais-valiosa","status":"publish","type":"product","link":"https:\/\/narizvermelho.pt\/en\/produto\/wc-donation-a-camisola-mais-valiosa\/","title":{"rendered":"A Camisola Mais Valiosa do Mundo &#8211; donativo"},"content":{"rendered":"","protected":false},"excerpt":{"rendered":"<p>Fa\u00e7a o seu donativo em <a href=\"https:\/\/acamisolamaisvaliosadomundo.pt\/\">https:\/\/acamisolamaisvaliosadomundo.pt\/<\/a><\/p>\n","protected":false},"featured_media":0,"comment_status":"open","ping_status":"closed","template":"","meta":{"rs_blank_template":"","rs_page_bg_color":"","slide_template_v7":"","inline_featured_image":false,"_uag_custom_page_level_css":""},"product_brand":[],"product_cat":[20],"product_tag":[],"class_list":{"0":"post-11175","1":"product","2":"type-product","3":"status-publish","5":"product_cat-sem-categoria","7":"first","8":"instock","9":"downloadable","10":"virtual","11":"purchasable","12":"product-type-simple"},"yoast_head":"<!-- This site is optimized with the Yoast SEO plugin v27.3 - https:\/\/yoast.com\/product\/yoast-seo-wordpress\/ -->\n<title>A Camisola Mais Valiosa do Mundo - donativo - Opera\u00e7\u00e3o Nariz Vermelho<\/title>\n<meta name=\"description\" content=\"Fa\u00e7a o seu donativo em https:\/\/acamisolamaisvaliosadomundo.pt\/\" \/>\n<meta name=\"robots\" content=\"noindex, follow\" \/>\n<meta property=\"og:locale\" content=\"en_US\" \/>\n<meta property=\"og:type\" content=\"article\" \/>\n<meta property=\"og:title\" content=\"A Camisola Mais Valiosa do Mundo - donativo - Opera\u00e7\u00e3o Nariz Vermelho\" \/>\n<meta property=\"og:description\" content=\"Fa\u00e7a o seu donativo em https:\/\/acamisolamaisvaliosadomundo.pt\/\" \/>\n<meta property=\"og:url\" content=\"https:\/\/narizvermelho.pt\/en\/produto\/wc-donation-a-camisola-mais-valiosa\/\" \/>\n<meta property=\"og:site_name\" content=\"Opera\u00e7\u00e3o Nariz Vermelho\" \/>\n<meta property=\"article:publisher\" content=\"https:\/\/www.facebook.com\/NarizVermelho\/\" \/>\n<meta property=\"article:modified_time\" content=\"2026-02-03T11:49:56+00:00\" \/>\n<meta name=\"twitter:card\" content=\"summary_large_image\" \/>\n<script type=\"application\/ld+json\" class=\"yoast-schema-graph\">{\"@context\":\"https:\\\/\\\/schema.org\",\"@graph\":[{\"@type\":\"WebPage\",\"@id\":\"https:\\\/\\\/narizvermelho.pt\\\/en\\\/produto\\\/wc-donation-a-camisola-mais-valiosa\\\/\",\"url\":\"https:\\\/\\\/narizvermelho.pt\\\/en\\\/produto\\\/wc-donation-a-camisola-mais-valiosa\\\/\",\"name\":\"A Camisola Mais Valiosa do Mundo - donativo - Opera\u00e7\u00e3o Nariz Vermelho\",\"isPartOf\":{\"@id\":\"https:\\\/\\\/narizvermelho.pt\\\/en\\\/#website\"},\"datePublished\":\"2023-11-24T08:23:57+00:00\",\"dateModified\":\"2026-02-03T11:49:56+00:00\",\"description\":\"Fa\u00e7a o seu donativo em https:\\\/\\\/acamisolamaisvaliosadomundo.pt\\\/\",\"breadcrumb\":{\"@id\":\"https:\\\/\\\/narizvermelho.pt\\\/en\\\/produto\\\/wc-donation-a-camisola-mais-valiosa\\\/#breadcrumb\"},\"inLanguage\":\"en-US\",\"potentialAction\":[{\"@type\":\"ReadAction\",\"target\":[\"https:\\\/\\\/narizvermelho.pt\\\/en\\\/produto\\\/wc-donation-a-camisola-mais-valiosa\\\/\"]}]},{\"@type\":\"BreadcrumbList\",\"@id\":\"https:\\\/\\\/narizvermelho.pt\\\/en\\\/produto\\\/wc-donation-a-camisola-mais-valiosa\\\/#breadcrumb\",\"itemListElement\":[{\"@type\":\"ListItem\",\"position\":1,\"name\":\"In\u00edcio\",\"item\":\"https:\\\/\\\/narizvermelho.pt\\\/en\\\/\"},{\"@type\":\"ListItem\",\"position\":2,\"name\":\"Shop\",\"item\":\"https:\\\/\\\/narizvermelho.pt\\\/en\\\/shop\\\/\"},{\"@type\":\"ListItem\",\"position\":3,\"name\":\"A Camisola Mais Valiosa do Mundo &#8211; donativo\"}]},{\"@type\":\"WebSite\",\"@id\":\"https:\\\/\\\/narizvermelho.pt\\\/en\\\/#website\",\"url\":\"https:\\\/\\\/narizvermelho.pt\\\/en\\\/\",\"name\":\"Opera\u00e7\u00e3o Nariz Vermelho\",\"description\":\"Receitamos alegria \u00e0s crian\u00e7as hospitalizadas\",\"publisher\":{\"@id\":\"https:\\\/\\\/narizvermelho.pt\\\/en\\\/#organization\"},\"potentialAction\":[{\"@type\":\"SearchAction\",\"target\":{\"@type\":\"EntryPoint\",\"urlTemplate\":\"https:\\\/\\\/narizvermelho.pt\\\/en\\\/?s={search_term_string}\"},\"query-input\":{\"@type\":\"PropertyValueSpecification\",\"valueRequired\":true,\"valueName\":\"search_term_string\"}}],\"inLanguage\":\"en-US\"},{\"@type\":\"Organization\",\"@id\":\"https:\\\/\\\/narizvermelho.pt\\\/en\\\/#organization\",\"name\":\"Opera\u00e7\u00e3o Nariz Vermelho\",\"url\":\"https:\\\/\\\/narizvermelho.pt\\\/en\\\/\",\"logo\":{\"@type\":\"ImageObject\",\"inLanguage\":\"en-US\",\"@id\":\"https:\\\/\\\/narizvermelho.pt\\\/en\\\/#\\\/schema\\\/logo\\\/image\\\/\",\"url\":\"https:\\\/\\\/narizvermelho.pt\\\/wp-content\\\/uploads\\\/2022\\\/05\\\/logo.svg\",\"contentUrl\":\"https:\\\/\\\/narizvermelho.pt\\\/wp-content\\\/uploads\\\/2022\\\/05\\\/logo.svg\",\"width\":258,\"height\":93,\"caption\":\"Opera\u00e7\u00e3o Nariz Vermelho\"},\"image\":{\"@id\":\"https:\\\/\\\/narizvermelho.pt\\\/en\\\/#\\\/schema\\\/logo\\\/image\\\/\"},\"sameAs\":[\"https:\\\/\\\/www.facebook.com\\\/NarizVermelho\\\/\"]}]}<\/script>\n<!-- \/ Yoast SEO plugin. -->","yoast_head_json":{"title":"A Camisola Mais Valiosa do Mundo - donativo - Opera\u00e7\u00e3o Nariz Vermelho","description":"Fa\u00e7a o seu donativo em https:\/\/acamisolamaisvaliosadomundo.pt\/","robots":{"index":"noindex","follow":"follow"},"og_locale":"en_US","og_type":"article","og_title":"A Camisola Mais Valiosa do Mundo - donativo - Opera\u00e7\u00e3o Nariz Vermelho","og_description":"Fa\u00e7a o seu donativo em https:\/\/acamisolamaisvaliosadomundo.pt\/","og_url":"https:\/\/narizvermelho.pt\/en\/produto\/wc-donation-a-camisola-mais-valiosa\/","og_site_name":"Opera\u00e7\u00e3o Nariz Vermelho","article_publisher":"https:\/\/www.facebook.com\/NarizVermelho\/","article_modified_time":"2026-02-03T11:49:56+00:00","twitter_card":"summary_large_image","schema":{"@context":"https:\/\/schema.org","@graph":[{"@type":"WebPage","@id":"https:\/\/narizvermelho.pt\/en\/produto\/wc-donation-a-camisola-mais-valiosa\/","url":"https:\/\/narizvermelho.pt\/en\/produto\/wc-donation-a-camisola-mais-valiosa\/","name":"A Camisola Mais Valiosa do Mundo - donativo - Opera\u00e7\u00e3o Nariz Vermelho","isPartOf":{"@id":"https:\/\/narizvermelho.pt\/en\/#website"},"datePublished":"2023-11-24T08:23:57+00:00","dateModified":"2026-02-03T11:49:56+00:00","description":"Fa\u00e7a o seu donativo em https:\/\/acamisolamaisvaliosadomundo.pt\/","breadcrumb":{"@id":"https:\/\/narizvermelho.pt\/en\/produto\/wc-donation-a-camisola-mais-valiosa\/#breadcrumb"},"inLanguage":"en-US","potentialAction":[{"@type":"ReadAction","target":["https:\/\/narizvermelho.pt\/en\/produto\/wc-donation-a-camisola-mais-valiosa\/"]}]},{"@type":"BreadcrumbList","@id":"https:\/\/narizvermelho.pt\/en\/produto\/wc-donation-a-camisola-mais-valiosa\/#breadcrumb","itemListElement":[{"@type":"ListItem","position":1,"name":"In\u00edcio","item":"https:\/\/narizvermelho.pt\/en\/"},{"@type":"ListItem","position":2,"name":"Shop","item":"https:\/\/narizvermelho.pt\/en\/shop\/"},{"@type":"ListItem","position":3,"name":"A Camisola Mais Valiosa do Mundo &#8211; donativo"}]},{"@type":"WebSite","@id":"https:\/\/narizvermelho.pt\/en\/#website","url":"https:\/\/narizvermelho.pt\/en\/","name":"Opera\u00e7\u00e3o Nariz Vermelho","description":"Receitamos alegria \u00e0s crian\u00e7as hospitalizadas","publisher":{"@id":"https:\/\/narizvermelho.pt\/en\/#organization"},"potentialAction":[{"@type":"SearchAction","target":{"@type":"EntryPoint","urlTemplate":"https:\/\/narizvermelho.pt\/en\/?s={search_term_string}"},"query-input":{"@type":"PropertyValueSpecification","valueRequired":true,"valueName":"search_term_string"}}],"inLanguage":"en-US"},{"@type":"Organization","@id":"https:\/\/narizvermelho.pt\/en\/#organization","name":"Opera\u00e7\u00e3o Nariz Vermelho","url":"https:\/\/narizvermelho.pt\/en\/","logo":{"@type":"ImageObject","inLanguage":"en-US","@id":"https:\/\/narizvermelho.pt\/en\/#\/schema\/logo\/image\/","url":"https:\/\/narizvermelho.pt\/wp-content\/uploads\/2022\/05\/logo.svg","contentUrl":"https:\/\/narizvermelho.pt\/wp-content\/uploads\/2022\/05\/logo.svg","width":258,"height":93,"caption":"Opera\u00e7\u00e3o Nariz Vermelho"},"image":{"@id":"https:\/\/narizvermelho.pt\/en\/#\/schema\/logo\/image\/"},"sameAs":["https:\/\/www.facebook.com\/NarizVermelho\/"]}]}},"uagb_featured_image_src":{"full":false,"thumbnail":false,"medium":false,"medium_large":false,"large":false,"1536x1536":false,"2048x2048":false,"portfolio-thumb":false,"nectar_small_square":false,"portfolio-thumb_large":false,"portfolio-thumb_small":false,"portfolio-widget":false,"regular":false,"regular_photography":false,"regular_small":false,"regular_photography_small":false,"wide_tall":false,"wide_tall_photography":false,"wide_photography":false,"wide_photography_small":false,"large_featured":false,"medium_featured":false,"woocommerce_thumbnail":false,"woocommerce_single":false,"woocommerce_gallery_thumbnail":false},"uagb_author_info":{"display_name":"ONV Admin","author_link":"https:\/\/narizvermelho.pt\/en\/author\/"},"uagb_comment_info":0,"uagb_excerpt":"Fa\u00e7a o seu donativo em https:\/\/acamisolamaisvaliosadomundo.pt\/","jetpack_sharing_enabled":true,"_links":{"self":[{"href":"https:\/\/narizvermelho.pt\/en\/wp-json\/wp\/v2\/product\/11175","targetHints":{"allow":["GET"]}}],"collection":[{"href":"https:\/\/narizvermelho.pt\/en\/wp-json\/wp\/v2\/product"}],"about":[{"href":"https:\/\/narizvermelho.pt\/en\/wp-json\/wp\/v2\/types\/product"}],"replies":[{"embeddable":true,"href":"https:\/\/narizvermelho.pt\/en\/wp-json\/wp\/v2\/comments?post=11175"}],"wp:attachment":[{"href":"https:\/\/narizvermelho.pt\/en\/wp-json\/wp\/v2\/media?parent=11175"}],"wp:term":[{"taxonomy":"product_brand","embeddable":true,"href":"https:\/\/narizvermelho.pt\/en\/wp-json\/wp\/v2\/product_brand?post=11175"},{"taxonomy":"product_cat","embeddable":true,"href":"https:\/\/narizvermelho.pt\/en\/wp-json\/wp\/v2\/product_cat?post=11175"},{"taxonomy":"product_tag","embeddable":true,"href":"https:\/\/narizvermelho.pt\/en\/wp-json\/wp\/v2\/product_tag?post=11175"}],"curies":[{"name":"wp","href":"https:\/\/api.w.org\/{rel}","templated":true}]}}