{"id":13881,"date":"2022-08-10T09:48:42","date_gmt":"2022-08-10T09:48:42","guid":{"rendered":"https:\/\/narizvermelho.pt\/termos-e-condicoes\/"},"modified":"2024-10-23T09:26:31","modified_gmt":"2024-10-23T09:26:31","slug":"termos-e-condicoes","status":"publish","type":"page","link":"https:\/\/narizvermelho.pt\/en\/termos-e-condicoes\/","title":{"rendered":"Termos e Condi\u00e7\u00f5es"},"content":{"rendered":"<h2><\/h2>\n<h2>Pre\u00e7os e Pagamentos<\/h2>\n<p>Os pre\u00e7os apresentados na Lojinha ONV est\u00e3o sujeitos \u00e0 taxa de IVA em vigor e s\u00e3o v\u00e1lidos para o momento em que foi efetuada a compra.<br \/>\nEm caso de troca do produto por outro, aplica-se o valor do produto definitivo.<br \/>\nAs encomendas podem ser pagas via\u00a0<b>Multibanco,<\/b><b>\u00a0<i>PayPal<\/i><\/b>, bem como por\u00a0<b>Transfer\u00eancia Banc\u00e1ria<\/b>\u00a0para a conta da Opera\u00e7\u00e3o Nariz Vermelho com os seguintes dados:<\/p>\n<ul>\n<li>Banco: Millennium BCP<\/li>\n<li><a style=\"text-decoration: none; pointer-events: none; color: #333333 !important;\" href=\"#\"><span style=\"color: #333333 !important;\">Conta: 45222605323<\/span><\/a><\/li>\n<li>NIB: 003300004522260532305<\/li>\n<li>IBAN: PT50003300004522260532305<\/li>\n<\/ul>\n<p>Os comprovativos de pagamentos via Transfer\u00eancia Banc\u00e1ria devem ser enviados com a indica\u00e7\u00e3o do n\u00famero da sua encomenda, no descritivo, para o e-mail\u00a0<a href=\"mailto:lojinha@narizvermelho.pt\">lojinha@narizvermelho.pt<\/a>.<br \/>\nSe optar por pagamentos\u00a0online, tais como Multibanco ou\u00a0PayPal, o comprovativo ser\u00e1 emitido atrav\u00e9s das\u00a0respetivas entidades e ser\u00e1 inclu\u00eddo automaticamente no processo da sua encomenda.<br \/>\nProcessamos as encomendas num prazo de\u00a0<b>10\u00a0dias<\/b>\u00a0\u00fateis\u00a0\u00e0 data pretendida para a respectiva entrega,\u00a0sendo que s\u00f3 ap\u00f3s\u00a0a recep\u00e7\u00e3o do comprovativo de pagamento \u00e9 que ser\u00e1 poss\u00edvel dar seguimento \u00e0 encomenda.\u00a0Caso necessite que a entrega seja antecipada, entre em contacto connosco para averiguarmos essa disponibilidade.<br \/>\nEm caso de\u00a0rutura\u00a0de\u00a0<em>stock<\/em>\u00a0ou indisponibilidade do produto encomendado, poder\u00e1 solicitar a devolu\u00e7\u00e3o do valor pago ou um produto de substitui\u00e7\u00e3o.<br \/>\nPara os eventuais custos nos pagamentos, estes dever\u00e3o ser suportados pelo Cliente.<\/p>\n<h2>Faturas e Recibos<\/h2>\n<p>A respetiva fatura acompanhar\u00e1 o produto, ou ser\u00e1 enviada oportunamente para o e-mail indicado.<\/p>\n<h2>Meios de Envio<\/h2>\n<p>Na Lojinha ONV existe meio\u00a0de envio da\u00a0<strong>encomenda via transportadora Torrestir<\/strong>\u00a0para a morada indicada na encomenda ou entrega na nossa sede:<\/p>\n<ul>\n<li><strong>Levantamento no Escrit\u00f3rio:<\/strong>\u00a0Estamos localizados na seguinte morada:\u00a0Rua Jos\u00e9 Galhardo\u00a0N\u00ba 7, Cave Dta<br \/>\n1750-131\u00a0Lisboa.<\/li>\n<li>O nosso hor\u00e1rio de funcionamento \u00e9 das 10h00 \u00e0s 18h00, de segunda \u00e0 sexta, com hora de almo\u00e7o entre as 13h30 e as 14h30.<\/li>\n<\/ul>\n<p>Caso pretenda efetuar uma encomenda para fora de territ\u00f3rio portugu\u00eas por favor envie um e-mail para\u00a0<a href=\"mailto:lojinha@narizvermelho.pt\">lojinha@narizvermelho.pt<\/a>\u00a0para efeitos or\u00e7amentais.<\/p>\n<h2>Custos de Portes de Envio<\/h2>\n<p>Os portes de envio s\u00e3o\u00a0<strong>gratuitos<\/strong>, sem valor m\u00ednimo de\u00a0encomenda, gra\u00e7as ao apoio da Transportadora\u00a0<strong>Torrestir<\/strong>.<\/p>\n<h2>Como Comprar<\/h2>\n<p>Todos os produtos da Lojinha ONV est\u00e3o sujeitos \u00e0 disponibilidade de\u00a0<i>stock<\/i>.<br \/>\nPara comprar quaisquer artigos na nossa lojinha, clique em\u00a0<b>Adicionar ao Carrinho de Compras<\/b>\u00a0na respetiva p\u00e1gina do produto.<br \/>\nSempre que efetuar uma encomenda de um produto atrav\u00e9s do Carrinho de Compras, receber\u00e1 uma mensagem de correio eletr\u00f3nico de confirma\u00e7\u00e3o da sua encomenda e os respetivos detalhes.<br \/>\nUma compra \u00e9 considerada conclu\u00edda, quando visualizar no ecr\u00e3 a respetiva confirma\u00e7\u00e3o.<br \/>\nPoder\u00e1 consultar estes dados na sua conta da Lojinha ONV.<br \/>\nTodos os dados ser\u00e3o confidencialmente guardados na base de dados da Lojinha ONV, em conformidade com a nossa Pol\u00edtica de Privacidade.<\/p>\n<p><strong>Compet\u00eancia para Dirimir Lit\u00edgios de Consumo<\/strong><br \/>\n1. Em caso de lit\u00edgio de consumo, definido nos termos do disposto na\u00a0<strong>Lei n.\u00ba 144\/2015, de 8 de Setembro<\/strong>, o consumidor pode recorrer \u00e0 entidade de resolu\u00e7\u00e3o alternativa de lit\u00edgios de consumo competente.<br \/>\n2. Sem preju\u00edzo do disposto na legisla\u00e7\u00e3o, nos estatutos e nos regulamentos a que as entidades de resolu\u00e7\u00e3o alternativa de lit\u00edgios de consumo se encontram vinculadas, considera-se competente para dirimir o lit\u00edgio de consumo, a entidade de resolu\u00e7\u00e3o alternativa de lit\u00edgios de consumo do local da celebra\u00e7\u00e3o do contrato de compra e venda do bem ou da presta\u00e7\u00e3o de servi\u00e7os ou em alternativa a entidade de resolu\u00e7\u00e3o alternativa de compet\u00eancia especializada, caso exista para o setor em quest\u00e3o.<br \/>\n3. Caso n\u00e3o exista entidade de resolu\u00e7\u00e3o alternativa de lit\u00edgios com compet\u00eancia no local da celebra\u00e7\u00e3o do contrato ou a(s) existente(s) n\u00e3o se considere(m) competente(s) em raz\u00e3o do valor deste, o consumidor pode recorrer ao Centro Nacional de Informa\u00e7\u00e3o e Arbitragem de Conflitos de Consumo, sito em Lisboa, com o endere\u00e7o eletr\u00f3nico:\u00a0<a href=\"mailto:cniacc@unl.pt\" target=\"_blank\" rel=\"noopener\">cniacc@unl.pt<\/a>\u00a0e dispon\u00edvel na p\u00e1gina\u00a0<a href=\"http:\/\/www.arbitragemdeconsumo.org\/\" target=\"_blank\" rel=\"noopener\">http:\/\/www.arbitragemdeconsumo.org<\/a>.<\/p>\n<p>Mais informa\u00e7\u00f5es em &#8220;<a href=\"https:\/\/narizvermelho.pt\/resolucao-alternativa-de-litigios\/\" data-link-type=\"tree\" data-type=\"linkpicker\">Resolu\u00e7\u00e3o Alternativa de Lit\u00edgios de Consumo<\/a>&#8221;<\/p>\n<h2>Direitos Legais<\/h2>\n<p>Estes &#8220;Termos e Condi\u00e7\u00f5es&#8221; n\u00e3o afetam os direitos dos Clientes estabelecidos na legisla\u00e7\u00e3o em vigor.<\/p>\n<h2>Devolu\u00e7\u00f5es de Produtos e Cancelamento de Encomendas<\/h2>\n<p>Uma das nossas preocupa\u00e7\u00f5es consiste na satisfa\u00e7\u00e3o dos nossos clientes. Se por qualquer motivo ficar insatisfeito com os nossos produtos, poder\u00e1 cancelar a sua encomenda e devolver o(s) produto(s) num prazo at\u00e9 catorze dias \u00fateis ap\u00f3s a data da recep\u00e7\u00e3o da encomenda. Devolvemos o valor total dos produtos encomendados e devolvidos. \u00c9 da responsabilidade do cliente notificar-nos, dentro do per\u00edodo referenciado, por e-mail, fax ou carta de correio, da sua inten\u00e7\u00e3o de cancelamento. As mercadorias dever\u00e3o ser devolvidas em estado original e com a embalagem original. O custo da sua devolu\u00e7\u00e3o \u00e9 da nossa responsabilidade.<br \/>\nTodavia, est\u00e3o exclu\u00eddos os seguintes produtos de devolu\u00e7\u00f5es:<br \/>\nCDs, DVDs ou outros suportes com produtos \u00e1udio,v\u00eddeo, programas inform\u00e1ticos avulsos ou fornecidos com equipamento, que n\u00e3o apresentam o selo de garantia de inviolabilidade;<\/p>\n<h2 class=\"p1\">Condi\u00e7\u00f5es de D\u00e9bito Direto:<\/h2>\n<p>Caso opte por este m\u00e9todo de pagamento.<\/p>\n<ol>\n<li class=\"p1\">Ser\u00e1 debitado mensalmente na minha conta o valor acima indicado.<\/li>\n<li class=\"p1\">Autorizo a minha entidade banc\u00e1ria a debitar na minha conta acima indicada, por sistema de d\u00e9bito direto (SDD), a pedido da Opera\u00e7\u00e3o Nariz Vermelho, a import\u00e2ncia indicada.<\/li>\n<li class=\"p1\">Estou informado de que os d\u00e9bitos poder\u00e3o ser efetuados em datas distintas.<\/li>\n<li class=\"p1\">A Opera\u00e7\u00e3o Nariz Vermelho apenas poder\u00e1 alterar os montantes e dados contidos nesta ficha, ap\u00f3s uma informa\u00e7\u00e3o pr\u00e9via.<\/li>\n<li class=\"p1\">Informarei, por escrito, a minha entidade banc\u00e1ria e a Opera\u00e7\u00e3o Nariz Vermelho, com 10 dias de anteced\u00eancia da data de d\u00e9bito acordada, caso pretenda cancelar as instru\u00e7\u00f5es aqui indicadas.<\/li>\n<li class=\"p1\">Tenho conhecimento que, caso algum d\u00e9bito (SDD) n\u00e3o cumpra as instru\u00e7\u00f5es aqui indicadas, terei 30 dias \u00fateis para reclamar junto da minha entidade banc\u00e1ria, que me devolver\u00e1 os montantes em causa.<\/li>\n<li class=\"p1\">Esta modalidade de pagamento n\u00e3o trar\u00e1 ao novo Doador de Sorrisos qualquer tipo de encargo.<\/li>\n<li class=\"p1\">Tomei conhecimento que a Opera\u00e7\u00e3o Nariz Vermelho poder\u00e1 solicitar a assinatura da minha ficha de inscri\u00e7\u00e3o.<\/li>\n<li class=\"p1\">Autorizo expressamente a Opera\u00e7\u00e3o Nariz Vermelho \u2013 Portugal, direta ou indiretamente, a proceder ao tratamento inform\u00e1tico dos dados fornecidos e \u00e0 respetiva utiliza\u00e7\u00e3o no \u00e2mbito da sua atividade bem como ao seu cruzamento para fins estat\u00edsticos.<\/li>\n<li class=\"p1\">Tenho conhecimento do meu direito de aceder aos meus elementos, constantes na base de dados e a exigir a sua atualiza\u00e7\u00e3o, retifica\u00e7\u00e3o ou cancelamento.<\/li>\n<li class=\"p1\">\u00a0Os contactos recolhidos ser\u00e3o tratados informaticamente e de acordo com a legisla\u00e7\u00e3o sobre a prote\u00e7\u00e3o de dados. Constar\u00e3o da base de dados e ser\u00e3o utilizados para futuros envios de informa\u00e7\u00e3o.<\/li>\n<li class=\"p1\">Tenho conhecimento de que poderei adquirir junto do me banco, declara\u00e7\u00e3o com explica\u00e7\u00e3o dos meus direitos.<\/li>\n<\/ol>\n<p class=\"p1\">*Para efeitos da declara\u00e7\u00e3o de IRS o recibo dos donativos realizados ser\u00e1 enviado no in\u00edcio de cada ano fiscal.<\/p>\n","protected":false},"excerpt":{"rendered":"<p>Pre\u00e7os e Pagamentos Os pre\u00e7os apresentados na Lojinha ONV est\u00e3o sujeitos \u00e0 taxa de IVA em vigor e s\u00e3o v\u00e1lidos para o momento em que foi efetuada a compra. Em&#8230;<\/p>\n","protected":false},"author":1139,"featured_media":0,"parent":0,"menu_order":0,"comment_status":"closed","ping_status":"closed","template":"","meta":{"rs_blank_template":"","rs_page_bg_color":"","slide_template_v7":"","inline_featured_image":false,"_uag_custom_page_level_css":"","footnotes":""},"class_list":["post-13881","page","type-page","status-publish"],"yoast_head":"<!-- This site is optimized with the Yoast SEO plugin v27.3 - https:\/\/yoast.com\/product\/yoast-seo-wordpress\/ -->\n<title>Termos e Condi\u00e7\u00f5es - Opera\u00e7\u00e3o Nariz Vermelho<\/title>\n<meta name=\"description\" content=\"Pre\u00e7os e Pagamentos Os pre\u00e7os apresentados na Lojinha ONV est\u00e3o sujeitos \u00e0 taxa de IVA em vigor e s\u00e3o v\u00e1lidos para o momento em que foi efetuada a compra.\" \/>\n<meta name=\"robots\" content=\"index, follow, max-snippet:-1, max-image-preview:large, max-video-preview:-1\" \/>\n<link rel=\"canonical\" href=\"https:\/\/narizvermelho.pt\/en\/termos-e-condicoes\/\" \/>\n<meta property=\"og:locale\" content=\"en_US\" \/>\n<meta property=\"og:type\" content=\"article\" \/>\n<meta property=\"og:title\" content=\"Termos e Condi\u00e7\u00f5es - Opera\u00e7\u00e3o Nariz Vermelho\" \/>\n<meta property=\"og:description\" content=\"Pre\u00e7os e Pagamentos Os pre\u00e7os apresentados na Lojinha ONV est\u00e3o sujeitos \u00e0 taxa de IVA em vigor e s\u00e3o v\u00e1lidos para o momento em que foi efetuada a compra.\" \/>\n<meta property=\"og:url\" content=\"https:\/\/narizvermelho.pt\/en\/termos-e-condicoes\/\" \/>\n<meta property=\"og:site_name\" content=\"Opera\u00e7\u00e3o Nariz Vermelho\" \/>\n<meta property=\"article:publisher\" content=\"https:\/\/www.facebook.com\/NarizVermelho\/\" \/>\n<meta property=\"article:modified_time\" content=\"2024-10-23T09:26:31+00:00\" \/>\n<meta property=\"og:image\" content=\"https:\/\/narizvermelho.pt\/wp-content\/uploads\/2023\/03\/ONV_TermosCondicoes_FeatureImage.png\" \/>\n\t<meta property=\"og:image:width\" content=\"1200\" \/>\n\t<meta property=\"og:image:height\" content=\"628\" \/>\n\t<meta property=\"og:image:type\" content=\"image\/png\" \/>\n<meta name=\"twitter:card\" content=\"summary_large_image\" \/>\n<meta name=\"twitter:image\" content=\"https:\/\/narizvermelho.pt\/wp-content\/uploads\/2023\/03\/ONV_TermosCondicoes_FeatureImage.png\" \/>\n<meta name=\"twitter:label1\" content=\"Est. reading time\" \/>\n\t<meta name=\"twitter:data1\" content=\"5 minutes\" \/>\n<script type=\"application\/ld+json\" class=\"yoast-schema-graph\">{\"@context\":\"https:\\\/\\\/schema.org\",\"@graph\":[{\"@type\":\"WebPage\",\"@id\":\"https:\\\/\\\/narizvermelho.pt\\\/en\\\/termos-e-condicoes\\\/\",\"url\":\"https:\\\/\\\/narizvermelho.pt\\\/en\\\/termos-e-condicoes\\\/\",\"name\":\"Termos e Condi\u00e7\u00f5es - Opera\u00e7\u00e3o Nariz Vermelho\",\"isPartOf\":{\"@id\":\"https:\\\/\\\/narizvermelho.pt\\\/en\\\/#website\"},\"datePublished\":\"2022-08-10T09:48:42+00:00\",\"dateModified\":\"2024-10-23T09:26:31+00:00\",\"description\":\"Pre\u00e7os e Pagamentos Os pre\u00e7os apresentados na Lojinha ONV est\u00e3o sujeitos \u00e0 taxa de IVA em vigor e s\u00e3o v\u00e1lidos para o momento em que foi efetuada a compra.\",\"breadcrumb\":{\"@id\":\"https:\\\/\\\/narizvermelho.pt\\\/en\\\/termos-e-condicoes\\\/#breadcrumb\"},\"inLanguage\":\"en-US\",\"potentialAction\":[{\"@type\":\"ReadAction\",\"target\":[\"https:\\\/\\\/narizvermelho.pt\\\/en\\\/termos-e-condicoes\\\/\"]}]},{\"@type\":\"BreadcrumbList\",\"@id\":\"https:\\\/\\\/narizvermelho.pt\\\/en\\\/termos-e-condicoes\\\/#breadcrumb\",\"itemListElement\":[{\"@type\":\"ListItem\",\"position\":1,\"name\":\"In\u00edcio\",\"item\":\"https:\\\/\\\/narizvermelho.pt\\\/en\\\/\"},{\"@type\":\"ListItem\",\"position\":2,\"name\":\"Termos e Condi\u00e7\u00f5es\"}]},{\"@type\":\"WebSite\",\"@id\":\"https:\\\/\\\/narizvermelho.pt\\\/en\\\/#website\",\"url\":\"https:\\\/\\\/narizvermelho.pt\\\/en\\\/\",\"name\":\"Opera\u00e7\u00e3o Nariz Vermelho\",\"description\":\"Receitamos alegria \u00e0s crian\u00e7as hospitalizadas\",\"publisher\":{\"@id\":\"https:\\\/\\\/narizvermelho.pt\\\/en\\\/#organization\"},\"potentialAction\":[{\"@type\":\"SearchAction\",\"target\":{\"@type\":\"EntryPoint\",\"urlTemplate\":\"https:\\\/\\\/narizvermelho.pt\\\/en\\\/?s={search_term_string}\"},\"query-input\":{\"@type\":\"PropertyValueSpecification\",\"valueRequired\":true,\"valueName\":\"search_term_string\"}}],\"inLanguage\":\"en-US\"},{\"@type\":\"Organization\",\"@id\":\"https:\\\/\\\/narizvermelho.pt\\\/en\\\/#organization\",\"name\":\"Opera\u00e7\u00e3o Nariz Vermelho\",\"url\":\"https:\\\/\\\/narizvermelho.pt\\\/en\\\/\",\"logo\":{\"@type\":\"ImageObject\",\"inLanguage\":\"en-US\",\"@id\":\"https:\\\/\\\/narizvermelho.pt\\\/en\\\/#\\\/schema\\\/logo\\\/image\\\/\",\"url\":\"https:\\\/\\\/narizvermelho.pt\\\/wp-content\\\/uploads\\\/2022\\\/05\\\/logo.svg\",\"contentUrl\":\"https:\\\/\\\/narizvermelho.pt\\\/wp-content\\\/uploads\\\/2022\\\/05\\\/logo.svg\",\"width\":258,\"height\":93,\"caption\":\"Opera\u00e7\u00e3o Nariz Vermelho\"},\"image\":{\"@id\":\"https:\\\/\\\/narizvermelho.pt\\\/en\\\/#\\\/schema\\\/logo\\\/image\\\/\"},\"sameAs\":[\"https:\\\/\\\/www.facebook.com\\\/NarizVermelho\\\/\"]}]}<\/script>\n<!-- \/ Yoast SEO plugin. -->","yoast_head_json":{"title":"Termos e Condi\u00e7\u00f5es - Opera\u00e7\u00e3o Nariz Vermelho","description":"Pre\u00e7os e Pagamentos Os pre\u00e7os apresentados na Lojinha ONV est\u00e3o sujeitos \u00e0 taxa de IVA em vigor e s\u00e3o v\u00e1lidos para o momento em que foi efetuada a compra.","robots":{"index":"index","follow":"follow","max-snippet":"max-snippet:-1","max-image-preview":"max-image-preview:large","max-video-preview":"max-video-preview:-1"},"canonical":"https:\/\/narizvermelho.pt\/en\/termos-e-condicoes\/","og_locale":"en_US","og_type":"article","og_title":"Termos e Condi\u00e7\u00f5es - Opera\u00e7\u00e3o Nariz Vermelho","og_description":"Pre\u00e7os e Pagamentos Os pre\u00e7os apresentados na Lojinha ONV est\u00e3o sujeitos \u00e0 taxa de IVA em vigor e s\u00e3o v\u00e1lidos para o momento em que foi efetuada a compra.","og_url":"https:\/\/narizvermelho.pt\/en\/termos-e-condicoes\/","og_site_name":"Opera\u00e7\u00e3o Nariz Vermelho","article_publisher":"https:\/\/www.facebook.com\/NarizVermelho\/","article_modified_time":"2024-10-23T09:26:31+00:00","og_image":[{"width":1200,"height":628,"url":"https:\/\/narizvermelho.pt\/wp-content\/uploads\/2023\/03\/ONV_TermosCondicoes_FeatureImage.png","type":"image\/png"}],"twitter_card":"summary_large_image","twitter_image":"https:\/\/narizvermelho.pt\/wp-content\/uploads\/2023\/03\/ONV_TermosCondicoes_FeatureImage.png","twitter_misc":{"Est. reading time":"5 minutes"},"schema":{"@context":"https:\/\/schema.org","@graph":[{"@type":"WebPage","@id":"https:\/\/narizvermelho.pt\/en\/termos-e-condicoes\/","url":"https:\/\/narizvermelho.pt\/en\/termos-e-condicoes\/","name":"Termos e Condi\u00e7\u00f5es - Opera\u00e7\u00e3o Nariz Vermelho","isPartOf":{"@id":"https:\/\/narizvermelho.pt\/en\/#website"},"datePublished":"2022-08-10T09:48:42+00:00","dateModified":"2024-10-23T09:26:31+00:00","description":"Pre\u00e7os e Pagamentos Os pre\u00e7os apresentados na Lojinha ONV est\u00e3o sujeitos \u00e0 taxa de IVA em vigor e s\u00e3o v\u00e1lidos para o momento em que foi efetuada a compra.","breadcrumb":{"@id":"https:\/\/narizvermelho.pt\/en\/termos-e-condicoes\/#breadcrumb"},"inLanguage":"en-US","potentialAction":[{"@type":"ReadAction","target":["https:\/\/narizvermelho.pt\/en\/termos-e-condicoes\/"]}]},{"@type":"BreadcrumbList","@id":"https:\/\/narizvermelho.pt\/en\/termos-e-condicoes\/#breadcrumb","itemListElement":[{"@type":"ListItem","position":1,"name":"In\u00edcio","item":"https:\/\/narizvermelho.pt\/en\/"},{"@type":"ListItem","position":2,"name":"Termos e Condi\u00e7\u00f5es"}]},{"@type":"WebSite","@id":"https:\/\/narizvermelho.pt\/en\/#website","url":"https:\/\/narizvermelho.pt\/en\/","name":"Opera\u00e7\u00e3o Nariz Vermelho","description":"Receitamos alegria \u00e0s crian\u00e7as hospitalizadas","publisher":{"@id":"https:\/\/narizvermelho.pt\/en\/#organization"},"potentialAction":[{"@type":"SearchAction","target":{"@type":"EntryPoint","urlTemplate":"https:\/\/narizvermelho.pt\/en\/?s={search_term_string}"},"query-input":{"@type":"PropertyValueSpecification","valueRequired":true,"valueName":"search_term_string"}}],"inLanguage":"en-US"},{"@type":"Organization","@id":"https:\/\/narizvermelho.pt\/en\/#organization","name":"Opera\u00e7\u00e3o Nariz Vermelho","url":"https:\/\/narizvermelho.pt\/en\/","logo":{"@type":"ImageObject","inLanguage":"en-US","@id":"https:\/\/narizvermelho.pt\/en\/#\/schema\/logo\/image\/","url":"https:\/\/narizvermelho.pt\/wp-content\/uploads\/2022\/05\/logo.svg","contentUrl":"https:\/\/narizvermelho.pt\/wp-content\/uploads\/2022\/05\/logo.svg","width":258,"height":93,"caption":"Opera\u00e7\u00e3o Nariz Vermelho"},"image":{"@id":"https:\/\/narizvermelho.pt\/en\/#\/schema\/logo\/image\/"},"sameAs":["https:\/\/www.facebook.com\/NarizVermelho\/"]}]}},"uagb_featured_image_src":{"full":false,"thumbnail":false,"medium":false,"medium_large":false,"large":false,"1536x1536":false,"2048x2048":false,"portfolio-thumb":false,"nectar_small_square":false,"portfolio-thumb_large":false,"portfolio-thumb_small":false,"portfolio-widget":false,"regular":false,"regular_photography":false,"regular_small":false,"regular_photography_small":false,"wide_tall":false,"wide_tall_photography":false,"wide_photography":false,"wide_photography_small":false,"large_featured":false,"medium_featured":false,"woocommerce_thumbnail":false,"woocommerce_single":false,"woocommerce_gallery_thumbnail":false},"uagb_author_info":{"display_name":"ONV Admin","author_link":"https:\/\/narizvermelho.pt\/en\/author\/onvadmin\/"},"uagb_comment_info":0,"uagb_excerpt":"Pre\u00e7os e Pagamentos Os pre\u00e7os apresentados na Lojinha ONV est\u00e3o sujeitos \u00e0 taxa de IVA em vigor e s\u00e3o v\u00e1lidos para o momento em que foi efetuada a compra. Em...","jetpack_sharing_enabled":true,"_links":{"self":[{"href":"https:\/\/narizvermelho.pt\/en\/wp-json\/wp\/v2\/pages\/13881","targetHints":{"allow":["GET"]}}],"collection":[{"href":"https:\/\/narizvermelho.pt\/en\/wp-json\/wp\/v2\/pages"}],"about":[{"href":"https:\/\/narizvermelho.pt\/en\/wp-json\/wp\/v2\/types\/page"}],"author":[{"embeddable":true,"href":"https:\/\/narizvermelho.pt\/en\/wp-json\/wp\/v2\/users\/1139"}],"replies":[{"embeddable":true,"href":"https:\/\/narizvermelho.pt\/en\/wp-json\/wp\/v2\/comments?post=13881"}],"version-history":[{"count":3,"href":"https:\/\/narizvermelho.pt\/en\/wp-json\/wp\/v2\/pages\/13881\/revisions"}],"predecessor-version":[{"id":17807,"href":"https:\/\/narizvermelho.pt\/en\/wp-json\/wp\/v2\/pages\/13881\/revisions\/17807"}],"wp:attachment":[{"href":"https:\/\/narizvermelho.pt\/en\/wp-json\/wp\/v2\/media?parent=13881"}],"curies":[{"name":"wp","href":"https:\/\/api.w.org\/{rel}","templated":true}]}}