{"id":13879,"date":"2023-03-10T10:40:30","date_gmt":"2023-03-10T10:40:30","guid":{"rendered":"https:\/\/narizvermelho.pt\/socios\/"},"modified":"2025-10-30T14:21:32","modified_gmt":"2025-10-30T14:21:32","slug":"partners","status":"publish","type":"page","link":"https:\/\/narizvermelho.pt\/en\/partners\/","title":{"rendered":"Partners"},"content":{"rendered":"","protected":true},"excerpt":{"rendered":"","protected":true},"author":1139,"featured_media":0,"parent":0,"menu_order":0,"comment_status":"closed","ping_status":"closed","template":"","meta":{"inline_featured_image":false,"_uag_custom_page_level_css":"","footnotes":""},"class_list":["post-13879","page","type-page","status-publish","post-password-required"],"yoast_head":"<!-- This site is optimized with the Yoast SEO plugin v27.3 - https:\/\/yoast.com\/product\/yoast-seo-wordpress\/ -->\n<title>Partners - Opera\u00e7\u00e3o Nariz Vermelho<\/title>\n<meta name=\"robots\" content=\"index, follow, max-snippet:-1, max-image-preview:large, max-video-preview:-1\" \/>\n<link rel=\"canonical\" href=\"https:\/\/narizvermelho.pt\/en\/partners\/\" \/>\n<meta property=\"og:locale\" content=\"en_US\" \/>\n<meta property=\"og:type\" content=\"article\" \/>\n<meta property=\"og:title\" content=\"Partners - Opera\u00e7\u00e3o Nariz Vermelho\" \/>\n<meta property=\"og:url\" content=\"https:\/\/narizvermelho.pt\/en\/partners\/\" \/>\n<meta property=\"og:site_name\" content=\"Opera\u00e7\u00e3o Nariz Vermelho\" \/>\n<meta property=\"article:publisher\" content=\"https:\/\/www.facebook.com\/NarizVermelho\/\" \/>\n<meta property=\"article:modified_time\" content=\"2025-10-30T14:21:32+00:00\" \/>\n<meta name=\"twitter:card\" content=\"summary_large_image\" \/>\n<meta name=\"twitter:label1\" content=\"Est. reading time\" \/>\n\t<meta name=\"twitter:data1\" content=\"3 minutes\" \/>\n<script type=\"application\/ld+json\" class=\"yoast-schema-graph\">{\"@context\":\"https:\\\/\\\/schema.org\",\"@graph\":[{\"@type\":\"WebPage\",\"@id\":\"https:\\\/\\\/narizvermelho.pt\\\/en\\\/partners\\\/\",\"url\":\"https:\\\/\\\/narizvermelho.pt\\\/en\\\/partners\\\/\",\"name\":\"Partners - Opera\u00e7\u00e3o Nariz Vermelho\",\"isPartOf\":{\"@id\":\"https:\\\/\\\/narizvermelho.pt\\\/en\\\/#website\"},\"datePublished\":\"2023-03-10T10:40:30+00:00\",\"dateModified\":\"2025-10-30T14:21:32+00:00\",\"breadcrumb\":{\"@id\":\"https:\\\/\\\/narizvermelho.pt\\\/en\\\/partners\\\/#breadcrumb\"},\"inLanguage\":\"en-US\"},{\"@type\":\"WebSite\",\"@id\":\"https:\\\/\\\/narizvermelho.pt\\\/en\\\/#website\",\"url\":\"https:\\\/\\\/narizvermelho.pt\\\/en\\\/\",\"name\":\"Opera\u00e7\u00e3o Nariz Vermelho\",\"description\":\"Receitamos alegria \u00e0s crian\u00e7as hospitalizadas\",\"publisher\":{\"@id\":\"https:\\\/\\\/narizvermelho.pt\\\/en\\\/#organization\"},\"potentialAction\":[{\"@type\":\"SearchAction\",\"target\":{\"@type\":\"EntryPoint\",\"urlTemplate\":\"https:\\\/\\\/narizvermelho.pt\\\/en\\\/?s={search_term_string}\"},\"query-input\":{\"@type\":\"PropertyValueSpecification\",\"valueRequired\":true,\"valueName\":\"search_term_string\"}}],\"inLanguage\":\"en-US\"},{\"@type\":\"Organization\",\"@id\":\"https:\\\/\\\/narizvermelho.pt\\\/en\\\/#organization\",\"name\":\"Opera\u00e7\u00e3o Nariz Vermelho\",\"url\":\"https:\\\/\\\/narizvermelho.pt\\\/en\\\/\",\"logo\":{\"@type\":\"ImageObject\",\"inLanguage\":\"en-US\",\"@id\":\"https:\\\/\\\/narizvermelho.pt\\\/en\\\/#\\\/schema\\\/logo\\\/image\\\/\",\"url\":\"https:\\\/\\\/narizvermelho.pt\\\/wp-content\\\/uploads\\\/2022\\\/05\\\/logo.svg\",\"contentUrl\":\"https:\\\/\\\/narizvermelho.pt\\\/wp-content\\\/uploads\\\/2022\\\/05\\\/logo.svg\",\"width\":258,\"height\":93,\"caption\":\"Opera\u00e7\u00e3o Nariz Vermelho\"},\"image\":{\"@id\":\"https:\\\/\\\/narizvermelho.pt\\\/en\\\/#\\\/schema\\\/logo\\\/image\\\/\"},\"sameAs\":[\"https:\\\/\\\/www.facebook.com\\\/NarizVermelho\\\/\"]}]}<\/script>\n<!-- \/ Yoast SEO plugin. -->","yoast_head_json":{"title":"Partners - Opera\u00e7\u00e3o Nariz Vermelho","robots":{"index":"index","follow":"follow","max-snippet":"max-snippet:-1","max-image-preview":"max-image-preview:large","max-video-preview":"max-video-preview:-1"},"canonical":"https:\/\/narizvermelho.pt\/en\/partners\/","og_locale":"en_US","og_type":"article","og_title":"Partners - Opera\u00e7\u00e3o Nariz Vermelho","og_url":"https:\/\/narizvermelho.pt\/en\/partners\/","og_site_name":"Opera\u00e7\u00e3o Nariz Vermelho","article_publisher":"https:\/\/www.facebook.com\/NarizVermelho\/","article_modified_time":"2025-10-30T14:21:32+00:00","twitter_card":"summary_large_image","twitter_misc":{"Est. reading time":"3 minutes"},"schema":{"@context":"https:\/\/schema.org","@graph":[{"@type":"WebPage","@id":"https:\/\/narizvermelho.pt\/en\/partners\/","url":"https:\/\/narizvermelho.pt\/en\/partners\/","name":"Partners - Opera\u00e7\u00e3o Nariz Vermelho","isPartOf":{"@id":"https:\/\/narizvermelho.pt\/en\/#website"},"datePublished":"2023-03-10T10:40:30+00:00","dateModified":"2025-10-30T14:21:32+00:00","breadcrumb":{"@id":"https:\/\/narizvermelho.pt\/en\/partners\/#breadcrumb"},"inLanguage":"en-US"},{"@type":"WebSite","@id":"https:\/\/narizvermelho.pt\/en\/#website","url":"https:\/\/narizvermelho.pt\/en\/","name":"Opera\u00e7\u00e3o Nariz Vermelho","description":"Receitamos alegria \u00e0s crian\u00e7as hospitalizadas","publisher":{"@id":"https:\/\/narizvermelho.pt\/en\/#organization"},"potentialAction":[{"@type":"SearchAction","target":{"@type":"EntryPoint","urlTemplate":"https:\/\/narizvermelho.pt\/en\/?s={search_term_string}"},"query-input":{"@type":"PropertyValueSpecification","valueRequired":true,"valueName":"search_term_string"}}],"inLanguage":"en-US"},{"@type":"Organization","@id":"https:\/\/narizvermelho.pt\/en\/#organization","name":"Opera\u00e7\u00e3o Nariz Vermelho","url":"https:\/\/narizvermelho.pt\/en\/","logo":{"@type":"ImageObject","inLanguage":"en-US","@id":"https:\/\/narizvermelho.pt\/en\/#\/schema\/logo\/image\/","url":"https:\/\/narizvermelho.pt\/wp-content\/uploads\/2022\/05\/logo.svg","contentUrl":"https:\/\/narizvermelho.pt\/wp-content\/uploads\/2022\/05\/logo.svg","width":258,"height":93,"caption":"Opera\u00e7\u00e3o Nariz Vermelho"},"image":{"@id":"https:\/\/narizvermelho.pt\/en\/#\/schema\/logo\/image\/"},"sameAs":["https:\/\/www.facebook.com\/NarizVermelho\/"]}]}},"uagb_featured_image_src":{"full":false,"thumbnail":false,"medium":false,"medium_large":false,"large":false,"1536x1536":false,"2048x2048":false,"portfolio-thumb":false,"nectar_small_square":false,"portfolio-thumb_large":false,"portfolio-thumb_small":false,"portfolio-widget":false,"regular":false,"regular_photography":false,"regular_small":false,"regular_photography_small":false,"wide_tall":false,"wide_tall_photography":false,"wide_photography":false,"wide_photography_small":false,"large_featured":false,"medium_featured":false,"woocommerce_thumbnail":false,"woocommerce_single":false,"woocommerce_gallery_thumbnail":false},"uagb_author_info":{"display_name":"ONV Admin","author_link":"https:\/\/narizvermelho.pt\/en\/author\/onvadmin\/"},"uagb_comment_info":0,"uagb_excerpt":"There is no excerpt because this is a protected post.","jetpack_sharing_enabled":true,"_links":{"self":[{"href":"https:\/\/narizvermelho.pt\/en\/wp-json\/wp\/v2\/pages\/13879","targetHints":{"allow":["GET"]}}],"collection":[{"href":"https:\/\/narizvermelho.pt\/en\/wp-json\/wp\/v2\/pages"}],"about":[{"href":"https:\/\/narizvermelho.pt\/en\/wp-json\/wp\/v2\/types\/page"}],"author":[{"embeddable":true,"href":"https:\/\/narizvermelho.pt\/en\/wp-json\/wp\/v2\/users\/1139"}],"replies":[{"embeddable":true,"href":"https:\/\/narizvermelho.pt\/en\/wp-json\/wp\/v2\/comments?post=13879"}],"version-history":[{"count":2,"href":"https:\/\/narizvermelho.pt\/en\/wp-json\/wp\/v2\/pages\/13879\/revisions"}],"predecessor-version":[{"id":14307,"href":"https:\/\/narizvermelho.pt\/en\/wp-json\/wp\/v2\/pages\/13879\/revisions\/14307"}],"wp:attachment":[{"href":"https:\/\/narizvermelho.pt\/en\/wp-json\/wp\/v2\/media?parent=13879"}],"curies":[{"name":"wp","href":"https:\/\/api.w.org\/{rel}","templated":true}]}}